{"id":54000,"date":"2025-08-18T11:07:05","date_gmt":"2025-08-18T11:07:05","guid":{"rendered":"https:\/\/espacetriathlon.com\/product\/headband-ironman\/"},"modified":"2025-08-18T11:07:05","modified_gmt":"2025-08-18T11:07:05","slug":"headband-ironman","status":"publish","type":"product","link":"https:\/\/espacetriathlon.com\/de\/product\/headband-ironman\/","title":{"rendered":"Headband Ironman"},"content":{"rendered":"","protected":false},"excerpt":{"rendered":"<p>Breites, thermoregulierendes Sportstirnband, das bei kaltem Wetter optimal w\u00e4rmt und Schwei\u00df ableitet. Produkth\u00f6he: 8,5 cm <\/p>\n<p>Unisex<br \/>\nEine Gr\u00f6\u00dfe f\u00fcr alle<\/p>\n","protected":false},"featured_media":53990,"template":"","meta":[],"product_brand":[],"product_cat":[1712,301],"product_tag":[],"class_list":{"0":"post-54000","1":"product","2":"type-product","3":"status-publish","4":"has-post-thumbnail","6":"product_cat-accessories-tri-de-2","7":"product_cat-run-accessories-triathlon-de","8":"product_shipping_class-petitarticle-de","9":"pa_brand-compressport-de","10":"pa_color_n-black-de","11":"pa_color_n-white-de","13":"first","14":"instock","15":"shipping-taxable","16":"purchasable","17":"product-type-variable"},"_links":{"self":[{"href":"https:\/\/espacetriathlon.com\/de\/wp-json\/wp\/v2\/product\/54000","targetHints":{"allow":["GET"]}}],"collection":[{"href":"https:\/\/espacetriathlon.com\/de\/wp-json\/wp\/v2\/product"}],"about":[{"href":"https:\/\/espacetriathlon.com\/de\/wp-json\/wp\/v2\/types\/product"}],"version-history":[{"count":0,"href":"https:\/\/espacetriathlon.com\/de\/wp-json\/wp\/v2\/product\/54000\/revisions"}],"wp:featuredmedia":[{"embeddable":true,"href":"https:\/\/espacetriathlon.com\/de\/wp-json\/wp\/v2\/media\/53990"}],"wp:attachment":[{"href":"https:\/\/espacetriathlon.com\/de\/wp-json\/wp\/v2\/media?parent=54000"}],"wp:term":[{"taxonomy":"product_brand","embeddable":true,"href":"https:\/\/espacetriathlon.com\/de\/wp-json\/wp\/v2\/product_brand?post=54000"},{"taxonomy":"product_cat","embeddable":true,"href":"https:\/\/espacetriathlon.com\/de\/wp-json\/wp\/v2\/product_cat?post=54000"},{"taxonomy":"product_tag","embeddable":true,"href":"https:\/\/espacetriathlon.com\/de\/wp-json\/wp\/v2\/product_tag?post=54000"}],"curies":[{"name":"wp","href":"https:\/\/api.w.org\/{rel}","templated":true}]}}