{"id":54013,"date":"2025-08-18T11:14:55","date_gmt":"2025-08-18T11:14:55","guid":{"rendered":"https:\/\/espacetriathlon.com\/product\/5-panel-light-cap-ironman\/"},"modified":"2026-02-08T18:50:44","modified_gmt":"2026-02-08T18:50:44","slug":"5-panel-light-cap-ironman","status":"publish","type":"product","link":"https:\/\/espacetriathlon.com\/de\/product\/5-panel-light-cap-ironman\/","title":{"rendered":"5 Panel Light Cap Ironman"},"content":{"rendered":"","protected":false},"excerpt":{"rendered":"<p>Atmungsaktive, verstellbare Sportm\u00fctze, die auf Leistung ausgelegt ist und optimale Bel\u00fcftung und Stil f\u00fcr Training und Laufen bietet<\/p>\n<p>Unisex<br \/>\nEine Gr\u00f6\u00dfe passt<\/p>\n","protected":false},"featured_media":53978,"template":"","meta":[],"product_brand":[],"product_cat":[1712,301],"product_tag":[],"class_list":{"0":"post-54013","1":"product","2":"type-product","3":"status-publish","4":"has-post-thumbnail","6":"product_cat-accessories-tri-de-2","7":"product_cat-run-accessories-triathlon-de","8":"pa_brand-compressport-de","9":"pa_color_n-black-de","10":"pa_color_n-white-de","12":"first","13":"outofstock","14":"shipping-taxable","15":"purchasable","16":"product-type-variable"},"_links":{"self":[{"href":"https:\/\/espacetriathlon.com\/de\/wp-json\/wp\/v2\/product\/54013","targetHints":{"allow":["GET"]}}],"collection":[{"href":"https:\/\/espacetriathlon.com\/de\/wp-json\/wp\/v2\/product"}],"about":[{"href":"https:\/\/espacetriathlon.com\/de\/wp-json\/wp\/v2\/types\/product"}],"version-history":[{"count":0,"href":"https:\/\/espacetriathlon.com\/de\/wp-json\/wp\/v2\/product\/54013\/revisions"}],"wp:featuredmedia":[{"embeddable":true,"href":"https:\/\/espacetriathlon.com\/de\/wp-json\/wp\/v2\/media\/53978"}],"wp:attachment":[{"href":"https:\/\/espacetriathlon.com\/de\/wp-json\/wp\/v2\/media?parent=54013"}],"wp:term":[{"taxonomy":"product_brand","embeddable":true,"href":"https:\/\/espacetriathlon.com\/de\/wp-json\/wp\/v2\/product_brand?post=54013"},{"taxonomy":"product_cat","embeddable":true,"href":"https:\/\/espacetriathlon.com\/de\/wp-json\/wp\/v2\/product_cat?post=54013"},{"taxonomy":"product_tag","embeddable":true,"href":"https:\/\/espacetriathlon.com\/de\/wp-json\/wp\/v2\/product_tag?post=54013"}],"curies":[{"name":"wp","href":"https:\/\/api.w.org\/{rel}","templated":true}]}}