{"id":54031,"date":"2025-08-18T11:19:32","date_gmt":"2025-08-18T11:19:32","guid":{"rendered":"https:\/\/espacetriathlon.com\/product\/r2-3-0-calf-sleeves-2025-ironman\/"},"modified":"2025-08-18T11:19:32","modified_gmt":"2025-08-18T11:19:32","slug":"r2-3-0-calf-sleeves-2025-ironman","status":"publish","type":"product","link":"https:\/\/espacetriathlon.com\/de\/product\/r2-3-0-calf-sleeves-2025-ironman\/","title":{"rendered":"R2 3.0 Calf Sleeves 2025 Ironman"},"content":{"rendered":"","protected":false},"excerpt":{"rendered":"<p>Die Weiterentwicklung unserer legend\u00e4ren R2v2-Kompressionsstr\u00fcmpfe f\u00fcr die Waden, die f\u00fcr mehr Stabilit\u00e4t sorgen und St\u00f6\u00dfe d\u00e4mpfen, egal wo Sie laufen.<\/p>\n","protected":false},"featured_media":53974,"template":"","meta":[],"product_brand":[],"product_cat":[1712,301],"product_tag":[],"class_list":{"0":"post-54031","1":"product","2":"type-product","3":"status-publish","4":"has-post-thumbnail","6":"product_cat-accessories-tri-de-2","7":"product_cat-run-accessories-triathlon-de","8":"product_shipping_class-petitarticle-de","9":"pa_brand-compressport-de","10":"pa_size_compressport-t1-35-38-de","11":"pa_size_compressport-t2-39-41-de","12":"pa_size_compressport-t3-42-44-de","13":"pa_size_compressport-t4-45-48-de","15":"first","16":"instock","17":"shipping-taxable","18":"purchasable","19":"product-type-variable"},"_links":{"self":[{"href":"https:\/\/espacetriathlon.com\/de\/wp-json\/wp\/v2\/product\/54031","targetHints":{"allow":["GET"]}}],"collection":[{"href":"https:\/\/espacetriathlon.com\/de\/wp-json\/wp\/v2\/product"}],"about":[{"href":"https:\/\/espacetriathlon.com\/de\/wp-json\/wp\/v2\/types\/product"}],"version-history":[{"count":0,"href":"https:\/\/espacetriathlon.com\/de\/wp-json\/wp\/v2\/product\/54031\/revisions"}],"wp:featuredmedia":[{"embeddable":true,"href":"https:\/\/espacetriathlon.com\/de\/wp-json\/wp\/v2\/media\/53974"}],"wp:attachment":[{"href":"https:\/\/espacetriathlon.com\/de\/wp-json\/wp\/v2\/media?parent=54031"}],"wp:term":[{"taxonomy":"product_brand","embeddable":true,"href":"https:\/\/espacetriathlon.com\/de\/wp-json\/wp\/v2\/product_brand?post=54031"},{"taxonomy":"product_cat","embeddable":true,"href":"https:\/\/espacetriathlon.com\/de\/wp-json\/wp\/v2\/product_cat?post=54031"},{"taxonomy":"product_tag","embeddable":true,"href":"https:\/\/espacetriathlon.com\/de\/wp-json\/wp\/v2\/product_tag?post=54031"}],"curies":[{"name":"wp","href":"https:\/\/api.w.org\/{rel}","templated":true}]}}