{"id":54137,"date":"2025-08-18T12:31:11","date_gmt":"2025-08-18T12:31:11","guid":{"rendered":"https:\/\/espacetriathlon.com\/product\/pro-racing-socks-v4-0-ultralight-run-low-shadow-lime-black\/"},"modified":"2025-08-18T12:31:11","modified_gmt":"2025-08-18T12:31:11","slug":"pro-racing-socks-v4-0-ultralight-run-low-shadow-lime-black","status":"publish","type":"product","link":"https:\/\/espacetriathlon.com\/de\/product\/pro-racing-socks-v4-0-ultralight-run-low-shadow-lime-black\/","title":{"rendered":"Pro Racing Socks V4.0 Ultralight Run Low &#8211; Shadow Lime\/Black"},"content":{"rendered":"","protected":false},"excerpt":{"rendered":"<p>Ultraleichte, niedrig geschnittene Laufsocken f\u00fcr maximale Bel\u00fcftung, Thermoregulation und Leistung bei hei\u00dfen Bedingungen.<\/p>\n","protected":false},"featured_media":54129,"template":"","meta":[],"product_brand":[],"product_cat":[1712,301],"product_tag":[],"class_list":{"0":"post-54137","1":"product","2":"type-product","3":"status-publish","4":"has-post-thumbnail","6":"product_cat-accessories-tri-de-2","7":"product_cat-run-accessories-triathlon-de","8":"product_shipping_class-petitarticle-de","9":"pa_brand-compressport-de","10":"pa_size_compressport-t1-35-38-de","11":"pa_size_compressport-t2-39-41-de","12":"pa_size_compressport-t3-42-44-de","13":"pa_size_compressport-t4-45-48-de","15":"first","16":"instock","17":"shipping-taxable","18":"purchasable","19":"product-type-variable"},"_links":{"self":[{"href":"https:\/\/espacetriathlon.com\/de\/wp-json\/wp\/v2\/product\/54137","targetHints":{"allow":["GET"]}}],"collection":[{"href":"https:\/\/espacetriathlon.com\/de\/wp-json\/wp\/v2\/product"}],"about":[{"href":"https:\/\/espacetriathlon.com\/de\/wp-json\/wp\/v2\/types\/product"}],"version-history":[{"count":0,"href":"https:\/\/espacetriathlon.com\/de\/wp-json\/wp\/v2\/product\/54137\/revisions"}],"wp:featuredmedia":[{"embeddable":true,"href":"https:\/\/espacetriathlon.com\/de\/wp-json\/wp\/v2\/media\/54129"}],"wp:attachment":[{"href":"https:\/\/espacetriathlon.com\/de\/wp-json\/wp\/v2\/media?parent=54137"}],"wp:term":[{"taxonomy":"product_brand","embeddable":true,"href":"https:\/\/espacetriathlon.com\/de\/wp-json\/wp\/v2\/product_brand?post=54137"},{"taxonomy":"product_cat","embeddable":true,"href":"https:\/\/espacetriathlon.com\/de\/wp-json\/wp\/v2\/product_cat?post=54137"},{"taxonomy":"product_tag","embeddable":true,"href":"https:\/\/espacetriathlon.com\/de\/wp-json\/wp\/v2\/product_tag?post=54137"}],"curies":[{"name":"wp","href":"https:\/\/api.w.org\/{rel}","templated":true}]}}