{"id":54801,"date":"2025-08-24T10:14:39","date_gmt":"2025-08-24T10:14:39","guid":{"rendered":"https:\/\/espacetriathlon.com\/product\/microfiber-towel\/"},"modified":"2025-08-24T10:14:39","modified_gmt":"2025-08-24T10:14:39","slug":"microfiber-towel","status":"publish","type":"product","link":"https:\/\/espacetriathlon.com\/de\/product\/microfiber-towel\/","title":{"rendered":"Microfiber Towel"},"content":{"rendered":"<p>Gro\u00dfes, extrem leichtes und saugf\u00e4higes Sporthandtuch<br \/>\n\u00c4u\u00dferst leichte, saugf\u00e4hige und weiche Mikrofaser. Das Hauptmaterial dieses Produkts ist nach dem Global Recycle Standard zertifiziert.<br \/>\n  Extra d\u00fcnn, ideal zum Mitnehmen. Leicht zu falten und mit einem Gummiband zur einfachen Aufbewahrung. Abmessungen: 150 x 90 cm<br \/>\n Ideal f\u00fcr Schwimmbad, Sport und Reisen<br \/>\n 90% Polyester, 10% Polyamid (umweltfreundlich: 100% des Polyesters werden recycelt)  <\/p>\n","protected":false},"excerpt":{"rendered":"<p>150 x 90<br \/>\nArena<\/p>\n","protected":false},"featured_media":54795,"template":"","meta":[],"product_brand":[],"product_cat":[280],"product_tag":[],"class_list":{"0":"post-54801","1":"product","2":"type-product","3":"status-publish","4":"has-post-thumbnail","6":"product_cat-accessories-swims-de","7":"pa_brand-arena-de-2","8":"pa_color_n-navy-de","9":"pa_color_n-pink-de","10":"pa_color_n-sage-de","11":"pa_color_n-yellow-de","13":"first","14":"instock","15":"shipping-taxable","16":"purchasable","17":"product-type-variable"},"_links":{"self":[{"href":"https:\/\/espacetriathlon.com\/de\/wp-json\/wp\/v2\/product\/54801","targetHints":{"allow":["GET"]}}],"collection":[{"href":"https:\/\/espacetriathlon.com\/de\/wp-json\/wp\/v2\/product"}],"about":[{"href":"https:\/\/espacetriathlon.com\/de\/wp-json\/wp\/v2\/types\/product"}],"version-history":[{"count":0,"href":"https:\/\/espacetriathlon.com\/de\/wp-json\/wp\/v2\/product\/54801\/revisions"}],"wp:featuredmedia":[{"embeddable":true,"href":"https:\/\/espacetriathlon.com\/de\/wp-json\/wp\/v2\/media\/54795"}],"wp:attachment":[{"href":"https:\/\/espacetriathlon.com\/de\/wp-json\/wp\/v2\/media?parent=54801"}],"wp:term":[{"taxonomy":"product_brand","embeddable":true,"href":"https:\/\/espacetriathlon.com\/de\/wp-json\/wp\/v2\/product_brand?post=54801"},{"taxonomy":"product_cat","embeddable":true,"href":"https:\/\/espacetriathlon.com\/de\/wp-json\/wp\/v2\/product_cat?post=54801"},{"taxonomy":"product_tag","embeddable":true,"href":"https:\/\/espacetriathlon.com\/de\/wp-json\/wp\/v2\/product_tag?post=54801"}],"curies":[{"name":"wp","href":"https:\/\/api.w.org\/{rel}","templated":true}]}}