{"id":54835,"date":"2025-08-24T10:35:23","date_gmt":"2025-08-24T10:35:23","guid":{"rendered":"https:\/\/espacetriathlon.com\/product\/cobra-edge-swipe-mirror\/"},"modified":"2025-08-24T10:35:23","modified_gmt":"2025-08-24T10:35:23","slug":"cobra-edge-swipe-mirror","status":"publish","type":"product","link":"https:\/\/espacetriathlon.com\/de\/product\/cobra-edge-swipe-mirror\/","title":{"rendered":"Cobra Edge Swipe Mirror"},"content":{"rendered":"","protected":false},"excerpt":{"rendered":"<p>Diese verspiegelte Wettkampfschwimmbrille bietet eine unschlagbare Kombination aus Technologie, Passform und optimaler Sicht. Mit innovativer Swipe Anti-Beschlag-Technologie.<br \/>\nSwipe: der beste Schutz gegen Beschlagen. Der Schutz h\u00e4lt zehnmal l\u00e4nger an und kann durch Reiben der Innenseite der Scheibe mit dem Finger reaktiviert werden.<br \/>\nSpezielle Scheibenform f\u00fcr verbesserte Sicht nach oben und zur Seite. Hydrodynamisches, schlankes Design. F\u00fcnf austauschbare Nasenstege. Doppeltes Kopfband. UV-Schutz.<br \/>\nApproved by WORLD AQUATICS<br \/>\nDiese Schwimmbrille mit halbdunklen Gl\u00e4sern ist f\u00fcr alle Einsatzbereiche, unterschiedliche Lichtverh\u00e4ltnisse und mittlere Helligkeit geeignet.      <\/p>\n","protected":false},"featured_media":54813,"template":"","meta":[],"product_brand":[],"product_cat":[283],"product_tag":[],"class_list":{"0":"post-54835","1":"product","2":"type-product","3":"status-publish","4":"has-post-thumbnail","6":"product_cat-goggles-de","7":"pa_brand-arena-de-2","8":"pa_cobra-emerald-peacock-de","9":"pa_cobra-emerald-plum-lime-de","10":"pa_cobra-gold-white-black-de","11":"pa_cobra-violet-white-black-de","13":"first","14":"instock","15":"sale","16":"shipping-taxable","17":"purchasable","18":"product-type-variable"},"_links":{"self":[{"href":"https:\/\/espacetriathlon.com\/de\/wp-json\/wp\/v2\/product\/54835","targetHints":{"allow":["GET"]}}],"collection":[{"href":"https:\/\/espacetriathlon.com\/de\/wp-json\/wp\/v2\/product"}],"about":[{"href":"https:\/\/espacetriathlon.com\/de\/wp-json\/wp\/v2\/types\/product"}],"version-history":[{"count":0,"href":"https:\/\/espacetriathlon.com\/de\/wp-json\/wp\/v2\/product\/54835\/revisions"}],"wp:featuredmedia":[{"embeddable":true,"href":"https:\/\/espacetriathlon.com\/de\/wp-json\/wp\/v2\/media\/54813"}],"wp:attachment":[{"href":"https:\/\/espacetriathlon.com\/de\/wp-json\/wp\/v2\/media?parent=54835"}],"wp:term":[{"taxonomy":"product_brand","embeddable":true,"href":"https:\/\/espacetriathlon.com\/de\/wp-json\/wp\/v2\/product_brand?post=54835"},{"taxonomy":"product_cat","embeddable":true,"href":"https:\/\/espacetriathlon.com\/de\/wp-json\/wp\/v2\/product_cat?post=54835"},{"taxonomy":"product_tag","embeddable":true,"href":"https:\/\/espacetriathlon.com\/de\/wp-json\/wp\/v2\/product_tag?post=54835"}],"curies":[{"name":"wp","href":"https:\/\/api.w.org\/{rel}","templated":true}]}}