{"id":55113,"date":"2025-08-26T15:36:24","date_gmt":"2025-08-26T15:36:24","guid":{"rendered":"https:\/\/espacetriathlon.com\/product\/swim-snorkel\/"},"modified":"2025-08-26T15:36:24","modified_gmt":"2025-08-26T15:36:24","slug":"swim-snorkel","status":"publish","type":"product","link":"https:\/\/espacetriathlon.com\/de\/product\/swim-snorkel\/","title":{"rendered":"Swim Snorkel"},"content":{"rendered":"","protected":false},"excerpt":{"rendered":"<p>  Erm\u00f6glicht es Ihnen, unter Wasser zu atmen, damit Sie sich auf Ihre Schwimmtechnik konzentrieren k\u00f6nnen.<br \/>\n  Das Ausatemventil verhindert, dass Sie Wasser einatmen.<br \/>\n  Weiches, hypoallergenes Mundst\u00fcck, flexibles und verstellbares Kopfband.<br \/>\n  Ideal f\u00fcr regelm\u00e4\u00dfige Schwimmer und Wettkampfschwimmer.<\/p>\n","protected":false},"featured_media":55107,"template":"","meta":[],"product_brand":[],"product_cat":[289],"product_tag":[],"class_list":{"0":"post-55113","1":"product","2":"type-product","3":"status-publish","4":"has-post-thumbnail","6":"product_cat-snorkels-de","7":"pa_brand-arena-de-2","8":"pa_color_n-black-de","9":"pa_color_n-sage-de","11":"first","12":"instock","13":"shipping-taxable","14":"purchasable","15":"product-type-variable"},"_links":{"self":[{"href":"https:\/\/espacetriathlon.com\/de\/wp-json\/wp\/v2\/product\/55113","targetHints":{"allow":["GET"]}}],"collection":[{"href":"https:\/\/espacetriathlon.com\/de\/wp-json\/wp\/v2\/product"}],"about":[{"href":"https:\/\/espacetriathlon.com\/de\/wp-json\/wp\/v2\/types\/product"}],"version-history":[{"count":0,"href":"https:\/\/espacetriathlon.com\/de\/wp-json\/wp\/v2\/product\/55113\/revisions"}],"wp:featuredmedia":[{"embeddable":true,"href":"https:\/\/espacetriathlon.com\/de\/wp-json\/wp\/v2\/media\/55107"}],"wp:attachment":[{"href":"https:\/\/espacetriathlon.com\/de\/wp-json\/wp\/v2\/media?parent=55113"}],"wp:term":[{"taxonomy":"product_brand","embeddable":true,"href":"https:\/\/espacetriathlon.com\/de\/wp-json\/wp\/v2\/product_brand?post=55113"},{"taxonomy":"product_cat","embeddable":true,"href":"https:\/\/espacetriathlon.com\/de\/wp-json\/wp\/v2\/product_cat?post=55113"},{"taxonomy":"product_tag","embeddable":true,"href":"https:\/\/espacetriathlon.com\/de\/wp-json\/wp\/v2\/product_tag?post=55113"}],"curies":[{"name":"wp","href":"https:\/\/api.w.org\/{rel}","templated":true}]}}