{"id":55861,"date":"2025-09-17T15:33:46","date_gmt":"2025-09-17T15:33:46","guid":{"rendered":"https:\/\/espacetriathlon.com\/product\/men-vitalis-high-visibility\/"},"modified":"2025-09-17T15:33:46","modified_gmt":"2025-09-17T15:33:46","slug":"men-vitalis-high-visibility","status":"publish","type":"product","link":"https:\/\/espacetriathlon.com\/de\/product\/men-vitalis-high-visibility\/","title":{"rendered":"Men Vitalis High Visibility"},"content":{"rendered":"<p>Hohe Sichtbarkeit<br \/>\nF\u00fcr ein H\u00f6chstma\u00df an Sicherheit im Wasser wurde der HI-VIS mit einer hochsichtbaren orangen Farbe entworfen, die es Booten, Surfern und anderen Schwimmern leicht macht, Sie zu lokalisieren, w\u00e4hrend Sie im offenen Wasser schwimmen.<br \/>\nElastizit\u00e4t:<br \/>\nDie hochelastischen Materialien, die in diesem Neoprenanzug verwendet werden, bieten Ihnen mehr Flexibilit\u00e4t beim Schwimmen<\/p>\n","protected":false},"excerpt":{"rendered":"<p>Die Openwater Vitalis Hi-Vis wurde speziell f\u00fcr das sichere Schwimmen und Training im offenen Wasser entwickelt und bietet dank ihrer orangefarbenen Paneele, die sich von der Farbe des Meeres abheben, maximale Sichtbarkeit. Au\u00dferdem bietet sie den n\u00f6tigen W\u00e4rmekomfort, um die ideale K\u00f6rpertemperatur zu halten, ohne die Bewegungsfreiheit einzuschr\u00e4nken. <\/p>\n","protected":false},"featured_media":55830,"template":"","meta":[],"product_brand":[],"product_cat":[271],"product_tag":[],"class_list":{"0":"post-55861","1":"product","2":"type-product","3":"status-publish","4":"has-post-thumbnail","6":"product_cat-openwater-de","7":"pa_brand-orca-de","8":"pa_taille-orca-h-t5-162-172-cm-61-66-kg-de","9":"pa_taille-orca-h-t6-167-175-cm-67-75-kg-de","10":"pa_taille-orca-h-tmt-177-190-cm-68-76-kg","11":"pa_taille-orca-h-t7-173-185-cm-75-82-kg-de","12":"pa_taille-orca-h-t8-180-188-cm-82-89-kg-de","13":"pa_taille-orca-h-t9-185-193-cm-89-97-kg-de","14":"pa_taille-orca-h-t10-190-196-cm-98-109-kg-de","16":"first","17":"instock","18":"sale","19":"shipping-taxable","20":"purchasable","21":"product-type-variable"},"_links":{"self":[{"href":"https:\/\/espacetriathlon.com\/de\/wp-json\/wp\/v2\/product\/55861","targetHints":{"allow":["GET"]}}],"collection":[{"href":"https:\/\/espacetriathlon.com\/de\/wp-json\/wp\/v2\/product"}],"about":[{"href":"https:\/\/espacetriathlon.com\/de\/wp-json\/wp\/v2\/types\/product"}],"version-history":[{"count":0,"href":"https:\/\/espacetriathlon.com\/de\/wp-json\/wp\/v2\/product\/55861\/revisions"}],"wp:featuredmedia":[{"embeddable":true,"href":"https:\/\/espacetriathlon.com\/de\/wp-json\/wp\/v2\/media\/55830"}],"wp:attachment":[{"href":"https:\/\/espacetriathlon.com\/de\/wp-json\/wp\/v2\/media?parent=55861"}],"wp:term":[{"taxonomy":"product_brand","embeddable":true,"href":"https:\/\/espacetriathlon.com\/de\/wp-json\/wp\/v2\/product_brand?post=55861"},{"taxonomy":"product_cat","embeddable":true,"href":"https:\/\/espacetriathlon.com\/de\/wp-json\/wp\/v2\/product_cat?post=55861"},{"taxonomy":"product_tag","embeddable":true,"href":"https:\/\/espacetriathlon.com\/de\/wp-json\/wp\/v2\/product_tag?post=55861"}],"curies":[{"name":"wp","href":"https:\/\/api.w.org\/{rel}","templated":true}]}}