{"id":56409,"date":"2025-10-01T07:10:35","date_gmt":"2025-10-01T07:10:35","guid":{"rendered":"https:\/\/espacetriathlon.com\/product\/optische-schutzbrille-mariner\/"},"modified":"2025-10-01T07:19:21","modified_gmt":"2025-10-01T07:19:21","slug":"optische-schutzbrille-mariner","status":"publish","type":"product","link":"https:\/\/espacetriathlon.com\/de\/product\/optische-schutzbrille-mariner\/","title":{"rendered":"Optische Schutzbrille Mariner"},"content":{"rendered":"<p>Kit<\/p>\n<p>Anti-uv<\/p>\n<p>Antifog<\/p>\n","protected":false},"excerpt":{"rendered":"<p>Optische Schutzbrille f\u00fcr Menschen mit Kurzsichtigkeit. W\u00e4hlen Sie die notwendigen Korrekturen f\u00fcr beide Gl\u00e4ser. Die Brille ist einfach zu montieren.  <\/p>\n<p>Speedo<br \/>\nBitte geben Sie bei der Bestellung die gew\u00fcnschte Dioptrie an (linkes und rechtes Auge).<\/p>\n<p>Verf\u00fcgbare Dioptrien : 0.0 -1.5 -2.0 -2.5 -3.0 -3.5 -4.0 -4.5 -5.0 -5.5 -6.0 -7.0 -8.0<\/p>\n<p>&nbsp;<\/p>\n","protected":false},"featured_media":56400,"template":"","meta":[],"product_brand":[],"product_cat":[283],"product_tag":[],"class_list":{"0":"post-56409","1":"product","2":"type-product","3":"status-publish","4":"has-post-thumbnail","6":"product_cat-goggles-de","7":"pa_brand-speedo-de","9":"first","10":"instock","11":"shipping-taxable","12":"purchasable","13":"product-type-simple"},"_links":{"self":[{"href":"https:\/\/espacetriathlon.com\/de\/wp-json\/wp\/v2\/product\/56409","targetHints":{"allow":["GET"]}}],"collection":[{"href":"https:\/\/espacetriathlon.com\/de\/wp-json\/wp\/v2\/product"}],"about":[{"href":"https:\/\/espacetriathlon.com\/de\/wp-json\/wp\/v2\/types\/product"}],"version-history":[{"count":1,"href":"https:\/\/espacetriathlon.com\/de\/wp-json\/wp\/v2\/product\/56409\/revisions"}],"predecessor-version":[{"id":56417,"href":"https:\/\/espacetriathlon.com\/de\/wp-json\/wp\/v2\/product\/56409\/revisions\/56417"}],"wp:featuredmedia":[{"embeddable":true,"href":"https:\/\/espacetriathlon.com\/de\/wp-json\/wp\/v2\/media\/56400"}],"wp:attachment":[{"href":"https:\/\/espacetriathlon.com\/de\/wp-json\/wp\/v2\/media?parent=56409"}],"wp:term":[{"taxonomy":"product_brand","embeddable":true,"href":"https:\/\/espacetriathlon.com\/de\/wp-json\/wp\/v2\/product_brand?post=56409"},{"taxonomy":"product_cat","embeddable":true,"href":"https:\/\/espacetriathlon.com\/de\/wp-json\/wp\/v2\/product_cat?post=56409"},{"taxonomy":"product_tag","embeddable":true,"href":"https:\/\/espacetriathlon.com\/de\/wp-json\/wp\/v2\/product_tag?post=56409"}],"curies":[{"name":"wp","href":"https:\/\/api.w.org\/{rel}","templated":true}]}}