{"id":56694,"date":"2025-10-05T18:09:36","date_gmt":"2025-10-05T18:09:36","guid":{"rendered":"https:\/\/espacetriathlon.com\/product\/frauen-vitalis-thermal-openwater\/"},"modified":"2025-10-05T18:09:36","modified_gmt":"2025-10-05T18:09:36","slug":"frauen-vitalis-thermal-openwater","status":"publish","type":"product","link":"https:\/\/espacetriathlon.com\/de\/product\/frauen-vitalis-thermal-openwater\/","title":{"rendered":"Frauen Vitalis Thermal Openwater"},"content":{"rendered":"<p>Thermischer Komfort<br \/>\nDie hervorragenden thermischen Eigenschaften dieses Neoprenanzugs wurden durch seine Konstruktion aus bis zu 5 mm dicken Paneelen in Verbindung mit dem Thermal X-Innenfutter erreicht. Au\u00dferdem verhindert seine &#8220;Batwing&#8221;-Kapuze das Eindringen von kaltem Wasser durch den Hals- und Rei\u00dfverschlussbereich und sorgt so f\u00fcr eine bessere Erhaltung der K\u00f6rperw\u00e4rme.<x id=\"gid_1\"><\/x>Elastizit\u00e4t<x id=\"gid_2\"><\/x>Die Technologien 39+ und 39FS sind in den Schultern und Unterarmen eingearbeitet, um die Elastizit\u00e4t dieses Neoprenanzugs zu verbessern.<x id=\"gid_3\"><\/x>Hoher und neutraler Auftrieb<x id=\"gid_4\"><\/x>Die dicken Paneele im Rumpf sorgen f\u00fcr einen hohen Auftrieb, der f\u00fcr mehr Sicherheit im Freiwasser sorgt. Au\u00dferdem hat er dank seiner Konstruktion einen neutralen Auftrieb.<br \/>\nKomfort<br \/>\nDas Thermal X-Innenmaterial ist weich und bequem und bietet hohen Komfort beim Schwimmen in kalten Gew\u00e4ssern.  <\/p>\n<p>Zusammensetzung: Neopren : 95 %, Polyamid (Nylon) : 5 %<\/p>\n","protected":false},"excerpt":{"rendered":"<p>Die Weiterentwicklung des RS1 Thermal, entwickelt mit hoher W\u00e4rmed\u00e4mmung.<\/p>\n<p>Der Vitalis Thermal ist ein thermisch komfortabler Neoprenanzug f\u00fcr Freiwasserschwimmer. Er kombiniert spezielle Technologien f\u00fcr den W\u00e4rmer\u00fcckhalt wie die Thermal X-Technologie und Abdichtungstechnologien wie eine zweite Schicht &#8220;Batwing&#8221;-Neopren, die das Eindringen von Wasser in den Rei\u00dfverschluss- und Halsbereich verhindert. Die dicken Paneele verleihen dem Schwimmer einen ausgezeichneten Auftrieb, der ihm hilft, bei kalten Wetterlagen Energie zu sparen.  <\/p>\n","protected":false},"featured_media":56685,"template":"","meta":[],"product_brand":[],"product_cat":[271],"product_tag":[],"class_list":{"0":"post-56694","1":"product","2":"type-product","3":"status-publish","4":"has-post-thumbnail","6":"product_cat-openwater-de","7":"pa_brand-orca-de","8":"pa_taille-orca-f-xs-144-160cm-46-53kg-de","9":"pa_taille-orca-f-s-157-167cm-54-61kg-de","10":"pa_taille-orca-f-m-165-177cm-60-67kg-de","11":"pa_taille-orca-f-l-170-185cm-66-74kg-de","12":"pa_taille-orca-f-xl-177-189cm-73-79kg-de","14":"first","15":"instock","16":"shipping-taxable","17":"purchasable","18":"product-type-variable"},"_links":{"self":[{"href":"https:\/\/espacetriathlon.com\/de\/wp-json\/wp\/v2\/product\/56694","targetHints":{"allow":["GET"]}}],"collection":[{"href":"https:\/\/espacetriathlon.com\/de\/wp-json\/wp\/v2\/product"}],"about":[{"href":"https:\/\/espacetriathlon.com\/de\/wp-json\/wp\/v2\/types\/product"}],"version-history":[{"count":0,"href":"https:\/\/espacetriathlon.com\/de\/wp-json\/wp\/v2\/product\/56694\/revisions"}],"wp:featuredmedia":[{"embeddable":true,"href":"https:\/\/espacetriathlon.com\/de\/wp-json\/wp\/v2\/media\/56685"}],"wp:attachment":[{"href":"https:\/\/espacetriathlon.com\/de\/wp-json\/wp\/v2\/media?parent=56694"}],"wp:term":[{"taxonomy":"product_brand","embeddable":true,"href":"https:\/\/espacetriathlon.com\/de\/wp-json\/wp\/v2\/product_brand?post=56694"},{"taxonomy":"product_cat","embeddable":true,"href":"https:\/\/espacetriathlon.com\/de\/wp-json\/wp\/v2\/product_cat?post=56694"},{"taxonomy":"product_tag","embeddable":true,"href":"https:\/\/espacetriathlon.com\/de\/wp-json\/wp\/v2\/product_tag?post=56694"}],"curies":[{"name":"wp","href":"https:\/\/api.w.org\/{rel}","templated":true}]}}