{"id":56893,"date":"2025-10-15T13:18:29","date_gmt":"2025-10-15T13:18:29","guid":{"rendered":"https:\/\/espacetriathlon.com\/product\/flying-fiesta-secure-periodenschutz\/"},"modified":"2025-10-15T13:18:29","modified_gmt":"2025-10-15T13:18:29","slug":"flying-fiesta-secure-periodenschutz","status":"publish","type":"product","link":"https:\/\/espacetriathlon.com\/de\/product\/flying-fiesta-secure-periodenschutz\/","title":{"rendered":"Flying Fiesta Secure (Periodenschutz)"},"content":{"rendered":"","protected":false},"excerpt":{"rendered":"<p>Mit d\u00fcnnen Schultertr\u00e4gern, einer moderaten Beinh\u00f6he und einer R\u00fcckenabdeckung sowie einer diskreten und saugf\u00e4higen Zwickelpolsterung, die w\u00e4hrend Ihrer Periode einen leichten Ausflussschutz bietet, so dass Sie weiterhin mit Zuversicht schwimmen gehen k\u00f6nnen.<\/p>\n","protected":false},"featured_media":56884,"template":"","meta":[],"product_brand":[],"product_cat":[547],"product_tag":[],"class_list":{"0":"post-56893","1":"product","2":"type-product","3":"status-publish","4":"has-post-thumbnail","6":"product_cat-frauen","7":"product_shipping_class-petitarticle-de","8":"pa_brand-funkita-de","9":"pa_swim_f-d34-xs-f36-30-de","10":"pa_swim_f-d36-s-f38-32-de","11":"pa_swim_f-d38-m-f40-34-de","12":"pa_swim_f-d40-l-f42-36-de","14":"first","15":"instock","16":"shipping-taxable","17":"purchasable","18":"product-type-variable"},"_links":{"self":[{"href":"https:\/\/espacetriathlon.com\/de\/wp-json\/wp\/v2\/product\/56893","targetHints":{"allow":["GET"]}}],"collection":[{"href":"https:\/\/espacetriathlon.com\/de\/wp-json\/wp\/v2\/product"}],"about":[{"href":"https:\/\/espacetriathlon.com\/de\/wp-json\/wp\/v2\/types\/product"}],"version-history":[{"count":0,"href":"https:\/\/espacetriathlon.com\/de\/wp-json\/wp\/v2\/product\/56893\/revisions"}],"wp:featuredmedia":[{"embeddable":true,"href":"https:\/\/espacetriathlon.com\/de\/wp-json\/wp\/v2\/media\/56884"}],"wp:attachment":[{"href":"https:\/\/espacetriathlon.com\/de\/wp-json\/wp\/v2\/media?parent=56893"}],"wp:term":[{"taxonomy":"product_brand","embeddable":true,"href":"https:\/\/espacetriathlon.com\/de\/wp-json\/wp\/v2\/product_brand?post=56893"},{"taxonomy":"product_cat","embeddable":true,"href":"https:\/\/espacetriathlon.com\/de\/wp-json\/wp\/v2\/product_cat?post=56893"},{"taxonomy":"product_tag","embeddable":true,"href":"https:\/\/espacetriathlon.com\/de\/wp-json\/wp\/v2\/product_tag?post=56893"}],"curies":[{"name":"wp","href":"https:\/\/api.w.org\/{rel}","templated":true}]}}