{"id":56966,"date":"2025-10-15T17:52:44","date_gmt":"2025-10-15T17:52:44","guid":{"rendered":"https:\/\/espacetriathlon.com\/product\/openwater-zeal-thermal-frauen\/"},"modified":"2026-03-09T16:23:43","modified_gmt":"2026-03-09T16:23:43","slug":"openwater-zeal-thermal-frauen","status":"publish","type":"product","link":"https:\/\/espacetriathlon.com\/de\/product\/openwater-zeal-thermal-frauen\/","title":{"rendered":"Openwater Zeal Thermal Frauen"},"content":{"rendered":"<p>\u00dcberragender W\u00e4rmekomfort<br \/>\nDies ist der am st\u00e4rksten w\u00e4rmeisolierte Neoprenanzug im Orca-Sortiment mit bis zu 5 mm dicken Paneelen, dem Thermal X2-Innenfutter und der &#8220;Batwing&#8221;-Kapuze. Der eng anliegende Hals- und Gliedma\u00dfenbereich und der Rei\u00dfverschluss des Anzugs (Batwing) verhindern das Eindringen von kaltem Wasser, was den thermischen Komfort weiter verbessert<x id=\"gid_1\"><\/x>Maximale Elastizit\u00e4t<x id=\"gid_2\"><\/x>Die Kombination von Technologien, die auf maximale Elastizit\u00e4t abzielen, wie z.B. Yamamoto 40X+, erm\u00f6glicht trotz der Dicke dieses Neoprenanzugs eine ausgezeichnete Bewegungsfreiheit in kaltem Wasser. Die Elastizit\u00e4t des Thermal X-Thermofutters verleiht den 5 mm dicken Paneelen die gleichen elastischen Eigenschaften wie d\u00fcnnere herk\u00f6mmliche Paneele.<x id=\"gid_3\"><\/x>Hoher und neutraler Auftrieb<x id=\"gid_4\"><\/x>Die sehr dicken Paneele im Torso sorgen f\u00fcr einen hohen Auftrieb und damit f\u00fcr Sicherheit im Freiwasser. Au\u00dferdem sorgt die Kombination f\u00fcr einen neutralen Auftrieb.<br \/>\nKomfort<br \/>\nDie eng anliegende Passform an den Extremit\u00e4ten und die komfortablen Thermal X und Thermal X2 Innenfutterstoffe machen diesen Neoprenanzug zu einem der komfortabelsten der Orca-Reihe.   <\/p>\n","protected":false},"excerpt":{"rendered":"<p>Der Zeal Thermal Neoprenanzug ist die Weiterentwicklung des Openwater RS1 Thermal.<\/p>\n<p>Der Zeal Thermal ist der thermisch komfortabelste Neoprenanzug in Orcas Sortiment. Er verf\u00fcgt \u00fcber Technologien f\u00fcr maximalen W\u00e4rmer\u00fcckhalt, wie das Thermal X2-Innenfutter und die zweite &#8220;Batwing&#8221;-Lage aus Neopren, die das Eindringen von Wasser in den Rei\u00dfverschluss- und Halsbereich verhindert. Die dicken Paneele sorgen f\u00fcr einen hohen Auftrieb, ohne die Flexibilit\u00e4t zu beeintr\u00e4chtigen, dank der Yamamoto 40+ Technologie, die f\u00fcr maximale Elastizit\u00e4t sorgt, f\u00fcr absolute Bewegungsfreiheit in kaltem Wasser.  <\/p>\n<p>Genie\u00dfen Sie die Annehmlichkeiten des Mesh Rucksacks und der Strickhandschuhe, die beim Kauf des Zeal Thermal enthalten sind. Mit diesem Zubeh\u00f6r k\u00f6nnen Sie Ihr Neopren aufbewahren, transportieren und anziehen, ohne das Material zu besch\u00e4digen. <\/p>\n","protected":false},"featured_media":56957,"template":"","meta":[],"product_brand":[],"product_cat":[271],"product_tag":[],"class_list":{"0":"post-56966","1":"product","2":"type-product","3":"status-publish","4":"has-post-thumbnail","6":"product_cat-openwater-de","7":"pa_brand-orca-de","8":"pa_taille-orca-f-s-157-167cm-54-61kg-de","9":"pa_taille-orca-f-m-165-177cm-60-67kg-de","10":"pa_taille-orca-f-l-170-185cm-66-74kg-de","11":"pa_taille-orca-f-xl-177-189cm-73-79kg-de","13":"first","14":"instock","15":"shipping-taxable","16":"purchasable","17":"product-type-variable"},"_links":{"self":[{"href":"https:\/\/espacetriathlon.com\/de\/wp-json\/wp\/v2\/product\/56966","targetHints":{"allow":["GET"]}}],"collection":[{"href":"https:\/\/espacetriathlon.com\/de\/wp-json\/wp\/v2\/product"}],"about":[{"href":"https:\/\/espacetriathlon.com\/de\/wp-json\/wp\/v2\/types\/product"}],"version-history":[{"count":0,"href":"https:\/\/espacetriathlon.com\/de\/wp-json\/wp\/v2\/product\/56966\/revisions"}],"wp:featuredmedia":[{"embeddable":true,"href":"https:\/\/espacetriathlon.com\/de\/wp-json\/wp\/v2\/media\/56957"}],"wp:attachment":[{"href":"https:\/\/espacetriathlon.com\/de\/wp-json\/wp\/v2\/media?parent=56966"}],"wp:term":[{"taxonomy":"product_brand","embeddable":true,"href":"https:\/\/espacetriathlon.com\/de\/wp-json\/wp\/v2\/product_brand?post=56966"},{"taxonomy":"product_cat","embeddable":true,"href":"https:\/\/espacetriathlon.com\/de\/wp-json\/wp\/v2\/product_cat?post=56966"},{"taxonomy":"product_tag","embeddable":true,"href":"https:\/\/espacetriathlon.com\/de\/wp-json\/wp\/v2\/product_tag?post=56966"}],"curies":[{"name":"wp","href":"https:\/\/api.w.org\/{rel}","templated":true}]}}