{"id":57095,"date":"2025-10-23T19:23:18","date_gmt":"2025-10-23T19:23:18","guid":{"rendered":"https:\/\/espacetriathlon.com\/product\/catch-up-clutch-tasche-sweetie-tweetie\/"},"modified":"2025-10-23T19:23:18","modified_gmt":"2025-10-23T19:23:18","slug":"catch-up-clutch-tasche-sweetie-tweetie","status":"publish","type":"product","link":"https:\/\/espacetriathlon.com\/de\/product\/catch-up-clutch-tasche-sweetie-tweetie\/","title":{"rendered":"Catch up Clutch Tasche Sweetie Tweetie"},"content":{"rendered":"","protected":false},"excerpt":{"rendered":"<p>Hergestellt aus flexiblem Silikon mit einem Handgelenkband und einem Rei\u00dfverschluss. Obwohl die Tasche nicht wasserdicht ist, sch\u00fctzt sie Ihr Telefon oder kleine Gegenst\u00e4nde vor St\u00fcrzen im Schwimmbad oder vor Sand am Strand. 17cm x 10cm, 2,5cm dick.  <\/p>\n","protected":false},"featured_media":57083,"template":"","meta":[],"product_brand":[],"product_cat":[280],"product_tag":[],"class_list":{"0":"post-57095","1":"product","2":"type-product","3":"status-publish","4":"has-post-thumbnail","6":"product_cat-accessories-swims-de","7":"pa_brand-funkita-de","9":"first","10":"instock","11":"shipping-taxable","12":"purchasable","13":"product-type-simple"},"_links":{"self":[{"href":"https:\/\/espacetriathlon.com\/de\/wp-json\/wp\/v2\/product\/57095","targetHints":{"allow":["GET"]}}],"collection":[{"href":"https:\/\/espacetriathlon.com\/de\/wp-json\/wp\/v2\/product"}],"about":[{"href":"https:\/\/espacetriathlon.com\/de\/wp-json\/wp\/v2\/types\/product"}],"version-history":[{"count":0,"href":"https:\/\/espacetriathlon.com\/de\/wp-json\/wp\/v2\/product\/57095\/revisions"}],"wp:featuredmedia":[{"embeddable":true,"href":"https:\/\/espacetriathlon.com\/de\/wp-json\/wp\/v2\/media\/57083"}],"wp:attachment":[{"href":"https:\/\/espacetriathlon.com\/de\/wp-json\/wp\/v2\/media?parent=57095"}],"wp:term":[{"taxonomy":"product_brand","embeddable":true,"href":"https:\/\/espacetriathlon.com\/de\/wp-json\/wp\/v2\/product_brand?post=57095"},{"taxonomy":"product_cat","embeddable":true,"href":"https:\/\/espacetriathlon.com\/de\/wp-json\/wp\/v2\/product_cat?post=57095"},{"taxonomy":"product_tag","embeddable":true,"href":"https:\/\/espacetriathlon.com\/de\/wp-json\/wp\/v2\/product_tag?post=57095"}],"curies":[{"name":"wp","href":"https:\/\/api.w.org\/{rel}","templated":true}]}}