{"id":58289,"date":"2025-11-18T14:32:30","date_gmt":"2025-11-18T14:32:30","guid":{"rendered":"https:\/\/espacetriathlon.com\/product\/venom-hero-maenner-dark-blue-tiffany\/"},"modified":"2025-11-22T19:48:55","modified_gmt":"2025-11-22T19:48:55","slug":"venom-hero-maenner-dark-blue-tiffany","status":"publish","type":"product","link":"https:\/\/espacetriathlon.com\/de\/product\/venom-hero-maenner-dark-blue-tiffany\/","title":{"rendered":"Venom Hero M\u00e4nner Dark blue Tiffany"},"content":{"rendered":"<p>V = Velocity (Geschwindigkeit) &#8211; unser Hauptziel bei der Entwicklung dieses Produkts: den leistungsst\u00e4rksten Rennanzug aller Zeiten zu schaffen; E = Engineering (Technik) &#8211; das Ergebnis der Zusammenarbeit unserer Forschungs- und Entwicklungsabteilung; N = New (neu) &#8211; neu in seiner Kategorie, neu in seiner Technologie, neu in seinem Design; O = Original &#8211; urspr\u00fcnglich von AKRON; M = Manufacturing (Herstellung) &#8211; denn 100% unseres Wettkampfsortiments wird stolz in Italien hergestellt.<\/p>\n<p>&nbsp;<\/p>\n","protected":false},"excerpt":{"rendered":"<p>INA-Zulassung: von der FINA f\u00fcr nationale und internationale Schwimmwettbewerbe zugelassen. FINA-zugelassene Schwimmanz\u00fcge haben einen eindeutigen FINA-Barcode auf dem Schwimmanzug aufgedruckt, so dass sie f\u00fcr Schwimmfunktion\u00e4re leicht zu identifizieren sind. VENOM, der auf Geschwindigkeit ausgelegt ist, repr\u00e4sentiert die &#8216;Premium&#8217;-Linie von AKRON. Die flache, ergonomische Konstruktion der N\u00e4hte hilft den wichtigsten Muskelgruppen, sich schneller zu erholen und verdoppelt die Kompressionsschichten. Das Design der Au\u00dfenb\u00e4nder soll die hydrodynamischen Turbulenzen verbessern, das Eindringen von Wasser reduzieren und die Gleitf\u00e4higkeit verbessern. Das doppelte C-Spiegel-Band sorgt f\u00fcr das Gef\u00fchl, das Becken beim Schwimmen anzuheben, und f\u00fcr einen gro\u00dfen Bewegungsspielraum.     <\/p>\n<p>&nbsp;<\/p>\n","protected":false},"featured_media":58278,"template":"","meta":[],"product_brand":[],"product_cat":[838],"product_tag":[],"class_list":{"0":"post-58289","1":"product","2":"type-product","3":"status-publish","4":"has-post-thumbnail","6":"product_cat-wettkamphosen","7":"pa_akron_cm-20-00-waist-70-74-hip-87-91-de","8":"pa_akron_cm-22-0-waist-74-78-hip-91-95-de","9":"pa_akron_cm-24-1-waist-78-82-hip-95-99-de","10":"pa_akron_cm-26-2-waist-82-86-hip-99-103-de","11":"pa_akron_cm-28-3-waist-86-90-hip-103-107-de","12":"pa_akron_cm-30-4-waist90-94-hip-107-111-de","13":"pa_brand-akron-de","15":"first","16":"instock","17":"sale","18":"shipping-taxable","19":"purchasable","20":"product-type-variable"},"_links":{"self":[{"href":"https:\/\/espacetriathlon.com\/de\/wp-json\/wp\/v2\/product\/58289","targetHints":{"allow":["GET"]}}],"collection":[{"href":"https:\/\/espacetriathlon.com\/de\/wp-json\/wp\/v2\/product"}],"about":[{"href":"https:\/\/espacetriathlon.com\/de\/wp-json\/wp\/v2\/types\/product"}],"version-history":[{"count":1,"href":"https:\/\/espacetriathlon.com\/de\/wp-json\/wp\/v2\/product\/58289\/revisions"}],"predecessor-version":[{"id":58339,"href":"https:\/\/espacetriathlon.com\/de\/wp-json\/wp\/v2\/product\/58289\/revisions\/58339"}],"wp:featuredmedia":[{"embeddable":true,"href":"https:\/\/espacetriathlon.com\/de\/wp-json\/wp\/v2\/media\/58278"}],"wp:attachment":[{"href":"https:\/\/espacetriathlon.com\/de\/wp-json\/wp\/v2\/media?parent=58289"}],"wp:term":[{"taxonomy":"product_brand","embeddable":true,"href":"https:\/\/espacetriathlon.com\/de\/wp-json\/wp\/v2\/product_brand?post=58289"},{"taxonomy":"product_cat","embeddable":true,"href":"https:\/\/espacetriathlon.com\/de\/wp-json\/wp\/v2\/product_cat?post=58289"},{"taxonomy":"product_tag","embeddable":true,"href":"https:\/\/espacetriathlon.com\/de\/wp-json\/wp\/v2\/product_tag?post=58289"}],"curies":[{"name":"wp","href":"https:\/\/api.w.org\/{rel}","templated":true}]}}