{"id":58395,"date":"2025-11-25T20:56:06","date_gmt":"2025-11-25T20:56:06","guid":{"rendered":"https:\/\/espacetriathlon.com\/?post_type=product&#038;p=58395"},"modified":"2025-11-25T20:59:50","modified_gmt":"2025-11-25T20:59:50","slug":"pro-2-0-kurzarm-tri-suit-manner-coal","status":"publish","type":"product","link":"https:\/\/espacetriathlon.com\/de\/product\/pro-2-0-kurzarm-tri-suit-manner-coal\/","title":{"rendered":"Pro 2.0 Short Sleeve Tri Suit Men coal"},"content":{"rendered":"<p>Farbechte Sublimation<\/p>\n<p>Durchgehender Rei\u00dfverschluss<\/p>\n<p>Hochleistungs-Nylon-Elasthan<\/p>\n<p>Anti-Chaffing-Bias<\/p>\n<p>Mit zwei Netztaschen<\/p>\n","protected":false},"excerpt":{"rendered":"<div class=\"product__description rte quick-add-hidden\">\n<p>Der <strong>Men&#8217;s Pro 2.0 Short Sleeve Tri Suit<\/strong> ist auf Geschwindigkeit, Komfort und Ausdauer ausgelegt. Mit seinem fortschrittlichen aerodynamischen Material und einer Passform, die wie eine zweite Haut sitzt, verbessert er die Leistung in allen drei Disziplinen. Das atmungsaktive, schnell trocknende Material h\u00e4lt Sie k\u00fchl, w\u00e4hrend das integrierte Sitzpolster Sie bei der Fahrt unterst\u00fctzt. Mit einem durchgehenden Rei\u00dfverschluss und R\u00fcckentaschen f\u00fcr Ihre wichtigsten Utensilien ist dieser Anzug Ihr ultimativer Vorteil am Renntag.<\/p>\n<p>&nbsp;<\/p>\n<\/div>\n","protected":false},"featured_media":58432,"template":"","meta":[],"product_brand":[],"product_cat":[314],"product_tag":[],"class_list":{"0":"post-58395","1":"product","2":"type-product","3":"status-publish","4":"has-post-thumbnail","6":"product_cat-gear-de","7":"pa_brand-synergy","8":"pa_size-m-de","9":"pa_size-l-de","10":"pa_size-xl-de","11":"pa_size-xxl-de","13":"first","14":"instock","15":"shipping-taxable","16":"purchasable","17":"product-type-variable"},"_links":{"self":[{"href":"https:\/\/espacetriathlon.com\/de\/wp-json\/wp\/v2\/product\/58395","targetHints":{"allow":["GET"]}}],"collection":[{"href":"https:\/\/espacetriathlon.com\/de\/wp-json\/wp\/v2\/product"}],"about":[{"href":"https:\/\/espacetriathlon.com\/de\/wp-json\/wp\/v2\/types\/product"}],"version-history":[{"count":2,"href":"https:\/\/espacetriathlon.com\/de\/wp-json\/wp\/v2\/product\/58395\/revisions"}],"predecessor-version":[{"id":58439,"href":"https:\/\/espacetriathlon.com\/de\/wp-json\/wp\/v2\/product\/58395\/revisions\/58439"}],"wp:featuredmedia":[{"embeddable":true,"href":"https:\/\/espacetriathlon.com\/de\/wp-json\/wp\/v2\/media\/58432"}],"wp:attachment":[{"href":"https:\/\/espacetriathlon.com\/de\/wp-json\/wp\/v2\/media?parent=58395"}],"wp:term":[{"taxonomy":"product_brand","embeddable":true,"href":"https:\/\/espacetriathlon.com\/de\/wp-json\/wp\/v2\/product_brand?post=58395"},{"taxonomy":"product_cat","embeddable":true,"href":"https:\/\/espacetriathlon.com\/de\/wp-json\/wp\/v2\/product_cat?post=58395"},{"taxonomy":"product_tag","embeddable":true,"href":"https:\/\/espacetriathlon.com\/de\/wp-json\/wp\/v2\/product_tag?post=58395"}],"curies":[{"name":"wp","href":"https:\/\/api.w.org\/{rel}","templated":true}]}}