{"id":58710,"date":"2025-11-26T12:31:49","date_gmt":"2025-11-26T12:31:49","guid":{"rendered":"https:\/\/espacetriathlon.com\/?post_type=product&#038;p=58710"},"modified":"2025-11-26T12:39:04","modified_gmt":"2025-11-26T12:39:04","slug":"elite-sleeveless-tri-suit-men-cobalt-blue","status":"publish","type":"product","link":"https:\/\/espacetriathlon.com\/de\/product\/elite-sleeveless-tri-suit-men-cobalt-blue\/","title":{"rendered":"Elite Sleeveless Tri Suit Men Cobalt Blue"},"content":{"rendered":"<p>Mesh-Panel<\/p>\n<p>Mesh-Taschen mit zus\u00e4tzlichen Seitentaschen<\/p>\n<p>Ultraleichtes, schnell trocknendes S\u00e4misch-Polster<\/p>\n","protected":false},"excerpt":{"rendered":"<p>Dieser Anzug kann alles und geht \u00fcberall hin. Er ist wasserabweisend f\u00fcr das Schwimmen ohne Neoprenanzug und bietet gleichzeitig eine optimale Atmungsaktivit\u00e4t f\u00fcr das Radfahren und das Laufen. Er ist eine Komplettl\u00f6sung f\u00fcr den Triathleten, der die Wechselzeiten minimieren m\u00f6chte. Hervorragend geeignet f\u00fcr Rennen und Training gleicherma\u00dfen. Der Synergy Elite S\/S Tri-Suit ist unser meistverkauftes Modell und das aus gutem Grund. Der Anzug besteht aus einem wasserabweisenden Nylon-Elasthan-Material, das f\u00fcr seinen Komfort, seine Atmungsaktivit\u00e4t und seine Kompressionsf\u00e4higkeit bekannt ist. Das Sitzpolster aus antimikrobiellem Fleece macht diesen Anzug zur besten Wahl f\u00fcr ein Langstreckenrennen oder einen Sprint, bei dem es auf die Zeit beim Wechsel ankommt!<\/p>\n","protected":false},"featured_media":58639,"template":"","meta":[],"product_brand":[],"product_cat":[314],"product_tag":[],"class_list":{"0":"post-58710","1":"product","2":"type-product","3":"status-publish","4":"has-post-thumbnail","6":"product_cat-gear-de","7":"pa_brand-synergy","8":"pa_size-m-de","9":"pa_size-l-de","10":"pa_size-xl-de","12":"first","13":"instock","14":"shipping-taxable","15":"purchasable","16":"product-type-variable"},"_links":{"self":[{"href":"https:\/\/espacetriathlon.com\/de\/wp-json\/wp\/v2\/product\/58710","targetHints":{"allow":["GET"]}}],"collection":[{"href":"https:\/\/espacetriathlon.com\/de\/wp-json\/wp\/v2\/product"}],"about":[{"href":"https:\/\/espacetriathlon.com\/de\/wp-json\/wp\/v2\/types\/product"}],"version-history":[{"count":2,"href":"https:\/\/espacetriathlon.com\/de\/wp-json\/wp\/v2\/product\/58710\/revisions"}],"predecessor-version":[{"id":58737,"href":"https:\/\/espacetriathlon.com\/de\/wp-json\/wp\/v2\/product\/58710\/revisions\/58737"}],"wp:featuredmedia":[{"embeddable":true,"href":"https:\/\/espacetriathlon.com\/de\/wp-json\/wp\/v2\/media\/58639"}],"wp:attachment":[{"href":"https:\/\/espacetriathlon.com\/de\/wp-json\/wp\/v2\/media?parent=58710"}],"wp:term":[{"taxonomy":"product_brand","embeddable":true,"href":"https:\/\/espacetriathlon.com\/de\/wp-json\/wp\/v2\/product_brand?post=58710"},{"taxonomy":"product_cat","embeddable":true,"href":"https:\/\/espacetriathlon.com\/de\/wp-json\/wp\/v2\/product_cat?post=58710"},{"taxonomy":"product_tag","embeddable":true,"href":"https:\/\/espacetriathlon.com\/de\/wp-json\/wp\/v2\/product_tag?post=58710"}],"curies":[{"name":"wp","href":"https:\/\/api.w.org\/{rel}","templated":true}]}}