{"id":58789,"date":"2025-11-26T12:56:07","date_gmt":"2025-11-26T12:56:07","guid":{"rendered":"https:\/\/espacetriathlon.com\/?post_type=product&#038;p=58789"},"modified":"2025-11-26T13:02:19","modified_gmt":"2025-11-26T13:02:19","slug":"pro-short-sleeves-tri-suit-women-aqua-green","status":"publish","type":"product","link":"https:\/\/espacetriathlon.com\/de\/product\/pro-short-sleeves-tri-suit-women-aqua-green\/","title":{"rendered":"Pro Short Sleeves Tri Suit Women Aqua Green"},"content":{"rendered":"<p>Farbechte Sublimation<\/p>\n<p>Anti-chafing bias<\/p>\n<p>Hochleistungs-Nylon-Elasthan<\/p>\n<p>D\u00fcnnes und hochwertiges Kissen<\/p>\n","protected":false},"excerpt":{"rendered":"<p>Dieser Anzug kann alles und geht \u00fcberall hin. Er ist wasserabweisend f\u00fcr das Schwimmen ohne Neoprenanzug und bietet gleichzeitig eine optimale Atmungsaktivit\u00e4t f\u00fcr das Radfahren und das Laufen. Er ist eine Komplettl\u00f6sung f\u00fcr den Triathleten, der die Wechselzeiten minimieren m\u00f6chte. Hervorragend geeignet f\u00fcr Rennen und Training gleicherma\u00dfen. Der Synergy Tri-Suit ist unser meistverkauftes Modell und das aus gutem Grund. Der Anzug besteht aus einem wasserabweisenden Nylon-Elasthan-Material, das f\u00fcr seinen Komfort, seine Atmungsaktivit\u00e4t und seine Kompressionseigenschaften bekannt ist.<\/p>\n","protected":false},"featured_media":58822,"template":"","meta":[],"product_brand":[],"product_cat":[314],"product_tag":[],"class_list":{"0":"post-58789","1":"product","2":"type-product","3":"status-publish","4":"has-post-thumbnail","6":"product_cat-gear-de","7":"pa_brand-synergy","8":"pa_size-s-de","9":"pa_size-m-de","10":"pa_size-l-de","11":"pa_size-xl-de","13":"first","14":"instock","15":"shipping-taxable","16":"purchasable","17":"product-type-variable"},"_links":{"self":[{"href":"https:\/\/espacetriathlon.com\/de\/wp-json\/wp\/v2\/product\/58789","targetHints":{"allow":["GET"]}}],"collection":[{"href":"https:\/\/espacetriathlon.com\/de\/wp-json\/wp\/v2\/product"}],"about":[{"href":"https:\/\/espacetriathlon.com\/de\/wp-json\/wp\/v2\/types\/product"}],"version-history":[{"count":2,"href":"https:\/\/espacetriathlon.com\/de\/wp-json\/wp\/v2\/product\/58789\/revisions"}],"predecessor-version":[{"id":58828,"href":"https:\/\/espacetriathlon.com\/de\/wp-json\/wp\/v2\/product\/58789\/revisions\/58828"}],"wp:featuredmedia":[{"embeddable":true,"href":"https:\/\/espacetriathlon.com\/de\/wp-json\/wp\/v2\/media\/58822"}],"wp:attachment":[{"href":"https:\/\/espacetriathlon.com\/de\/wp-json\/wp\/v2\/media?parent=58789"}],"wp:term":[{"taxonomy":"product_brand","embeddable":true,"href":"https:\/\/espacetriathlon.com\/de\/wp-json\/wp\/v2\/product_brand?post=58789"},{"taxonomy":"product_cat","embeddable":true,"href":"https:\/\/espacetriathlon.com\/de\/wp-json\/wp\/v2\/product_cat?post=58789"},{"taxonomy":"product_tag","embeddable":true,"href":"https:\/\/espacetriathlon.com\/de\/wp-json\/wp\/v2\/product_tag?post=58789"}],"curies":[{"name":"wp","href":"https:\/\/api.w.org\/{rel}","templated":true}]}}