{"id":5889,"date":"2021-03-10T11:56:54","date_gmt":"2021-03-10T11:56:54","guid":{"rendered":"https:\/\/espacetriathlon.com\/product\/women-rs1-thermal-openwater\/"},"modified":"2025-12-20T06:29:14","modified_gmt":"2025-12-20T06:29:14","slug":"women-rs1-thermal-openwater","status":"publish","type":"product","link":"https:\/\/espacetriathlon.com\/de\/product\/women-rs1-thermal-openwater\/","title":{"rendered":"Women RS1 Thermal Openwater"},"content":{"rendered":"<p>\u201eExtra W\u00e4rme<br \/>\nAm Rumpf sorgen die Technologie Yamamoto 39 mit bis zu 5 mm Dicke und das thermische Innenfutter Thermal X f\u00fcr maximale W\u00e4rmeisolierung an den Stellen, an denen man sie am meisten ben\u00f6tigt, ohne die K\u00f6rperhaltung des Schwimmers oder der Schwimmerin zu beeintr\u00e4chtigen oder die Bewegungsfreiheit einzuschr\u00e4nken. Im Gegensatz zum Schwimmen ohne Neoprenanzug hat dieses Material eine um 85% h\u00f6here Isolierwirkung. Das hochwertige Innenfutter speichert die W\u00e4rme effizienter als andere konventionelle Innenstoffe. Zudem bietet es eine weiche und angenehme Haptik, die f\u00fcr gro\u00dfen Komfort sorgt.<br \/>\nYamamoto 40<br \/>\nIm Schulter- und R\u00fcckenbereich wird Yamamoto 40 in Kombination mit dem Infinityskin-Futter verwendet. Dieses Material kann sich um 130% dehnen, d.h. um mehr als das Doppelte seiner urspr\u00fcnglichen Gr\u00f6\u00dfe, und bietet so maximale Leistung beim Schwimmzug. In dem Bereich mit gro\u00dfem Bewegungsradius, dem Schulterbereich, bietet es 72% weniger Widerstand als herk\u00f6mmlicher Neoprenstoff.<br \/>\nDesign mit \u201eBatwings\u201c<br \/>\nUm W\u00e4rmeverlust am R\u00fccken durch den Rei\u00dfverschluss zu vermeiden, ist dieses Modell mit \u201e\u201cBatwings\u201c\u201c ausgestattet, die aus einer zweiten Neoprenschicht bestehen. Diese Schicht verhindert, dass das Wasser, das durch den Rei\u00dfverschluss dringt, in direkten Kontakt mit der Haut kommt und h\u00e4lt eine Schicht warmen Wassers im Inneren. Sie gew\u00e4hrleistet auch eine sehr gute Passform am Hals, wodurch Reibung und das Eindringen von Wasser vom Halsbereich in den Neoprenanzug reduziert werden.<\/p>\n","protected":false},"excerpt":{"rendered":"<p>Der Openwater RS1 Thermal ist der Neoprenanzug mit dem h\u00f6chsten thermischen Schutz im Orca-Sortiment. Sein Innenfutter wurde speziell daf\u00fcr entwickelt, die W\u00e4rmespeicherung beim Schwimmen in offenen Gew\u00e4ssern zu maximieren. Dar\u00fcber hinaus verf\u00fcgt er \u00fcber die zweite Neoprenschicht \u201eBatwing\u201c, die im Bereich des Rei\u00dfverschlusses und des Halses f\u00fcr eine bessere W\u00e4rmeisolierung sorgt und so die Schwachstelle von Neoprenanz\u00fcgen in kalten Gew\u00e4ssern behebt.<\/p>\n<p><a href=\"https:\/\/espacetriathlon.com\/de\/wahl-eines-neoprenanzugs\/\" target=\"_blank\" rel=\"noopener\">Brauchen Sie Hilfe bei der Auswahl Ihres Neoprenanzugs?<\/a><\/p>\n","protected":false},"featured_media":49486,"template":"","meta":[],"product_brand":[],"product_cat":[2196,271],"product_tag":[],"class_list":{"0":"post-5889","1":"product","2":"type-product","3":"status-publish","4":"has-post-thumbnail","6":"product_cat-sales-de","7":"product_cat-openwater-de","8":"pa_brand-orca-de","9":"pa_taille-orca-f-xs-144-160cm-46-53kg-de","10":"pa_taille-orca-f-s-157-167cm-54-61kg-de","11":"pa_taille-orca-f-m-165-177cm-60-67kg-de","12":"pa_taille-orca-f-l-170-185cm-66-74kg-de","13":"pa_taille-orca-f-xl-177-189cm-73-79kg-de","15":"first","16":"instock","17":"sale","18":"featured","19":"shipping-taxable","20":"purchasable","21":"product-type-variable"},"_links":{"self":[{"href":"https:\/\/espacetriathlon.com\/de\/wp-json\/wp\/v2\/product\/5889","targetHints":{"allow":["GET"]}}],"collection":[{"href":"https:\/\/espacetriathlon.com\/de\/wp-json\/wp\/v2\/product"}],"about":[{"href":"https:\/\/espacetriathlon.com\/de\/wp-json\/wp\/v2\/types\/product"}],"version-history":[{"count":3,"href":"https:\/\/espacetriathlon.com\/de\/wp-json\/wp\/v2\/product\/5889\/revisions"}],"predecessor-version":[{"id":36426,"href":"https:\/\/espacetriathlon.com\/de\/wp-json\/wp\/v2\/product\/5889\/revisions\/36426"}],"wp:featuredmedia":[{"embeddable":true,"href":"https:\/\/espacetriathlon.com\/de\/wp-json\/wp\/v2\/media\/49486"}],"wp:attachment":[{"href":"https:\/\/espacetriathlon.com\/de\/wp-json\/wp\/v2\/media?parent=5889"}],"wp:term":[{"taxonomy":"product_brand","embeddable":true,"href":"https:\/\/espacetriathlon.com\/de\/wp-json\/wp\/v2\/product_brand?post=5889"},{"taxonomy":"product_cat","embeddable":true,"href":"https:\/\/espacetriathlon.com\/de\/wp-json\/wp\/v2\/product_cat?post=5889"},{"taxonomy":"product_tag","embeddable":true,"href":"https:\/\/espacetriathlon.com\/de\/wp-json\/wp\/v2\/product_tag?post=5889"}],"curies":[{"name":"wp","href":"https:\/\/api.w.org\/{rel}","templated":true}]}}