{"id":59081,"date":"2025-11-26T13:42:57","date_gmt":"2025-11-26T13:42:57","guid":{"rendered":"https:\/\/espacetriathlon.com\/product\/swim-paddle\/"},"modified":"2025-11-26T13:42:57","modified_gmt":"2025-11-26T13:42:57","slug":"swim-paddle","status":"publish","type":"product","link":"https:\/\/espacetriathlon.com\/de\/product\/swim-paddle\/","title":{"rendered":"Swim Paddle"},"content":{"rendered":"<p>Ergonomische Form<\/p>\n<p>Komfortband<\/p>\n","protected":false},"excerpt":{"rendered":"<p>Diese formschl\u00fcssigen Paddel sind f\u00fcr Schwimmer aller Leistungsstufen geeignet. Au\u00dferdem helfen sie bei der Entwicklung einer korrekten Schlagtechnik, indem sie das nat\u00fcrliche Gef\u00fchl Ihrer Hand f\u00fcr das Wasser betonen. <\/p>\n","protected":false},"featured_media":59064,"template":"","meta":[],"product_brand":[],"product_cat":[286],"product_tag":[],"class_list":{"0":"post-59081","1":"product","2":"type-product","3":"status-publish","4":"has-post-thumbnail","6":"product_cat-paddles-de","7":"pa_brand-synergy","8":"pa_paddle-azure","9":"pa_paddle-crystal","10":"pa_paddle-lemon","11":"pa_paddle-magenta","12":"pa_size-s-de","13":"pa_size-m-de","14":"pa_size-l-de","16":"first","17":"instock","18":"shipping-taxable","19":"purchasable","20":"product-type-variable"},"_links":{"self":[{"href":"https:\/\/espacetriathlon.com\/de\/wp-json\/wp\/v2\/product\/59081","targetHints":{"allow":["GET"]}}],"collection":[{"href":"https:\/\/espacetriathlon.com\/de\/wp-json\/wp\/v2\/product"}],"about":[{"href":"https:\/\/espacetriathlon.com\/de\/wp-json\/wp\/v2\/types\/product"}],"version-history":[{"count":0,"href":"https:\/\/espacetriathlon.com\/de\/wp-json\/wp\/v2\/product\/59081\/revisions"}],"wp:featuredmedia":[{"embeddable":true,"href":"https:\/\/espacetriathlon.com\/de\/wp-json\/wp\/v2\/media\/59064"}],"wp:attachment":[{"href":"https:\/\/espacetriathlon.com\/de\/wp-json\/wp\/v2\/media?parent=59081"}],"wp:term":[{"taxonomy":"product_brand","embeddable":true,"href":"https:\/\/espacetriathlon.com\/de\/wp-json\/wp\/v2\/product_brand?post=59081"},{"taxonomy":"product_cat","embeddable":true,"href":"https:\/\/espacetriathlon.com\/de\/wp-json\/wp\/v2\/product_cat?post=59081"},{"taxonomy":"product_tag","embeddable":true,"href":"https:\/\/espacetriathlon.com\/de\/wp-json\/wp\/v2\/product_tag?post=59081"}],"curies":[{"name":"wp","href":"https:\/\/api.w.org\/{rel}","templated":true}]}}