{"id":59165,"date":"2025-11-29T12:47:40","date_gmt":"2025-11-29T12:47:40","guid":{"rendered":"https:\/\/espacetriathlon.com\/product\/swimskin-shorty-frauen\/"},"modified":"2025-11-29T12:47:40","modified_gmt":"2025-11-29T12:47:40","slug":"swimskin-shorty-frauen","status":"publish","type":"product","link":"https:\/\/espacetriathlon.com\/de\/product\/swimskin-shorty-frauen\/","title":{"rendered":"Swimskin Shorty Frauen"},"content":{"rendered":"","protected":false},"excerpt":{"rendered":"<p>Dieser Neoprenanzug erm\u00f6glicht es Ihnen, Ihre Outdoor-Aktivit\u00e4ten mit dem W\u00e4rme- und Sonnenkomfort von Neopren zu genie\u00dfen. Es kann f\u00fcr verschiedene Aktivit\u00e4ten wie Surfen, Kajakfahren, Stand-up-Paddleboarding, Schwimmen im offenen Wasser, Schnorcheln usw. verwendet werden.<\/p>\n","protected":false},"featured_media":59151,"template":"","meta":[],"product_brand":[],"product_cat":[271],"product_tag":[],"class_list":{"0":"post-59165","1":"product","2":"type-product","3":"status-publish","4":"has-post-thumbnail","6":"product_cat-openwater-de","7":"pa_brand-orca-de","8":"pa_taille-orca-f-s-157-167cm-54-61kg-de","9":"pa_taille-orca-f-m-165-177cm-60-67kg-de","10":"pa_taille-orca-f-l-170-185cm-66-74kg-de","11":"pa_taille-orca-f-xl-177-189cm-73-79kg-de","13":"first","14":"instock","15":"shipping-taxable","16":"purchasable","17":"product-type-variable"},"_links":{"self":[{"href":"https:\/\/espacetriathlon.com\/de\/wp-json\/wp\/v2\/product\/59165","targetHints":{"allow":["GET"]}}],"collection":[{"href":"https:\/\/espacetriathlon.com\/de\/wp-json\/wp\/v2\/product"}],"about":[{"href":"https:\/\/espacetriathlon.com\/de\/wp-json\/wp\/v2\/types\/product"}],"version-history":[{"count":0,"href":"https:\/\/espacetriathlon.com\/de\/wp-json\/wp\/v2\/product\/59165\/revisions"}],"wp:featuredmedia":[{"embeddable":true,"href":"https:\/\/espacetriathlon.com\/de\/wp-json\/wp\/v2\/media\/59151"}],"wp:attachment":[{"href":"https:\/\/espacetriathlon.com\/de\/wp-json\/wp\/v2\/media?parent=59165"}],"wp:term":[{"taxonomy":"product_brand","embeddable":true,"href":"https:\/\/espacetriathlon.com\/de\/wp-json\/wp\/v2\/product_brand?post=59165"},{"taxonomy":"product_cat","embeddable":true,"href":"https:\/\/espacetriathlon.com\/de\/wp-json\/wp\/v2\/product_cat?post=59165"},{"taxonomy":"product_tag","embeddable":true,"href":"https:\/\/espacetriathlon.com\/de\/wp-json\/wp\/v2\/product_tag?post=59165"}],"curies":[{"name":"wp","href":"https:\/\/api.w.org\/{rel}","templated":true}]}}