{"id":5917,"date":"2021-03-10T12:07:56","date_gmt":"2021-03-10T12:07:56","guid":{"rendered":"https:\/\/espacetriathlon.com\/product\/women-openwater-sw\/"},"modified":"2024-07-12T12:21:32","modified_gmt":"2024-07-12T12:21:32","slug":"women-openwater-sw","status":"publish","type":"product","link":"https:\/\/espacetriathlon.com\/de\/product\/women-openwater-sw\/","title":{"rendered":"Women Openwater sw"},"content":{"rendered":"<p>SCHLAUHEIT: IDENTIFIKATIONSSYSTEM NFC<br \/>\nDer Neoprenanzug Openwater SW ist mit Emerid ausgestattet, einem universellen pers\u00f6nlichen Identifikationssystem mit der Technologie NFC Contactless, das bei einem Unfall oder im Notfall sofort n\u00fctzliche Informationen \u00fcber den Sportler liefert.<br \/>\nSICHERHEIT: RESTUBE READY<br \/>\nDer Neoprenanzug verf\u00fcgt \u00fcber die Halterung Restube Ready, wo Sie die Boje Restube ohne G\u00fcrtel anbringen k\u00f6nnen. So ist sie stabil befestigt und verhindert die Abnutzung des Neoprenanzugs.<\/p>\n<p>SUPPORT: THERMOISOLIERUNG<br \/>\nDas vier Millimeter dicke Material im Bauchbereich bietet die n\u00f6tige W\u00e4rmeisolierung und h\u00e4lt die ideale K\u00f6rpertemperatur auf der gesamten Strecke aufrecht.<br \/>\nSUPPORT: VERTRAUEN IM WASSER<br \/>\nDiese Materialst\u00e4rke gibt Ihnen zudem den n\u00f6tigen Auftrieb, damit Sie sich im Wasser wohl und sicher f\u00fchlen.<\/p>\n<p>SCHNELLIGKEIT: FLEXIBILIT\u00c4T<br \/>\nDurch die Kombination unterschiedlich starker Neopren-Eins\u00e4tze konnte ein elastischeres Material im Armbereich platziert werden, das bei jedem Schwimmzug Flexibilit\u00e4t verleiht. Auf diese Weise haben Sie beim Schwimmen ein angenehmeres Gef\u00fchl, denn das Neopren gibt Ihnen gen\u00fcgend Bewegungsfreiheit in den Schultern und Armen.<br \/>\n\u201c<\/p>\n","protected":false},"excerpt":{"rendered":"<p>Der neue Neoprenanzug Openwater SW ist die perfekte Kombination aus Sicherheit und Technik. Ein Neoprenanzug f\u00fcr offene Gew\u00e4sser mit einer integrierten Technologie, die die Sicherheit des Schwimmers im Meer erh\u00f6ht.<\/p>\n<p><a href=\"https:\/\/espacetriathlon.com\/de\/wahl-eines-neoprenanzugs\/\" target=\"_blank\" rel=\"noopener\">Brauchen Sie Hilfe bei der Auswahl Ihres Neoprenanzugs?<\/a><\/p>\n","protected":false},"featured_media":49498,"template":"","meta":[],"product_brand":[],"product_cat":[271],"product_tag":[],"class_list":{"0":"post-5917","1":"product","2":"type-product","3":"status-publish","4":"has-post-thumbnail","6":"product_cat-openwater-de","7":"pa_brand-orca-de","8":"pa_taille-orca-f-xs-144-160cm-46-53kg-de","9":"pa_taille-orca-f-s-157-167cm-54-61kg-de","10":"pa_taille-orca-f-m-165-177cm-60-67kg-de","11":"pa_taille-orca-f-l-170-185cm-66-74kg-de","12":"pa_taille-orca-f-xl-177-189cm-73-79kg-de","14":"first","15":"instock","16":"sale","17":"shipping-taxable","18":"purchasable","19":"product-type-variable"},"_links":{"self":[{"href":"https:\/\/espacetriathlon.com\/de\/wp-json\/wp\/v2\/product\/5917","targetHints":{"allow":["GET"]}}],"collection":[{"href":"https:\/\/espacetriathlon.com\/de\/wp-json\/wp\/v2\/product"}],"about":[{"href":"https:\/\/espacetriathlon.com\/de\/wp-json\/wp\/v2\/types\/product"}],"version-history":[{"count":2,"href":"https:\/\/espacetriathlon.com\/de\/wp-json\/wp\/v2\/product\/5917\/revisions"}],"predecessor-version":[{"id":36420,"href":"https:\/\/espacetriathlon.com\/de\/wp-json\/wp\/v2\/product\/5917\/revisions\/36420"}],"wp:featuredmedia":[{"embeddable":true,"href":"https:\/\/espacetriathlon.com\/de\/wp-json\/wp\/v2\/media\/49498"}],"wp:attachment":[{"href":"https:\/\/espacetriathlon.com\/de\/wp-json\/wp\/v2\/media?parent=5917"}],"wp:term":[{"taxonomy":"product_brand","embeddable":true,"href":"https:\/\/espacetriathlon.com\/de\/wp-json\/wp\/v2\/product_brand?post=5917"},{"taxonomy":"product_cat","embeddable":true,"href":"https:\/\/espacetriathlon.com\/de\/wp-json\/wp\/v2\/product_cat?post=5917"},{"taxonomy":"product_tag","embeddable":true,"href":"https:\/\/espacetriathlon.com\/de\/wp-json\/wp\/v2\/product_tag?post=5917"}],"curies":[{"name":"wp","href":"https:\/\/api.w.org\/{rel}","templated":true}]}}