{"id":59309,"date":"2025-12-03T11:32:56","date_gmt":"2025-12-03T11:32:56","guid":{"rendered":"https:\/\/espacetriathlon.com\/product\/aero-socks-bike-black-red\/"},"modified":"2025-12-03T11:32:56","modified_gmt":"2025-12-03T11:32:56","slug":"aero-socks-bike-black-red","status":"publish","type":"product","link":"https:\/\/espacetriathlon.com\/de\/product\/aero-socks-bike-black-red\/","title":{"rendered":"Aero Socks bike Black Red"},"content":{"rendered":"<p class=\"key_benefit_1\">Bew\u00e4hrte aerodynamische Leistung, mit strukturiertem Material und Aero.dot-Technologie zur Verringerung des Luftwiderstands und Erh\u00f6hung der Geschwindigkeit<\/p>\n<p class=\"key_benefit_2\">Maximale Thermoregulierung und Bel\u00fcftung dank federleichter Mesh-Eins\u00e4tze, die Ihre F\u00fc\u00dfe frisch und k\u00fchl halten<\/p>\n<p class=\"key_benefit_3 \">Ultraleichtes Gewebe an Fu\u00df und Wade f\u00fcr leistungsstarke Bel\u00fcftung und Komfort bei Rennen unter hei\u00dfen Bedingungen<\/p>\n","protected":false},"excerpt":{"rendered":"<p>Bringing together the technologies of our highest performing sock models, the brand new Aero Sock takes multisport performance to a whole new level with air-defying speed. Tested and optimised in the wind tunnel, the front fabric features structured lines to increase boundary layer (surface) turbulation and save over a minute over a 180km Ironman bike ride.<\/p>\n","protected":false},"featured_media":59304,"template":"","meta":[],"product_brand":[],"product_cat":[301],"product_tag":[],"class_list":{"0":"post-59309","1":"product","2":"type-product","3":"status-publish","4":"has-post-thumbnail","6":"product_cat-run-accessories-triathlon-de","7":"pa_brand-compressport-de","8":"pa_size_compressport-t1-35-38-de","9":"pa_size_compressport-t2-39-41-de","10":"pa_size_compressport-t3-42-44-de","11":"pa_size_compressport-t4-45-48-de","13":"first","14":"instock","15":"shipping-taxable","16":"purchasable","17":"product-type-variable"},"_links":{"self":[{"href":"https:\/\/espacetriathlon.com\/de\/wp-json\/wp\/v2\/product\/59309","targetHints":{"allow":["GET"]}}],"collection":[{"href":"https:\/\/espacetriathlon.com\/de\/wp-json\/wp\/v2\/product"}],"about":[{"href":"https:\/\/espacetriathlon.com\/de\/wp-json\/wp\/v2\/types\/product"}],"version-history":[{"count":0,"href":"https:\/\/espacetriathlon.com\/de\/wp-json\/wp\/v2\/product\/59309\/revisions"}],"wp:featuredmedia":[{"embeddable":true,"href":"https:\/\/espacetriathlon.com\/de\/wp-json\/wp\/v2\/media\/59304"}],"wp:attachment":[{"href":"https:\/\/espacetriathlon.com\/de\/wp-json\/wp\/v2\/media?parent=59309"}],"wp:term":[{"taxonomy":"product_brand","embeddable":true,"href":"https:\/\/espacetriathlon.com\/de\/wp-json\/wp\/v2\/product_brand?post=59309"},{"taxonomy":"product_cat","embeddable":true,"href":"https:\/\/espacetriathlon.com\/de\/wp-json\/wp\/v2\/product_cat?post=59309"},{"taxonomy":"product_tag","embeddable":true,"href":"https:\/\/espacetriathlon.com\/de\/wp-json\/wp\/v2\/product_tag?post=59309"}],"curies":[{"name":"wp","href":"https:\/\/api.w.org\/{rel}","templated":true}]}}