{"id":59404,"date":"2025-12-05T18:02:41","date_gmt":"2025-12-05T18:02:41","guid":{"rendered":"https:\/\/espacetriathlon.com\/?post_type=product&#038;p=59404"},"modified":"2025-12-05T18:05:33","modified_gmt":"2025-12-05T18:05:33","slug":"centre-snorkel-red","status":"publish","type":"product","link":"https:\/\/espacetriathlon.com\/de\/product\/centre-snorkel-red\/","title":{"rendered":"Centre Snorkel Red"},"content":{"rendered":"<p id=\"js-description\" class=\"txt-base descripcion-length\"><span id=\"desc\">Merkmale:<\/span><\/p>\n<p>&#8211; Ideal zum \u00dcben der f\u00fcr Butterfly und Freestyle erforderlichen Kopfposition mit dem Gesicht nach unten &#8211; Geeignet f\u00fcr die Verwendung mit einer Maske oder einer Schwimmbrille &#8211; Speed Fit-Kopfband f\u00fcr eine schnelle und einfache Anpassung &#8211; Lebendiges mehrfarbiges Muster, um sich von der Masse abzuheben Technische Daten: &#8211; Material: Polycarbonat\/Tpe\/Silikon<\/p>\n","protected":false},"excerpt":{"rendered":"<p><span id=\"desc\">Heben Sie sich beim Vereinstraining mit dem gemusterten Centre Snorkel ab.<br \/>\nDer Centre Snorkel ist ein ideales Hilfsmittel f\u00fcr Technik\u00fcbungen, da Sie Ihren Kopf zum Atmen nicht mehr drehen m\u00fcssen und sich so auf Ihre Technik und K\u00f6rperausrichtung konzentrieren k\u00f6nnen.<br \/>\nDer Schnorchel ist ideal f\u00fcr Freistil- und Schmetterlingsschwimmer, die ihre Kopfpositionierung mit dem Gesicht nach unten perfektionieren m\u00f6chten. Er kann mit einer Schwimmbrille oder einer Maske verwendet werden und verf\u00fcgt \u00fcber ein Speed Fit Kopfband f\u00fcr eine schnelle und einfache Anpassung. <\/span><\/p>\n<p>&nbsp;<\/p>\n","protected":false},"featured_media":59409,"template":"","meta":[],"product_brand":[],"product_cat":[2196,292],"product_tag":[],"class_list":{"0":"post-59404","1":"product","2":"type-product","3":"status-publish","4":"has-post-thumbnail","6":"product_cat-sales-de","7":"product_cat-training-aid-de","8":"pa_brand-speedo-de","10":"first","11":"instock","12":"sale","13":"shipping-taxable","14":"purchasable","15":"product-type-simple"},"_links":{"self":[{"href":"https:\/\/espacetriathlon.com\/de\/wp-json\/wp\/v2\/product\/59404","targetHints":{"allow":["GET"]}}],"collection":[{"href":"https:\/\/espacetriathlon.com\/de\/wp-json\/wp\/v2\/product"}],"about":[{"href":"https:\/\/espacetriathlon.com\/de\/wp-json\/wp\/v2\/types\/product"}],"version-history":[{"count":2,"href":"https:\/\/espacetriathlon.com\/de\/wp-json\/wp\/v2\/product\/59404\/revisions"}],"predecessor-version":[{"id":59420,"href":"https:\/\/espacetriathlon.com\/de\/wp-json\/wp\/v2\/product\/59404\/revisions\/59420"}],"wp:featuredmedia":[{"embeddable":true,"href":"https:\/\/espacetriathlon.com\/de\/wp-json\/wp\/v2\/media\/59409"}],"wp:attachment":[{"href":"https:\/\/espacetriathlon.com\/de\/wp-json\/wp\/v2\/media?parent=59404"}],"wp:term":[{"taxonomy":"product_brand","embeddable":true,"href":"https:\/\/espacetriathlon.com\/de\/wp-json\/wp\/v2\/product_brand?post=59404"},{"taxonomy":"product_cat","embeddable":true,"href":"https:\/\/espacetriathlon.com\/de\/wp-json\/wp\/v2\/product_cat?post=59404"},{"taxonomy":"product_tag","embeddable":true,"href":"https:\/\/espacetriathlon.com\/de\/wp-json\/wp\/v2\/product_tag?post=59404"}],"curies":[{"name":"wp","href":"https:\/\/api.w.org\/{rel}","templated":true}]}}