{"id":5948,"date":"2021-03-10T12:17:10","date_gmt":"2021-03-10T12:17:10","guid":{"rendered":"https:\/\/espacetriathlon.com\/product\/rash-guard-long-sleeve-unisex\/"},"modified":"2024-07-12T12:14:00","modified_gmt":"2024-07-12T12:14:00","slug":"rash-guard-long-sleeve-unisex","status":"publish","type":"product","link":"https:\/\/espacetriathlon.com\/de\/product\/rash-guard-long-sleeve-unisex\/","title":{"rendered":"Rash Guard Long Sleeve &#8211; Unisex"},"content":{"rendered":"<p>\u201eGEWEBE<br \/>\nCl-PRO FLEX \u2013 190 GSM: 78 % POLYAMID, 22 % LYCRA X-LIFE hergestellt in Italien.<\/p>\n<p>CHLORBEST\u00c4NDIG<br \/>\nDie f\u00fcr dieses Hemd verwendetet italienische Xtra Life Lycra zeigt im Vergleich zu Standardgeweben eine l\u00e4ngere Haltbarbeit auch bei intensivem Training.<\/p>\n<p>FARB- UND FORMBEST\u00c4NDIG<br \/>\nDank der Vorbehandlung elastisch und bequem bei wasserabweisenden Eigenschaften.<\/p>\n<p>SONNENSCHUTZ<br \/>\nDas Gewebe mit Lichtschutzfaktor 50+ bietet UV-Schutz und macht dieses Hemd damit zu einem optimalen Begleiter f\u00fcr jeden Wasser- oder Outdoorsport.<\/p>\n<p>SICHTBARKEIT<br \/>\nDas leuchtende Orange macht dich gut sichtbar und verleiht dir bei jedem Sport im Freiwasser zus\u00e4tzliche Sicherheit.<\/p>\n","protected":false},"excerpt":{"rendered":"<p>Das ideale Schwimmlycra, das gleichzeitig vor der Sonne sch\u00fctzt und hohe Sichtbarkeit bietet. Gib deiner Sicherheit im Freiwasser h\u00f6chste Priorit\u00e4t.<\/p>\n","protected":false},"featured_media":49503,"template":"","meta":[],"product_brand":[],"product_cat":[271],"product_tag":[],"class_list":{"0":"post-5948","1":"product","2":"type-product","3":"status-publish","4":"has-post-thumbnail","6":"product_cat-openwater-de","7":"pa_brand-orca-de","8":"pa_size-xs-de","9":"pa_size-s-de","10":"pa_size-m-de","11":"pa_size-l-de","12":"pa_size-xl-de","13":"pa_size-xxl-de","15":"first","16":"instock","17":"sale","18":"shipping-taxable","19":"purchasable","20":"product-type-variable"},"_links":{"self":[{"href":"https:\/\/espacetriathlon.com\/de\/wp-json\/wp\/v2\/product\/5948","targetHints":{"allow":["GET"]}}],"collection":[{"href":"https:\/\/espacetriathlon.com\/de\/wp-json\/wp\/v2\/product"}],"about":[{"href":"https:\/\/espacetriathlon.com\/de\/wp-json\/wp\/v2\/types\/product"}],"version-history":[{"count":2,"href":"https:\/\/espacetriathlon.com\/de\/wp-json\/wp\/v2\/product\/5948\/revisions"}],"predecessor-version":[{"id":36405,"href":"https:\/\/espacetriathlon.com\/de\/wp-json\/wp\/v2\/product\/5948\/revisions\/36405"}],"wp:featuredmedia":[{"embeddable":true,"href":"https:\/\/espacetriathlon.com\/de\/wp-json\/wp\/v2\/media\/49503"}],"wp:attachment":[{"href":"https:\/\/espacetriathlon.com\/de\/wp-json\/wp\/v2\/media?parent=5948"}],"wp:term":[{"taxonomy":"product_brand","embeddable":true,"href":"https:\/\/espacetriathlon.com\/de\/wp-json\/wp\/v2\/product_brand?post=5948"},{"taxonomy":"product_cat","embeddable":true,"href":"https:\/\/espacetriathlon.com\/de\/wp-json\/wp\/v2\/product_cat?post=5948"},{"taxonomy":"product_tag","embeddable":true,"href":"https:\/\/espacetriathlon.com\/de\/wp-json\/wp\/v2\/product_tag?post=5948"}],"curies":[{"name":"wp","href":"https:\/\/api.w.org\/{rel}","templated":true}]}}