{"id":59515,"date":"2025-12-18T14:39:04","date_gmt":"2025-12-18T14:39:04","guid":{"rendered":"https:\/\/espacetriathlon.com\/product\/spiky-iii-rucksack-purple\/"},"modified":"2025-12-18T14:39:04","modified_gmt":"2025-12-18T14:39:04","slug":"spiky-iii-rucksack-purple","status":"publish","type":"product","link":"https:\/\/espacetriathlon.com\/de\/product\/spiky-iii-rucksack-purple\/","title":{"rendered":"Spiky III Rucksack Purple"},"content":{"rendered":"<ul>\n<li>Ger\u00e4umiger und bequemer Rucksack mit mehreren F\u00e4chern f\u00fcr den einfachen Transport von Sportausr\u00fcstung und nasser Badebekleidung<\/li>\n<li>Gro\u00dfes Hauptfach, drei zus\u00e4tzliche Rei\u00dfverschlusstaschen, seitliche Netztaschen, separate Tasche f\u00fcr nasse Gegenst\u00e4nde<\/li>\n<li>Verst\u00e4rkter Boden, gepolsterter und atmungsaktiver R\u00fccken, bequeme Gurte, wasserabweisendes Material, Ma\u00dfe: 50 cm x 36 cm x 27 cm, 45 L<\/li>\n<li>Ideal f\u00fcr Schwimmtraining, Wettk\u00e4mpfe und andere sportliche Aktivit\u00e4ten<\/li>\n<\/ul>\n","protected":false},"excerpt":{"rendered":"<p>Der ger\u00e4umige, komfortable und stilvolle arena 45L Spiky III Rucksack wurde speziell f\u00fcr Schwimmer entwickelt. Das ger\u00e4umige Hauptfach, drei zus\u00e4tzliche Rei\u00dfverschlusstaschen, seitliche Netztaschen und eine separate Tasche f\u00fcr nasse Gegenst\u00e4nde bieten viel Stauraum. Mit atmungsaktiven Netzeins\u00e4tzen und wasserabweisendem Material f\u00fcr optimale Feuchtigkeitsregulierung. Das gepolsterte, atmungsaktive R\u00fcckenteil und die ergonomischen Gurte sorgen f\u00fcr hervorragenden Komfort. Der wasserabweisende Boden sch\u00fctzt den Inhalt auf nassen Oberfl\u00e4chen. Abmessungen: 50cm x 36cm x 27cm, 45L     <\/p>\n<ul>\n<li>Ger\u00e4umiger und bequemer Rucksack mit mehreren F\u00e4chern f\u00fcr den einfachen Transport von Sportausr\u00fcstung und nasser Badebekleidung<\/li>\n<li>Gro\u00dfes Hauptfach, drei zus\u00e4tzliche Rei\u00dfverschlusstaschen, seitliche Netztaschen, separate Tasche f\u00fcr nasse Gegenst\u00e4nde<\/li>\n<li>Verst\u00e4rkter Boden, gepolsterter und atmungsaktiver R\u00fccken, bequeme Gurte, wasserabweisendes Material, Ma\u00dfe: 50 cm x 36 cm x 27 cm, 45 L<\/li>\n<li>Ideal f\u00fcr Schwimmtraining, Wettk\u00e4mpfe und andere sportliche Aktivit\u00e4ten<\/li>\n<\/ul>\n","protected":false},"featured_media":59511,"template":"","meta":[],"product_brand":[],"product_cat":[280,326],"product_tag":[],"class_list":{"0":"post-59515","1":"product","2":"type-product","3":"status-publish","4":"has-post-thumbnail","6":"product_cat-accessories-swims-de","7":"product_cat-bags-de","8":"pa_brand-arena-de-2","10":"first","11":"instock","12":"shipping-taxable","13":"purchasable","14":"product-type-simple"},"_links":{"self":[{"href":"https:\/\/espacetriathlon.com\/de\/wp-json\/wp\/v2\/product\/59515","targetHints":{"allow":["GET"]}}],"collection":[{"href":"https:\/\/espacetriathlon.com\/de\/wp-json\/wp\/v2\/product"}],"about":[{"href":"https:\/\/espacetriathlon.com\/de\/wp-json\/wp\/v2\/types\/product"}],"version-history":[{"count":0,"href":"https:\/\/espacetriathlon.com\/de\/wp-json\/wp\/v2\/product\/59515\/revisions"}],"wp:featuredmedia":[{"embeddable":true,"href":"https:\/\/espacetriathlon.com\/de\/wp-json\/wp\/v2\/media\/59511"}],"wp:attachment":[{"href":"https:\/\/espacetriathlon.com\/de\/wp-json\/wp\/v2\/media?parent=59515"}],"wp:term":[{"taxonomy":"product_brand","embeddable":true,"href":"https:\/\/espacetriathlon.com\/de\/wp-json\/wp\/v2\/product_brand?post=59515"},{"taxonomy":"product_cat","embeddable":true,"href":"https:\/\/espacetriathlon.com\/de\/wp-json\/wp\/v2\/product_cat?post=59515"},{"taxonomy":"product_tag","embeddable":true,"href":"https:\/\/espacetriathlon.com\/de\/wp-json\/wp\/v2\/product_tag?post=59515"}],"curies":[{"name":"wp","href":"https:\/\/api.w.org\/{rel}","templated":true}]}}