{"id":60016,"date":"2026-01-02T19:26:12","date_gmt":"2026-01-02T19:26:12","guid":{"rendered":"https:\/\/espacetriathlon.com\/product\/hayden-goggles\/"},"modified":"2026-01-02T19:26:12","modified_gmt":"2026-01-02T19:26:12","slug":"hayden-goggles","status":"publish","type":"product","link":"https:\/\/espacetriathlon.com\/de\/product\/hayden-goggles\/","title":{"rendered":"Hayden Goggles"},"content":{"rendered":"<div id=\"product-details-features\" class=\"product-details-information-tab-content-container tb-container-col collapse in\" data-type=\"information-content-text\" aria-expanded=\"true\">\n<div class=\"product-details-information-tab-content-container-main\">\n<div class=\"fab-left\">\n<div class=\"col-sm-12\">\n<ul>\n<li><b>HIGH-PERFORMANCE GOGGLE:<\/b> Elite-Renn- und Trainingsbrille f\u00fcr Schwimmer und Triathleten<\/li>\n<li><b>PANORAMAGL\u00c4SER:<\/b> Die umlaufenden Low-Profile-Gl\u00e4ser vergr\u00f6\u00dfern das Sichtfeld und reduzieren den Luftwiderstand<\/li>\n<li><b>SILIKON-AUGENDICHTUNGEN:<\/b> Bietet zus\u00e4tzlichen Komfort und eine wasserdichte Abdichtung, um jede Runde ablenkungsfrei zu gestalten<\/li>\n<li><b>AUSTAUSCHBARE Nasenstege:<\/b> Drei austauschbare Nasenstege sorgen f\u00fcr eine individuelle Passform<\/li>\n<li><b>DOPPELTE SILIKONRIEMEN:<\/b> Verteilt den Druck gleichm\u00e4\u00dfig um den Kopf f\u00fcr zus\u00e4tzlichen Komfort<\/li>\n<\/ul>\n<\/div>\n<\/div>\n<\/div>\n<\/div>\n","protected":false},"excerpt":{"rendered":"<p><span class=\"s1\">Die Hayden Goggles sind eine Hochleistungsbrille f\u00fcr Leistungsschwimmer und Triathleten. Diese Brille wurde vom 3-fachen kanadischen Olympiasieger Brent Hayden entwickelt und verf\u00fcgt \u00fcber flache Panoramagl\u00e4ser, die Ihr Sichtfeld vergr\u00f6\u00dfern und den Luftwiderstand verringern. Verspiegelte Gl\u00e4ser reduzieren die Blendung durch die Sonne und bieten UV-Schutz. Verstellbare Riemen und Silikondichtungen sorgen f\u00fcr maximalen Komfort und verhindern ein Auslaufen. Anti-Beschlag-behandelte Gl\u00e4ser sorgen f\u00fcr klare Sicht beim Schwimmen.    <\/span><\/p>\n","protected":false},"featured_media":60010,"template":"","meta":[],"product_brand":[],"product_cat":[283],"product_tag":[],"class_list":{"0":"post-60016","1":"product","2":"type-product","3":"status-publish","4":"has-post-thumbnail","6":"product_cat-goggles-de","7":"pa_brand-finis-de","9":"first","10":"instock","11":"shipping-taxable","12":"purchasable","13":"product-type-simple"},"_links":{"self":[{"href":"https:\/\/espacetriathlon.com\/de\/wp-json\/wp\/v2\/product\/60016","targetHints":{"allow":["GET"]}}],"collection":[{"href":"https:\/\/espacetriathlon.com\/de\/wp-json\/wp\/v2\/product"}],"about":[{"href":"https:\/\/espacetriathlon.com\/de\/wp-json\/wp\/v2\/types\/product"}],"version-history":[{"count":0,"href":"https:\/\/espacetriathlon.com\/de\/wp-json\/wp\/v2\/product\/60016\/revisions"}],"wp:featuredmedia":[{"embeddable":true,"href":"https:\/\/espacetriathlon.com\/de\/wp-json\/wp\/v2\/media\/60010"}],"wp:attachment":[{"href":"https:\/\/espacetriathlon.com\/de\/wp-json\/wp\/v2\/media?parent=60016"}],"wp:term":[{"taxonomy":"product_brand","embeddable":true,"href":"https:\/\/espacetriathlon.com\/de\/wp-json\/wp\/v2\/product_brand?post=60016"},{"taxonomy":"product_cat","embeddable":true,"href":"https:\/\/espacetriathlon.com\/de\/wp-json\/wp\/v2\/product_cat?post=60016"},{"taxonomy":"product_tag","embeddable":true,"href":"https:\/\/espacetriathlon.com\/de\/wp-json\/wp\/v2\/product_tag?post=60016"}],"curies":[{"name":"wp","href":"https:\/\/api.w.org\/{rel}","templated":true}]}}