{"id":60055,"date":"2026-01-07T11:20:49","date_gmt":"2026-01-07T11:20:49","guid":{"rendered":"https:\/\/espacetriathlon.com\/product\/endura-max-titanium\/"},"modified":"2026-01-07T11:20:49","modified_gmt":"2026-01-07T11:20:49","slug":"endura-max-titanium","status":"publish","type":"product","link":"https:\/\/espacetriathlon.com\/de\/product\/endura-max-titanium\/","title":{"rendered":"Endura Max Titanium"},"content":{"rendered":"<p>Titan : Am besten f\u00fcr starkes Licht geeignet und sch\u00fctzt Ihre Augen vor extremer Sonneneinstrahlung.<\/p>\n<p>Curved Lens Technology : CLT bietet dem Schwimmer 180 Grad periphere Sicht und kristallklare Klarheit. Ideal f\u00fcr das Schwimmen in einer Menschenmenge oder mit anderen auf Ihrer Bahn. <\/p>\n<p>Anti-Beschlag-Glas : Alle Zoggs-Gl\u00e4ser bieten standardm\u00e4\u00dfig UV-Schutz und Anti-Beschlag.<\/p>\n<p>&nbsp;<\/p>\n","protected":false},"excerpt":{"rendered":"<p>Verbessern Sie Ihre Leistung mit der neuen Zoggs Endura Titanium Max Schwimmbrille &#8211; neu gestaltet f\u00fcr mehr Komfort und Sicht. Gew\u00f6lbte Gl\u00e4ser, weiche Silikondichtung und verstellbarer Nasensteg f\u00fcr blendfreie Sicht. <\/p>\n<p>Zoggs<\/p>\n","protected":false},"featured_media":60049,"template":"","meta":[],"product_brand":[],"product_cat":[283],"product_tag":[],"class_list":{"0":"post-60055","1":"product","2":"type-product","3":"status-publish","4":"has-post-thumbnail","6":"product_cat-goggles-de","8":"first","9":"instock","10":"shipping-taxable","11":"purchasable","12":"product-type-simple"},"_links":{"self":[{"href":"https:\/\/espacetriathlon.com\/de\/wp-json\/wp\/v2\/product\/60055","targetHints":{"allow":["GET"]}}],"collection":[{"href":"https:\/\/espacetriathlon.com\/de\/wp-json\/wp\/v2\/product"}],"about":[{"href":"https:\/\/espacetriathlon.com\/de\/wp-json\/wp\/v2\/types\/product"}],"version-history":[{"count":0,"href":"https:\/\/espacetriathlon.com\/de\/wp-json\/wp\/v2\/product\/60055\/revisions"}],"wp:featuredmedia":[{"embeddable":true,"href":"https:\/\/espacetriathlon.com\/de\/wp-json\/wp\/v2\/media\/60049"}],"wp:attachment":[{"href":"https:\/\/espacetriathlon.com\/de\/wp-json\/wp\/v2\/media?parent=60055"}],"wp:term":[{"taxonomy":"product_brand","embeddable":true,"href":"https:\/\/espacetriathlon.com\/de\/wp-json\/wp\/v2\/product_brand?post=60055"},{"taxonomy":"product_cat","embeddable":true,"href":"https:\/\/espacetriathlon.com\/de\/wp-json\/wp\/v2\/product_cat?post=60055"},{"taxonomy":"product_tag","embeddable":true,"href":"https:\/\/espacetriathlon.com\/de\/wp-json\/wp\/v2\/product_tag?post=60055"}],"curies":[{"name":"wp","href":"https:\/\/api.w.org\/{rel}","templated":true}]}}