{"id":60151,"date":"2026-01-07T13:51:15","date_gmt":"2026-01-07T13:51:15","guid":{"rendered":"https:\/\/espacetriathlon.com\/product\/set-zephir-junior\/"},"modified":"2026-01-07T13:51:15","modified_gmt":"2026-01-07T13:51:15","slug":"set-zephir-junior","status":"publish","type":"product","link":"https:\/\/espacetriathlon.com\/de\/product\/set-zephir-junior\/","title":{"rendered":"Set Zephir Junior"},"content":{"rendered":"","protected":false},"excerpt":{"rendered":"<p>Das Zephir Jr-Set ist die Schnorchell\u00f6sung f\u00fcr Kinder im Alter von 8 bis 14 Jahren. Die Zephir-Maske hat ein ergonomisches Design mit einem Siliter-Gesichtsst\u00fcck, ist robust, leicht zu tragen und hat ein gro\u00dfes Sichtfeld.<br \/>\nDer Schnorchel hat ein ergonomisches Siliter-Mundst\u00fcck. <\/p>\n","protected":false},"featured_media":60139,"template":"","meta":[],"product_brand":[],"product_cat":[986,283,289],"product_tag":[],"class_list":{"0":"post-60151","1":"product","2":"type-product","3":"status-publish","4":"has-post-thumbnail","6":"product_cat-freediving-de","7":"product_cat-goggles-de","8":"product_cat-snorkels-de","9":"pa_brand-mares","10":"pa_color_n-blue-de","11":"pa_color_n-pink-de","13":"first","14":"instock","15":"shipping-taxable","16":"purchasable","17":"product-type-variable"},"_links":{"self":[{"href":"https:\/\/espacetriathlon.com\/de\/wp-json\/wp\/v2\/product\/60151","targetHints":{"allow":["GET"]}}],"collection":[{"href":"https:\/\/espacetriathlon.com\/de\/wp-json\/wp\/v2\/product"}],"about":[{"href":"https:\/\/espacetriathlon.com\/de\/wp-json\/wp\/v2\/types\/product"}],"version-history":[{"count":0,"href":"https:\/\/espacetriathlon.com\/de\/wp-json\/wp\/v2\/product\/60151\/revisions"}],"wp:featuredmedia":[{"embeddable":true,"href":"https:\/\/espacetriathlon.com\/de\/wp-json\/wp\/v2\/media\/60139"}],"wp:attachment":[{"href":"https:\/\/espacetriathlon.com\/de\/wp-json\/wp\/v2\/media?parent=60151"}],"wp:term":[{"taxonomy":"product_brand","embeddable":true,"href":"https:\/\/espacetriathlon.com\/de\/wp-json\/wp\/v2\/product_brand?post=60151"},{"taxonomy":"product_cat","embeddable":true,"href":"https:\/\/espacetriathlon.com\/de\/wp-json\/wp\/v2\/product_cat?post=60151"},{"taxonomy":"product_tag","embeddable":true,"href":"https:\/\/espacetriathlon.com\/de\/wp-json\/wp\/v2\/product_tag?post=60151"}],"curies":[{"name":"wp","href":"https:\/\/api.w.org\/{rel}","templated":true}]}}