{"id":60178,"date":"2026-01-07T14:20:10","date_gmt":"2026-01-07T14:20:10","guid":{"rendered":"https:\/\/espacetriathlon.com\/product\/neopren-socken-3\/"},"modified":"2026-01-07T14:20:10","modified_gmt":"2026-01-07T14:20:10","slug":"neopren-socken-3","status":"publish","type":"product","link":"https:\/\/espacetriathlon.com\/de\/product\/neopren-socken-3\/","title":{"rendered":"Neopren Socken 3"},"content":{"rendered":"<div class=\"section-module-contents_container-5Da pb-sm pt-0\">\n<div class=\"productInformation-textBlock-OOB\">\n<ul>\n<li>3mm doppeltes Stretch-Neopren<\/li>\n<li>Breathability<\/li>\n<li>Geklebte Au\u00dfenn\u00e4hte<\/li>\n<li>Geeignete offene Gew\u00e4sser<\/li>\n<\/ul>\n<\/div>\n<\/div>\n","protected":false},"excerpt":{"rendered":"<p>Diese Zoggs Neo 3 Socken sind perfekt f\u00fcr Multisportler, besonders wenn sie im offenen Wasser schwimmen. Sie bestehen aus 3 mm doppeltem Stretch-Neopren, das in kalten Gew\u00e4ssern eine hervorragende W\u00e4rmeisolierung bietet. Dieses Material sorgt f\u00fcr eine l\u00e4ngere Lebensdauer und bietet Ihnen gleichzeitig Atmungsaktivit\u00e4t und Bewegungsfreiheit. Das 3 mm starke Neopren ist extrem robust und hat verschwei\u00dfte Au\u00dfenn\u00e4hte.   <\/p>\n<p>Zoggs<\/p>\n","protected":false},"featured_media":60166,"template":"","meta":[],"product_brand":[],"product_cat":[271],"product_tag":[],"class_list":{"0":"post-60178","1":"product","2":"type-product","3":"status-publish","4":"has-post-thumbnail","6":"product_cat-openwater-de","7":"pa_brand-zoggs-de-2","8":"pa_socks-l-eu42-5","9":"pa_socks-m-eu41","10":"pa_socks-s-eu40","11":"pa_socks-xl-eu44","12":"pa_socks-xs-eu38","13":"pa_socks-xxs-eu37","15":"first","16":"instock","17":"shipping-taxable","18":"purchasable","19":"product-type-variable"},"_links":{"self":[{"href":"https:\/\/espacetriathlon.com\/de\/wp-json\/wp\/v2\/product\/60178","targetHints":{"allow":["GET"]}}],"collection":[{"href":"https:\/\/espacetriathlon.com\/de\/wp-json\/wp\/v2\/product"}],"about":[{"href":"https:\/\/espacetriathlon.com\/de\/wp-json\/wp\/v2\/types\/product"}],"version-history":[{"count":0,"href":"https:\/\/espacetriathlon.com\/de\/wp-json\/wp\/v2\/product\/60178\/revisions"}],"wp:featuredmedia":[{"embeddable":true,"href":"https:\/\/espacetriathlon.com\/de\/wp-json\/wp\/v2\/media\/60166"}],"wp:attachment":[{"href":"https:\/\/espacetriathlon.com\/de\/wp-json\/wp\/v2\/media?parent=60178"}],"wp:term":[{"taxonomy":"product_brand","embeddable":true,"href":"https:\/\/espacetriathlon.com\/de\/wp-json\/wp\/v2\/product_brand?post=60178"},{"taxonomy":"product_cat","embeddable":true,"href":"https:\/\/espacetriathlon.com\/de\/wp-json\/wp\/v2\/product_cat?post=60178"},{"taxonomy":"product_tag","embeddable":true,"href":"https:\/\/espacetriathlon.com\/de\/wp-json\/wp\/v2\/product_tag?post=60178"}],"curies":[{"name":"wp","href":"https:\/\/api.w.org\/{rel}","templated":true}]}}