{"id":60219,"date":"2026-01-08T15:56:20","date_gmt":"2026-01-08T15:56:20","guid":{"rendered":"https:\/\/espacetriathlon.com\/product\/x-lite-junior\/"},"modified":"2026-01-08T15:56:20","modified_gmt":"2026-01-08T15:56:20","slug":"x-lite-junior","status":"publish","type":"product","link":"https:\/\/espacetriathlon.com\/de\/product\/x-lite-junior\/","title":{"rendered":"X-lite Junior"},"content":{"rendered":"","protected":false},"excerpt":{"rendered":"<p>Diese Schwimmbrille f\u00fcr Kinder ist mit einem weichen Silikonrahmen und einer Dichtung f\u00fcr optimalen Komfort ausgestattet. Sie macht Spa\u00df, ist einfach zu bedienen und perfekt f\u00fcr den regelm\u00e4\u00dfigen Gebrauch.<\/p>\n<ul>\n<li>Kleine Objektive, speziell f\u00fcr Kinder entwickelt<\/li>\n<li>Weicher Silikonrahmen und Dichtung f\u00fcr ultimativen Komfort<\/li>\n<li>Selbstanpassende Nasenbr\u00fccke<\/li>\n<li>Starkes Gummiband mit &#8220;ACS&#8221;-System f\u00fcr einfache Anpassung um den Kopf<\/li>\n<li>Farbenfrohes Design. PVC-frei <\/li>\n<li>UV-Schutz. Anti-Beschlag-Behandlung <\/li>\n<\/ul>\n","protected":false},"featured_media":60209,"template":"","meta":[],"product_brand":[],"product_cat":[283],"product_tag":[],"class_list":{"0":"post-60219","1":"product","2":"type-product","3":"status-publish","4":"has-post-thumbnail","6":"product_cat-goggles-de","7":"pa_brand-arena-de-2","9":"first","10":"instock","11":"shipping-taxable","12":"purchasable","13":"product-type-simple"},"_links":{"self":[{"href":"https:\/\/espacetriathlon.com\/de\/wp-json\/wp\/v2\/product\/60219","targetHints":{"allow":["GET"]}}],"collection":[{"href":"https:\/\/espacetriathlon.com\/de\/wp-json\/wp\/v2\/product"}],"about":[{"href":"https:\/\/espacetriathlon.com\/de\/wp-json\/wp\/v2\/types\/product"}],"version-history":[{"count":0,"href":"https:\/\/espacetriathlon.com\/de\/wp-json\/wp\/v2\/product\/60219\/revisions"}],"wp:featuredmedia":[{"embeddable":true,"href":"https:\/\/espacetriathlon.com\/de\/wp-json\/wp\/v2\/media\/60209"}],"wp:attachment":[{"href":"https:\/\/espacetriathlon.com\/de\/wp-json\/wp\/v2\/media?parent=60219"}],"wp:term":[{"taxonomy":"product_brand","embeddable":true,"href":"https:\/\/espacetriathlon.com\/de\/wp-json\/wp\/v2\/product_brand?post=60219"},{"taxonomy":"product_cat","embeddable":true,"href":"https:\/\/espacetriathlon.com\/de\/wp-json\/wp\/v2\/product_cat?post=60219"},{"taxonomy":"product_tag","embeddable":true,"href":"https:\/\/espacetriathlon.com\/de\/wp-json\/wp\/v2\/product_tag?post=60219"}],"curies":[{"name":"wp","href":"https:\/\/api.w.org\/{rel}","templated":true}]}}