{"id":60264,"date":"2026-01-17T12:07:45","date_gmt":"2026-01-17T12:07:45","guid":{"rendered":"https:\/\/espacetriathlon.com\/product\/r2-3-0-aurora-schwarz\/"},"modified":"2026-01-17T12:07:45","modified_gmt":"2026-01-17T12:07:45","slug":"r2-3-0-aurora-schwarz","status":"publish","type":"product","link":"https:\/\/espacetriathlon.com\/de\/product\/r2-3-0-aurora-schwarz\/","title":{"rendered":"R2 3.0 Aurora Schwarz"},"content":{"rendered":"<p>Hergestellt in Portugal<\/p>\n","protected":false},"excerpt":{"rendered":"<p>Verbesserte Balance und Stabilit\u00e4t dank der strukturierten Fibular Stripes, die die Propriozeption stimulieren, die Griffigkeit erh\u00f6hen und das Risiko von Kn\u00f6chelverstauchungen verringern<br \/>\nHochgradige Muskelunterst\u00fctzung f\u00fcr die Waden, die dank der gezielten 360-Grad-Kompression das Risiko von Verletzungen und Kr\u00e4mpfen verringert<br \/>\nGezielte Bereiche mit gepr\u00e4gter Webung f\u00f6rdern die Mikrozirkulation, wodurch Entz\u00fcndungen und Magenprobleme bei langen L\u00e4ufen verringert werden<\/p>\n<p>Ber\u00fccksichtigen Sie bei der Wahl der Gr\u00f6\u00dfe Ihren Wadenumfang<\/p>\n","protected":false},"featured_media":60256,"template":"","meta":[],"product_brand":[],"product_cat":[1712,301],"product_tag":[],"class_list":{"0":"post-60264","1":"product","2":"type-product","3":"status-publish","4":"has-post-thumbnail","6":"product_cat-accessories-tri-de-2","7":"product_cat-run-accessories-triathlon-de","8":"pa_brand-compressport-de","10":"first","11":"instock","12":"shipping-taxable","13":"purchasable","14":"product-type-variable"},"_links":{"self":[{"href":"https:\/\/espacetriathlon.com\/de\/wp-json\/wp\/v2\/product\/60264","targetHints":{"allow":["GET"]}}],"collection":[{"href":"https:\/\/espacetriathlon.com\/de\/wp-json\/wp\/v2\/product"}],"about":[{"href":"https:\/\/espacetriathlon.com\/de\/wp-json\/wp\/v2\/types\/product"}],"version-history":[{"count":0,"href":"https:\/\/espacetriathlon.com\/de\/wp-json\/wp\/v2\/product\/60264\/revisions"}],"wp:featuredmedia":[{"embeddable":true,"href":"https:\/\/espacetriathlon.com\/de\/wp-json\/wp\/v2\/media\/60256"}],"wp:attachment":[{"href":"https:\/\/espacetriathlon.com\/de\/wp-json\/wp\/v2\/media?parent=60264"}],"wp:term":[{"taxonomy":"product_brand","embeddable":true,"href":"https:\/\/espacetriathlon.com\/de\/wp-json\/wp\/v2\/product_brand?post=60264"},{"taxonomy":"product_cat","embeddable":true,"href":"https:\/\/espacetriathlon.com\/de\/wp-json\/wp\/v2\/product_cat?post=60264"},{"taxonomy":"product_tag","embeddable":true,"href":"https:\/\/espacetriathlon.com\/de\/wp-json\/wp\/v2\/product_tag?post=60264"}],"curies":[{"name":"wp","href":"https:\/\/api.w.org\/{rel}","templated":true}]}}