{"id":60305,"date":"2026-01-19T12:20:53","date_gmt":"2026-01-19T12:20:53","guid":{"rendered":"https:\/\/espacetriathlon.com\/product\/coros-pace-3\/"},"modified":"2026-01-19T12:20:53","modified_gmt":"2026-01-19T12:20:53","slug":"coros-pace-3","status":"publish","type":"product","link":"https:\/\/espacetriathlon.com\/de\/product\/coros-pace-3\/","title":{"rendered":"Coros Pace 3"},"content":{"rendered":"<p>Mit einer Reihe von leistungsstarken Tools, einschlie\u00dflich der Turn-by-Turn-Navigation, k\u00f6nnen Sie auch au\u00dferhalb Ihres Viertels sicher laufen. Ein neu entwickelter Satellitenchipsatz mit optionaler Doppelfrequenz sorgt f\u00fcr genaue GPS-Daten, selbst in Hochhausst\u00e4dten wie New York und Chicago. Laufen Sie Trails, radeln Sie in der Halle, schwimmen Sie, machen Sie Krafttraining &#8211; oder fahren Sie Ski. PACE 3 bietet eine umfassende Auswahl an Aktivit\u00e4tsmodi, die f\u00fcr genaue Messungen optimiert sind. Erstellen Sie ganz einfach benutzerdefinierte Routen oder suchen Sie nach einem Ziel und synchronisieren Sie es mit PACE 3 auf der Seite &#8220;Entdecken&#8221; der COROS App. Der optische Herzfrequenzsensor der n\u00e4chsten Generation von Coros misst Ihren Schlaf, die Sauerstoffs\u00e4ttigung (SpO2) und die Trainingsintensit\u00e4t und bietet Ihnen die genauesten Messungen an Ihrem Handgelenk. Mit 24\/7-Komfort, pr\u00e4zisen Sensoren und unglaublicher Akkulaufzeit liefert PACE 3 Nacht f\u00fcr Nacht detaillierte Daten zu Ihrer Schlaferholung. Synchronisieren Sie direkt mit Ihren bevorzugten Gesundheits- und Fitness-Apps, wie Strava, Nike Run Club, Apple Health und Health Connect. Bleiben Sie in Verbindung, indem Sie eingehende SMS und Anrufe anzeigen, Ihr verlegtes Ger\u00e4t mit &#8216;Find My Phone&#8217; orten und Ihre GoPro- und Insta360-Kameras direkt von Ihrem Handgelenk aus steuern.        <\/p>\n<ul>\n<li>Leicht und schlank f\u00fcr Komfort den ganzen Tag und die ganze Nacht<\/li>\n<li>Verl\u00e4ngerte Akkulaufzeit f\u00fcr wochenlanges, kontinuierliches Training<\/li>\n<li>Optische Herzfrequenz- und SpO2-Sensoren der n\u00e4chsten Generation<\/li>\n<li>Barometrischer H\u00f6henmesser f\u00fcr genaue H\u00f6henmessung<\/li>\n<li>Brotkr\u00fcmel-Navigation, damit Sie den \u00dcberblick behalten<\/li>\n<li>St\u00e4ndig eingeschaltetes 1,2-Zoll-Transflektiv-Touchscreen-Display<\/li>\n<li>Zweifrequenz-GPS f\u00fcr genaue Entfernungsberechnung<\/li>\n<li>Genie\u00dfen Sie Ihre Lieblingsmusik mit integrierter Audiounterst\u00fctzung<\/li>\n<li>Inklusive Uhrenarmband und Ladekabel<\/li>\n<\/ul>\n<p>Die gesch\u00e4tzte Gr\u00f6\u00dfe des Packst\u00fccks oder der Verpackung betr\u00e4gt 120 x 120 x 120 mm.<\/p>\n","protected":false},"excerpt":{"rendered":"<p>Der PACE 3 \u00fcbertrifft seinen legend\u00e4ren Vorg\u00e4nger in jeder Hinsicht und bietet noch mehr Leistung. Verfolgen Sie Ihr Training und Ihre Erholung mit einer leichten und komfortablen Uhr, die mit fortschrittlicher Technologie, herausragender Datengenauigkeit und der branchenf\u00fchrenden COROS Trainingssoftware ausgestattet ist. Die COROS PACE 3 ebnet Ihnen den Weg, um Ihr Potenzial zu entdecken. Mit der erh\u00f6hten Batteriekapazit\u00e4t maximiert die PACE 3 die Zeit am Handgelenk und minimiert die Ladezeit. Das superleichte, schlanke Geh\u00e4use des PACE 3 sorgt rund um die Uhr f\u00fcr Komfort und garantiert ablenkungsfreies Tragen.    <\/p>\n","protected":false},"featured_media":60283,"template":"","meta":[],"product_brand":[],"product_cat":[1712,2196,301],"product_tag":[],"class_list":{"0":"post-60305","1":"product","2":"type-product","3":"status-publish","4":"has-post-thumbnail","6":"product_cat-accessories-tri-de-2","7":"product_cat-sales-de","8":"product_cat-run-accessories-triathlon-de","9":"pa_brand-coros","10":"pa_color_n-black-de","11":"pa_color_n-white-de","13":"first","14":"instock","15":"sale","16":"shipping-taxable","17":"purchasable","18":"product-type-variable"},"_links":{"self":[{"href":"https:\/\/espacetriathlon.com\/de\/wp-json\/wp\/v2\/product\/60305","targetHints":{"allow":["GET"]}}],"collection":[{"href":"https:\/\/espacetriathlon.com\/de\/wp-json\/wp\/v2\/product"}],"about":[{"href":"https:\/\/espacetriathlon.com\/de\/wp-json\/wp\/v2\/types\/product"}],"version-history":[{"count":0,"href":"https:\/\/espacetriathlon.com\/de\/wp-json\/wp\/v2\/product\/60305\/revisions"}],"wp:featuredmedia":[{"embeddable":true,"href":"https:\/\/espacetriathlon.com\/de\/wp-json\/wp\/v2\/media\/60283"}],"wp:attachment":[{"href":"https:\/\/espacetriathlon.com\/de\/wp-json\/wp\/v2\/media?parent=60305"}],"wp:term":[{"taxonomy":"product_brand","embeddable":true,"href":"https:\/\/espacetriathlon.com\/de\/wp-json\/wp\/v2\/product_brand?post=60305"},{"taxonomy":"product_cat","embeddable":true,"href":"https:\/\/espacetriathlon.com\/de\/wp-json\/wp\/v2\/product_cat?post=60305"},{"taxonomy":"product_tag","embeddable":true,"href":"https:\/\/espacetriathlon.com\/de\/wp-json\/wp\/v2\/product_tag?post=60305"}],"curies":[{"name":"wp","href":"https:\/\/api.w.org\/{rel}","templated":true}]}}