{"id":60357,"date":"2026-01-27T13:08:29","date_gmt":"2026-01-27T13:08:29","guid":{"rendered":"https:\/\/espacetriathlon.com\/product\/one-go-mesh-bag\/"},"modified":"2026-01-27T13:08:29","modified_gmt":"2026-01-27T13:08:29","slug":"one-go-mesh-bag","status":"publish","type":"product","link":"https:\/\/espacetriathlon.com\/de\/product\/one-go-mesh-bag\/","title":{"rendered":"One Go Mesh Bag"},"content":{"rendered":"<ul>\n<li>Gro\u00dfe Netztasche f\u00fcr Schwimmzeug und Trainingsausr\u00fcstung. Durch die Netzkonstruktion kann Wasser leicht abflie\u00dfen. <\/li>\n<li>Sicherer Schnallenverschluss. Mit praktischem Griff zum Tragen und Aufh\u00e4ngen. Aus robustem, schnell trocknendem Material.  <\/li>\n<li>Die praktische Tasche kann \u00fcber eine Schulter oder als Rucksack getragen werden. Abmessungen: 65 cm x 55 cm x 1 cm, 40 Liter <\/li>\n<li>Ideal f\u00fcr Trainingsger\u00e4te, das Schwimmbad und den Strand.<\/li>\n<li>100% polyester<\/li>\n<\/ul>\n","protected":false},"excerpt":{"rendered":"<p>Die ger\u00e4umige arena One Go Netztasche ist ideal f\u00fcr den Transport von Trainingsausr\u00fcstung oder anderen Gegenst\u00e4nden. Dank der Netzkonstruktion kann Wasser leicht abflie\u00dfen. Die Tasche kann auch als Rucksack getragen werden. Ausgestattet mit einem praktischen Griff zum Aufh\u00e4ngen in der Garderobe oder zum Befestigen an einer anderen Tasche. Hergestellt aus robustem, schnell trocknendem Polyester-Netzgewebe. Abmessungen: 65 cm x 55 cm x 1 cm, 40 Liter     <\/p>\n<p>&nbsp;<\/p>\n","protected":false},"featured_media":60348,"template":"","meta":[],"product_brand":[],"product_cat":[280],"product_tag":[],"class_list":{"0":"post-60357","1":"product","2":"type-product","3":"status-publish","4":"has-post-thumbnail","6":"product_cat-accessories-swims-de","7":"pa_brand-arena-de-2","8":"pa_color_n-navy-de","9":"pa_color_n-plum-de","10":"pa_color_n-royal","11":"pa_color_n-sage-de","13":"first","14":"instock","15":"shipping-taxable","16":"purchasable","17":"product-type-variable"},"_links":{"self":[{"href":"https:\/\/espacetriathlon.com\/de\/wp-json\/wp\/v2\/product\/60357","targetHints":{"allow":["GET"]}}],"collection":[{"href":"https:\/\/espacetriathlon.com\/de\/wp-json\/wp\/v2\/product"}],"about":[{"href":"https:\/\/espacetriathlon.com\/de\/wp-json\/wp\/v2\/types\/product"}],"version-history":[{"count":0,"href":"https:\/\/espacetriathlon.com\/de\/wp-json\/wp\/v2\/product\/60357\/revisions"}],"wp:featuredmedia":[{"embeddable":true,"href":"https:\/\/espacetriathlon.com\/de\/wp-json\/wp\/v2\/media\/60348"}],"wp:attachment":[{"href":"https:\/\/espacetriathlon.com\/de\/wp-json\/wp\/v2\/media?parent=60357"}],"wp:term":[{"taxonomy":"product_brand","embeddable":true,"href":"https:\/\/espacetriathlon.com\/de\/wp-json\/wp\/v2\/product_brand?post=60357"},{"taxonomy":"product_cat","embeddable":true,"href":"https:\/\/espacetriathlon.com\/de\/wp-json\/wp\/v2\/product_cat?post=60357"},{"taxonomy":"product_tag","embeddable":true,"href":"https:\/\/espacetriathlon.com\/de\/wp-json\/wp\/v2\/product_tag?post=60357"}],"curies":[{"name":"wp","href":"https:\/\/api.w.org\/{rel}","templated":true}]}}