{"id":60451,"date":"2026-02-09T13:52:22","date_gmt":"2026-02-09T13:52:22","guid":{"rendered":"https:\/\/espacetriathlon.com\/product\/dmc-elite-flossen\/"},"modified":"2026-02-09T13:52:22","modified_gmt":"2026-02-09T13:52:22","slug":"dmc-elite-flossen","status":"publish","type":"product","link":"https:\/\/espacetriathlon.com\/de\/product\/dmc-elite-flossen\/","title":{"rendered":"DMC Elite Flossen"},"content":{"rendered":"","protected":false},"excerpt":{"rendered":"<p>Steigern Sie Ihre Kraft und Geschwindigkeit beim Training mit den neuen Speedo x DMC Elite Fins Wettkampfflossen. Die Elite-Flossen wurden in Zusammenarbeit mit dem Silikonflossen-Pionier DMC entwickelt und verf\u00fcgen \u00fcber ein V-Rail-Design, das die Flossenkanten versteift und es Ihnen erm\u00f6glicht, die Geschwindigkeit und den Vortrieb einer steiferen Flosse ohne das zus\u00e4tzliche Gewicht zu erreichen. Die kurzen Silikonflossen wurden f\u00fcr Wettkampfschwimmer und Bodysurfer entwickelt und verf\u00fcgen \u00fcber ein asymmetrisches Design, das die Kn\u00f6chel stabilisiert und die Schwimmgeschwindigkeit erh\u00f6ht, die Kickeffizienz optimiert und die Erm\u00fcdung reduziert.  <\/p>\n","protected":false},"featured_media":60435,"template":"","meta":[],"product_brand":[],"product_cat":[1618],"product_tag":[],"class_list":{"0":"post-60451","1":"product","2":"type-product","3":"status-publish","4":"has-post-thumbnail","6":"product_cat-triathlon-de","7":"pa_brand-speedo-de","9":"first","10":"instock","11":"sale","12":"shipping-taxable","13":"purchasable","14":"product-type-variable"},"_links":{"self":[{"href":"https:\/\/espacetriathlon.com\/de\/wp-json\/wp\/v2\/product\/60451","targetHints":{"allow":["GET"]}}],"collection":[{"href":"https:\/\/espacetriathlon.com\/de\/wp-json\/wp\/v2\/product"}],"about":[{"href":"https:\/\/espacetriathlon.com\/de\/wp-json\/wp\/v2\/types\/product"}],"version-history":[{"count":0,"href":"https:\/\/espacetriathlon.com\/de\/wp-json\/wp\/v2\/product\/60451\/revisions"}],"wp:featuredmedia":[{"embeddable":true,"href":"https:\/\/espacetriathlon.com\/de\/wp-json\/wp\/v2\/media\/60435"}],"wp:attachment":[{"href":"https:\/\/espacetriathlon.com\/de\/wp-json\/wp\/v2\/media?parent=60451"}],"wp:term":[{"taxonomy":"product_brand","embeddable":true,"href":"https:\/\/espacetriathlon.com\/de\/wp-json\/wp\/v2\/product_brand?post=60451"},{"taxonomy":"product_cat","embeddable":true,"href":"https:\/\/espacetriathlon.com\/de\/wp-json\/wp\/v2\/product_cat?post=60451"},{"taxonomy":"product_tag","embeddable":true,"href":"https:\/\/espacetriathlon.com\/de\/wp-json\/wp\/v2\/product_tag?post=60451"}],"curies":[{"name":"wp","href":"https:\/\/api.w.org\/{rel}","templated":true}]}}