{"id":60481,"date":"2026-02-09T18:02:14","date_gmt":"2026-02-09T18:02:14","guid":{"rendered":"https:\/\/espacetriathlon.com\/product\/aquapulse-pro-mirror\/"},"modified":"2026-02-09T18:02:14","modified_gmt":"2026-02-09T18:02:14","slug":"aquapulse-pro-mirror","status":"publish","type":"product","link":"https:\/\/espacetriathlon.com\/de\/product\/aquapulse-pro-mirror\/","title":{"rendered":"Aquapulse Pro Mirror"},"content":{"rendered":"","protected":false},"excerpt":{"rendered":"<p>Aufbauend auf dem Erfolg der Aquapulse Max 2, setzt die neue und verbesserte Aquapulse Pro Maske mit ihrer rahmenlosen Konstruktion neue Ma\u00dfst\u00e4be. Mit einem neuen Seitendesign in Kombination mit unserer bahnbrechenden IQfit-Technologie k\u00f6nnen Sie mit dieser Maske ein h\u00f6heres Leistungsniveau erreichen. Ideal f\u00fcr Triathleten und regelm\u00e4\u00dfige Schwimmer.  <\/p>\n","protected":false},"featured_media":60474,"template":"","meta":[],"product_brand":[],"product_cat":[283],"product_tag":[],"class_list":{"0":"post-60481","1":"product","2":"type-product","3":"status-publish","4":"has-post-thumbnail","6":"product_cat-goggles-de","7":"pa_brand-speedo-de","9":"first","10":"instock","11":"shipping-taxable","12":"purchasable","13":"product-type-variable"},"_links":{"self":[{"href":"https:\/\/espacetriathlon.com\/de\/wp-json\/wp\/v2\/product\/60481","targetHints":{"allow":["GET"]}}],"collection":[{"href":"https:\/\/espacetriathlon.com\/de\/wp-json\/wp\/v2\/product"}],"about":[{"href":"https:\/\/espacetriathlon.com\/de\/wp-json\/wp\/v2\/types\/product"}],"version-history":[{"count":0,"href":"https:\/\/espacetriathlon.com\/de\/wp-json\/wp\/v2\/product\/60481\/revisions"}],"wp:featuredmedia":[{"embeddable":true,"href":"https:\/\/espacetriathlon.com\/de\/wp-json\/wp\/v2\/media\/60474"}],"wp:attachment":[{"href":"https:\/\/espacetriathlon.com\/de\/wp-json\/wp\/v2\/media?parent=60481"}],"wp:term":[{"taxonomy":"product_brand","embeddable":true,"href":"https:\/\/espacetriathlon.com\/de\/wp-json\/wp\/v2\/product_brand?post=60481"},{"taxonomy":"product_cat","embeddable":true,"href":"https:\/\/espacetriathlon.com\/de\/wp-json\/wp\/v2\/product_cat?post=60481"},{"taxonomy":"product_tag","embeddable":true,"href":"https:\/\/espacetriathlon.com\/de\/wp-json\/wp\/v2\/product_tag?post=60481"}],"curies":[{"name":"wp","href":"https:\/\/api.w.org\/{rel}","templated":true}]}}