{"id":60534,"date":"2026-02-09T21:41:33","date_gmt":"2026-02-09T21:41:33","guid":{"rendered":"https:\/\/espacetriathlon.com\/?post_type=product&#038;p=60534"},"modified":"2026-02-09T21:45:29","modified_gmt":"2026-02-09T21:45:29","slug":"womens_swimskin_synskin2","status":"publish","type":"product","link":"https:\/\/espacetriathlon.com\/de\/product\/womens_swimskin_synskin2\/","title":{"rendered":"Swimskin SynSkin 2 Frauen"},"content":{"rendered":"<ul>\n<li><strong>Fortschrittliches AquaPhobic-Gewebe:<\/strong> Unser hochwertigstes Gewebe ist aktiv wasserabweisend und verhindert, dass Ihr Anzug mit Wasser volll\u00e4uft und schwer wird. Dieser branchenf\u00fchrende Stoff ist jetzt <strong>v\u00f6llig frei von PFAs<\/strong> und sorgt daf\u00fcr, dass Ihre Leistung ebenso sauber wie schnell ist.<\/li>\n<li><strong>Mit Ultraschall verschwei\u00dfte N\u00e4hte:<\/strong> Vergessen Sie traditionelle N\u00e4hte. Unsere N\u00e4hte sind verschwei\u00dft und bieten eine unglaublich flache, nahtlose und scheuerfreie Oberfl\u00e4che. Diese Konstruktion bewegt sich mit Ihrem K\u00f6rper und bietet dem Wasser nur minimalen Widerstand.<\/li>\n<li><strong>Strategische Muskelkompression:<\/strong> Das formschl\u00fcssige Design des SynSkin2 reduziert Muskelschwingungen und spart Ihnen so wertvolle Energie. Weniger Vibration bedeutet weniger Erm\u00fcdung und mehr Kraft, die direkt in Ihren Vorw\u00e4rtsdrang umgesetzt wird.<\/li>\n<\/ul>\n","protected":false},"excerpt":{"rendered":"<p>Wenn auf dem Weg zu T1 jede Sekunde z\u00e4hlt, bietet der SynSkin2 den Wettbewerbsvorteil, den Sie brauchen. <span class=\"citation-12\">Dieser Anzug stammt aus der \u00c4ra der Textilvorschriften und wurde sorgf\u00e4ltig entwickelt, um den Luftwiderstand zu reduzieren, Ihre Muskeln zu stabilisieren und Ihr wahres Potenzial im Wasser zu entfalten.<\/span><\/p>\n<p>Nehmen Sie nicht nur unser Wort daf\u00fcr. In kontrollierten Tests stellte der 9-fache Xterra-Weltmeister Josiah Middaugh fest, dass er beim Tragen von SynSkin2 bemerkenswerte <b>4 Sekunden pro 100 Meter schneller<\/b> war. Dies ist der Leistungsvorteil, auf den sich die schnellsten Athleten der Welt bei ihren wichtigsten Rennen verlassen.<\/p>\n<p>Synergie<\/p>\n<p>&nbsp;<\/p>\n<p>&nbsp;<\/p>\n","protected":false},"featured_media":60571,"template":"","meta":[],"product_brand":[],"product_cat":[314],"product_tag":[],"class_list":{"0":"post-60534","1":"product","2":"type-product","3":"status-publish","4":"has-post-thumbnail","6":"product_cat-gear-de","7":"pa_brand-synergy","8":"pa_size-s-de","9":"pa_size-m-de","10":"pa_size-l-de","11":"pa_size-xl-de","13":"first","14":"instock","15":"shipping-taxable","16":"purchasable","17":"product-type-variable"},"_links":{"self":[{"href":"https:\/\/espacetriathlon.com\/de\/wp-json\/wp\/v2\/product\/60534","targetHints":{"allow":["GET"]}}],"collection":[{"href":"https:\/\/espacetriathlon.com\/de\/wp-json\/wp\/v2\/product"}],"about":[{"href":"https:\/\/espacetriathlon.com\/de\/wp-json\/wp\/v2\/types\/product"}],"version-history":[{"count":2,"href":"https:\/\/espacetriathlon.com\/de\/wp-json\/wp\/v2\/product\/60534\/revisions"}],"predecessor-version":[{"id":60578,"href":"https:\/\/espacetriathlon.com\/de\/wp-json\/wp\/v2\/product\/60534\/revisions\/60578"}],"wp:featuredmedia":[{"embeddable":true,"href":"https:\/\/espacetriathlon.com\/de\/wp-json\/wp\/v2\/media\/60571"}],"wp:attachment":[{"href":"https:\/\/espacetriathlon.com\/de\/wp-json\/wp\/v2\/media?parent=60534"}],"wp:term":[{"taxonomy":"product_brand","embeddable":true,"href":"https:\/\/espacetriathlon.com\/de\/wp-json\/wp\/v2\/product_brand?post=60534"},{"taxonomy":"product_cat","embeddable":true,"href":"https:\/\/espacetriathlon.com\/de\/wp-json\/wp\/v2\/product_cat?post=60534"},{"taxonomy":"product_tag","embeddable":true,"href":"https:\/\/espacetriathlon.com\/de\/wp-json\/wp\/v2\/product_tag?post=60534"}],"curies":[{"name":"wp","href":"https:\/\/api.w.org\/{rel}","templated":true}]}}