{"id":60607,"date":"2026-02-11T14:07:46","date_gmt":"2026-02-11T14:07:46","guid":{"rendered":"https:\/\/espacetriathlon.com\/product\/schaumstoff-kickboard\/"},"modified":"2026-02-11T14:07:46","modified_gmt":"2026-02-11T14:07:46","slug":"schaumstoff-kickboard","status":"publish","type":"product","link":"https:\/\/espacetriathlon.com\/de\/product\/schaumstoff-kickboard\/","title":{"rendered":"Schaumstoff Kickboard"},"content":{"rendered":"<div id=\"product-details-features\" class=\"product-details-information-tab-content-container tb-container-col collapse in\" data-type=\"information-content-text\">\n<div class=\"product-details-information-tab-content-container-main\">\n<div class=\"fab-left\">\n<div class=\"col-sm-12\">\n<ul>\n<li><b>SWIM KICK TRAINING:<\/b> Halten Sie die Arme still, um die Beinmuskulatur aufzubauen, und konzentrieren Sie sich ganz auf Ihren Kick.<\/li>\n<li><b>KOMFORTABELES MATERIAL: Der<\/b> weiche EVA-Schaumstoff scheuert nicht und reizt die Haut nicht und bleibt langlebig<\/li>\n<li><b>ZWEI GR\u00d6SSEN:<\/b> Die Gr\u00f6\u00dfe Jr wurde entwickelt, um die Belastung der Schultern zu verringern und ist ideal f\u00fcr Jugendliche und kleinere Schwimmer<\/li>\n<li><b>EINFACHE FORM:<\/b> Bewegt sich leicht durch das Wasser und ist einfach zu halten<\/li>\n<li><b>FLOATING BOARD:<\/b> H\u00e4lt Ihre Arme und Ihren Oberk\u00f6rper oben im Wasser, damit Sie sich auf die Beine konzentrieren k\u00f6nnen<\/li>\n<\/ul>\n<\/div>\n<\/div>\n<\/div>\n<\/div>\n","protected":false},"excerpt":{"rendered":"<p>Das Foam Kickboard stellt die Arme ruhig und hilft, die Beinkraft zu st\u00e4rken. Es besteht aus einem EVA-Schaumstoff, der die Haut nicht aufscheuert oder reizt. Erh\u00e4ltlich in den Gr\u00f6\u00dfen Sr. und Jr. Die Gr\u00f6\u00dfe Jr. wurde entwickelt, um die Schultern zu entlasten und ist ideal f\u00fcr junge und kleinere Schwimmer. <\/p>\n","protected":false},"featured_media":60600,"template":"","meta":[],"product_brand":[],"product_cat":[292],"product_tag":[],"class_list":{"0":"post-60607","1":"product","2":"type-product","3":"status-publish","4":"has-post-thumbnail","6":"product_cat-training-aid-de","7":"pa_age-junior-de","8":"pa_age-senior-de","9":"pa_brand-finis-de","11":"first","12":"instock","13":"shipping-taxable","14":"purchasable","15":"product-type-variable"},"_links":{"self":[{"href":"https:\/\/espacetriathlon.com\/de\/wp-json\/wp\/v2\/product\/60607","targetHints":{"allow":["GET"]}}],"collection":[{"href":"https:\/\/espacetriathlon.com\/de\/wp-json\/wp\/v2\/product"}],"about":[{"href":"https:\/\/espacetriathlon.com\/de\/wp-json\/wp\/v2\/types\/product"}],"version-history":[{"count":0,"href":"https:\/\/espacetriathlon.com\/de\/wp-json\/wp\/v2\/product\/60607\/revisions"}],"wp:featuredmedia":[{"embeddable":true,"href":"https:\/\/espacetriathlon.com\/de\/wp-json\/wp\/v2\/media\/60600"}],"wp:attachment":[{"href":"https:\/\/espacetriathlon.com\/de\/wp-json\/wp\/v2\/media?parent=60607"}],"wp:term":[{"taxonomy":"product_brand","embeddable":true,"href":"https:\/\/espacetriathlon.com\/de\/wp-json\/wp\/v2\/product_brand?post=60607"},{"taxonomy":"product_cat","embeddable":true,"href":"https:\/\/espacetriathlon.com\/de\/wp-json\/wp\/v2\/product_cat?post=60607"},{"taxonomy":"product_tag","embeddable":true,"href":"https:\/\/espacetriathlon.com\/de\/wp-json\/wp\/v2\/product_tag?post=60607"}],"curies":[{"name":"wp","href":"https:\/\/api.w.org\/{rel}","templated":true}]}}