{"id":60664,"date":"2026-02-12T14:10:59","date_gmt":"2026-02-12T14:10:59","guid":{"rendered":"https:\/\/espacetriathlon.com\/product\/hyperion-sleeveless-maenner\/"},"modified":"2026-02-12T14:10:59","modified_gmt":"2026-02-12T14:10:59","slug":"hyperion-sleeveless-maenner","status":"publish","type":"product","link":"https:\/\/espacetriathlon.com\/de\/product\/hyperion-sleeveless-maenner\/","title":{"rendered":"Hyperion Sleeveless M\u00e4nner"},"content":{"rendered":"","protected":false},"excerpt":{"rendered":"<p>Der Synergy Hyperion Elite Neoprenanzug ist ein leistungsstarker \u00e4rmelloser Neoprenanzug, der Ihnen Flexibilit\u00e4t, Auftrieb und Geschwindigkeit zu einem Einstiegspreis bietet, der ein au\u00dfergew\u00f6hnliches Preis-Leistungs-Verh\u00e4ltnis darstellt. Der Neoprenanzug wurde f\u00fcr ein optimales Gleichgewicht zwischen Auftrieb und Flexibilit\u00e4t entwickelt und eignet sich perfekt f\u00fcr alle Leistungsniveaus, sei es f\u00fcr Triathlonwettk\u00e4mpfe oder f\u00fcr das Schwimmen im Freiwasser. Das \u00e4rmellose Design ist perfekt zum Schwimmen geeignet und h\u00e4lt Sie schwimmf\u00e4hig und warm.  <\/p>\n","protected":false},"featured_media":60655,"template":"","meta":[],"product_brand":[],"product_cat":[1720],"product_tag":[],"class_list":{"0":"post-60664","1":"product","2":"type-product","3":"status-publish","4":"has-post-thumbnail","6":"product_cat-wetsuit-neopren-de-2","7":"pa_brand-synergy","8":"pa_synergy-men-m2-175-187-cm-75-84-kg","9":"pa_synergy-men-m3-175-190-cm-81-88-kg","10":"pa_synergy-men-l1-175-193-cm-88-100-kg","11":"pa_synergy-men-l2-180-196-cm-100-113-kg","13":"first","14":"instock","15":"shipping-taxable","16":"purchasable","17":"product-type-variable"},"_links":{"self":[{"href":"https:\/\/espacetriathlon.com\/de\/wp-json\/wp\/v2\/product\/60664","targetHints":{"allow":["GET"]}}],"collection":[{"href":"https:\/\/espacetriathlon.com\/de\/wp-json\/wp\/v2\/product"}],"about":[{"href":"https:\/\/espacetriathlon.com\/de\/wp-json\/wp\/v2\/types\/product"}],"version-history":[{"count":0,"href":"https:\/\/espacetriathlon.com\/de\/wp-json\/wp\/v2\/product\/60664\/revisions"}],"wp:featuredmedia":[{"embeddable":true,"href":"https:\/\/espacetriathlon.com\/de\/wp-json\/wp\/v2\/media\/60655"}],"wp:attachment":[{"href":"https:\/\/espacetriathlon.com\/de\/wp-json\/wp\/v2\/media?parent=60664"}],"wp:term":[{"taxonomy":"product_brand","embeddable":true,"href":"https:\/\/espacetriathlon.com\/de\/wp-json\/wp\/v2\/product_brand?post=60664"},{"taxonomy":"product_cat","embeddable":true,"href":"https:\/\/espacetriathlon.com\/de\/wp-json\/wp\/v2\/product_cat?post=60664"},{"taxonomy":"product_tag","embeddable":true,"href":"https:\/\/espacetriathlon.com\/de\/wp-json\/wp\/v2\/product_tag?post=60664"}],"curies":[{"name":"wp","href":"https:\/\/api.w.org\/{rel}","templated":true}]}}