{"id":60742,"date":"2026-02-12T14:31:10","date_gmt":"2026-02-12T14:31:10","guid":{"rendered":"https:\/\/espacetriathlon.com\/product\/hyperion-fullsleeve-herren\/"},"modified":"2026-02-12T14:31:10","modified_gmt":"2026-02-12T14:31:10","slug":"hyperion-fullsleeve-herren","status":"publish","type":"product","link":"https:\/\/espacetriathlon.com\/de\/product\/hyperion-fullsleeve-herren\/","title":{"rendered":"Hyperion Fullsleeve Herren"},"content":{"rendered":"","protected":false},"excerpt":{"rendered":"<div class=\"product__description rte quick-add-hidden\">\n<p>Erleben Sie mit dem <strong>Hyperion Elite<\/strong> die n\u00e4chste Generation von Triathlon-Neoprenanz\u00fcgen. Dieser Neoprenanzug wurde mit einer Dicke von 3:2 mm f\u00fcr un\u00fcbertroffene Flexibilit\u00e4t entwickelt und bietet Leistung auf Elite-Niveau zu einem Einstiegspreis. Ein unglaublicher Gesamtwert.  <\/p>\n<p>Der Hyperion Elite wurde f\u00fcr Sportler entwickelt, die Spitzenleistungen erwarten. Er bietet au\u00dfergew\u00f6hnliche Flexibilit\u00e4t und Komfort.<\/p>\n<p>Egal, ob Sie durch das offene Wasser gleiten oder zur n\u00e4chsten Disziplin \u00fcbergehen, der Hyperion Elite sorgt daf\u00fcr, dass Sie schnell und komfortabel bleiben und bereit sind zu siegen. Steigern Sie Ihren Wettkampftag mit einem Neoprenanzug, der Flexibilit\u00e4t und Leistung neu definiert. <\/p>\n<\/div>\n","protected":false},"featured_media":60721,"template":"","meta":[],"product_brand":[],"product_cat":[1720],"product_tag":[],"class_list":{"0":"post-60742","1":"product","2":"type-product","3":"status-publish","4":"has-post-thumbnail","6":"product_cat-wetsuit-neopren-de-2","7":"pa_brand-synergy","8":"pa_synergy-men-s2-161-175-cm-61-68-kg","9":"pa_synergy-men-s3-170-183-cm-68-73-kg","10":"pa_synergy-men-m1-173-185-cm-70-77-kg","11":"pa_synergy-men-m2-175-187-cm-75-84-kg","12":"pa_synergy-men-m3-175-190-cm-81-88-kg","13":"pa_synergy-men-l1-175-193-cm-88-100-kg","14":"pa_synergy-men-l2-180-196-cm-100-113-kg","15":"pa_synergy-men-l3-183-198-cm-113-136-kg","17":"first","18":"instock","19":"shipping-taxable","20":"purchasable","21":"product-type-variable"},"_links":{"self":[{"href":"https:\/\/espacetriathlon.com\/de\/wp-json\/wp\/v2\/product\/60742","targetHints":{"allow":["GET"]}}],"collection":[{"href":"https:\/\/espacetriathlon.com\/de\/wp-json\/wp\/v2\/product"}],"about":[{"href":"https:\/\/espacetriathlon.com\/de\/wp-json\/wp\/v2\/types\/product"}],"version-history":[{"count":0,"href":"https:\/\/espacetriathlon.com\/de\/wp-json\/wp\/v2\/product\/60742\/revisions"}],"wp:featuredmedia":[{"embeddable":true,"href":"https:\/\/espacetriathlon.com\/de\/wp-json\/wp\/v2\/media\/60721"}],"wp:attachment":[{"href":"https:\/\/espacetriathlon.com\/de\/wp-json\/wp\/v2\/media?parent=60742"}],"wp:term":[{"taxonomy":"product_brand","embeddable":true,"href":"https:\/\/espacetriathlon.com\/de\/wp-json\/wp\/v2\/product_brand?post=60742"},{"taxonomy":"product_cat","embeddable":true,"href":"https:\/\/espacetriathlon.com\/de\/wp-json\/wp\/v2\/product_cat?post=60742"},{"taxonomy":"product_tag","embeddable":true,"href":"https:\/\/espacetriathlon.com\/de\/wp-json\/wp\/v2\/product_tag?post=60742"}],"curies":[{"name":"wp","href":"https:\/\/api.w.org\/{rel}","templated":true}]}}