{"id":60785,"date":"2026-02-12T14:56:07","date_gmt":"2026-02-12T14:56:07","guid":{"rendered":"https:\/\/espacetriathlon.com\/product\/endorphin-fullsleeve-frauen\/"},"modified":"2026-02-12T14:56:07","modified_gmt":"2026-02-12T14:56:07","slug":"endorphin-fullsleeve-frauen","status":"publish","type":"product","link":"https:\/\/espacetriathlon.com\/de\/product\/endorphin-fullsleeve-frauen\/","title":{"rendered":"Endorphin Fullsleeve Frauen"},"content":{"rendered":"","protected":false},"excerpt":{"rendered":"<p>Der Synergy Endorphin Thermal Fullsleeve Triathlon Neoprenanzug ist ein hochleistungsf\u00e4higer Neoprenanzug, der Ihnen Flexibilit\u00e4t, Auftrieb und Geschwindigkeit zu einem au\u00dfergew\u00f6hnlichen Preis bietet. Der Neoprenanzug wurde f\u00fcr ein optimales Gleichgewicht zwischen Auftrieb und Flexibilit\u00e4t entwickelt und eignet sich perfekt f\u00fcr alle Leistungsniveaus, sei es f\u00fcr Triathlonwettk\u00e4mpfe oder f\u00fcr das Freizeitschwimmen im offenen Wasser. <\/p>\n","protected":false},"featured_media":60773,"template":"","meta":[],"product_brand":[],"product_cat":[1720],"product_tag":[],"class_list":{"0":"post-60785","1":"product","2":"type-product","3":"status-publish","4":"has-post-thumbnail","6":"product_cat-wetsuit-neopren-de-2","7":"pa_brand-synergy","8":"pa_synergy-women-p3-157-162-cm-52-59-kg","9":"pa_synergy-women-w1-160-175-cm-57-66-kg","10":"pa_synergy-women-w2-167-178-cm-64-73-kg","12":"first","13":"instock","14":"shipping-taxable","15":"purchasable","16":"product-type-variable"},"_links":{"self":[{"href":"https:\/\/espacetriathlon.com\/de\/wp-json\/wp\/v2\/product\/60785","targetHints":{"allow":["GET"]}}],"collection":[{"href":"https:\/\/espacetriathlon.com\/de\/wp-json\/wp\/v2\/product"}],"about":[{"href":"https:\/\/espacetriathlon.com\/de\/wp-json\/wp\/v2\/types\/product"}],"version-history":[{"count":0,"href":"https:\/\/espacetriathlon.com\/de\/wp-json\/wp\/v2\/product\/60785\/revisions"}],"wp:featuredmedia":[{"embeddable":true,"href":"https:\/\/espacetriathlon.com\/de\/wp-json\/wp\/v2\/media\/60773"}],"wp:attachment":[{"href":"https:\/\/espacetriathlon.com\/de\/wp-json\/wp\/v2\/media?parent=60785"}],"wp:term":[{"taxonomy":"product_brand","embeddable":true,"href":"https:\/\/espacetriathlon.com\/de\/wp-json\/wp\/v2\/product_brand?post=60785"},{"taxonomy":"product_cat","embeddable":true,"href":"https:\/\/espacetriathlon.com\/de\/wp-json\/wp\/v2\/product_cat?post=60785"},{"taxonomy":"product_tag","embeddable":true,"href":"https:\/\/espacetriathlon.com\/de\/wp-json\/wp\/v2\/product_tag?post=60785"}],"curies":[{"name":"wp","href":"https:\/\/api.w.org\/{rel}","templated":true}]}}