{"id":60938,"date":"2026-02-12T15:57:55","date_gmt":"2026-02-12T15:57:55","guid":{"rendered":"https:\/\/espacetriathlon.com\/product\/hybrid-efx4-maenner\/"},"modified":"2026-02-12T15:57:55","modified_gmt":"2026-02-12T15:57:55","slug":"hybrid-efx4-maenner","status":"publish","type":"product","link":"https:\/\/espacetriathlon.com\/de\/product\/hybrid-efx4-maenner\/","title":{"rendered":"Hybrid EFX4 M\u00e4nner"},"content":{"rendered":"<p>&#8211; Verstellbarer Klettverschluss<\/p>\n<p>&#8211; Der flexibelste Neoprenanzug auf dem Markt (680%)<\/p>\n<p>&#8211; Chemisch verklebte N\u00e4hte<\/p>\n<p>&#8211; Aerodrome (ausgezeichneter Auftrieb)<\/p>\n","protected":false},"excerpt":{"rendered":"<p>Der Synergy Hybrid passt wie ein Handschuh und funktioniert wie ein Champion. Extrem schwimmf\u00e4hig und flexibel mit Powermax-Traktion, die Sie zu Ihrem vollen Potenzial antreibt. Die anatomische Konstruktion bietet Unterst\u00fctzung, wo sie ben\u00f6tigt wird, und sorgt daf\u00fcr, dass Sie sich auch bei H\u00f6chstleistungen wohl f\u00fchlen.  <\/p>\n","protected":false},"featured_media":60910,"template":"","meta":[],"product_brand":[],"product_cat":[1720],"product_tag":[],"class_list":{"0":"post-60938","1":"product","2":"type-product","3":"status-publish","4":"has-post-thumbnail","6":"product_cat-wetsuit-neopren-de-2","7":"pa_brand-synergy","8":"pa_synergy-men-m2-175-187-cm-75-84-kg","9":"pa_synergy-men-m3-175-190-cm-81-88-kg","10":"pa_synergy-men-l1-175-193-cm-88-100-kg","12":"first","13":"instock","14":"shipping-taxable","15":"purchasable","16":"product-type-variable"},"_links":{"self":[{"href":"https:\/\/espacetriathlon.com\/de\/wp-json\/wp\/v2\/product\/60938","targetHints":{"allow":["GET"]}}],"collection":[{"href":"https:\/\/espacetriathlon.com\/de\/wp-json\/wp\/v2\/product"}],"about":[{"href":"https:\/\/espacetriathlon.com\/de\/wp-json\/wp\/v2\/types\/product"}],"version-history":[{"count":0,"href":"https:\/\/espacetriathlon.com\/de\/wp-json\/wp\/v2\/product\/60938\/revisions"}],"wp:featuredmedia":[{"embeddable":true,"href":"https:\/\/espacetriathlon.com\/de\/wp-json\/wp\/v2\/media\/60910"}],"wp:attachment":[{"href":"https:\/\/espacetriathlon.com\/de\/wp-json\/wp\/v2\/media?parent=60938"}],"wp:term":[{"taxonomy":"product_brand","embeddable":true,"href":"https:\/\/espacetriathlon.com\/de\/wp-json\/wp\/v2\/product_brand?post=60938"},{"taxonomy":"product_cat","embeddable":true,"href":"https:\/\/espacetriathlon.com\/de\/wp-json\/wp\/v2\/product_cat?post=60938"},{"taxonomy":"product_tag","embeddable":true,"href":"https:\/\/espacetriathlon.com\/de\/wp-json\/wp\/v2\/product_tag?post=60938"}],"curies":[{"name":"wp","href":"https:\/\/api.w.org\/{rel}","templated":true}]}}