{"id":6105,"date":"2021-03-10T14:34:45","date_gmt":"2021-03-10T14:34:45","guid":{"rendered":"https:\/\/espacetriathlon.com\/product\/flat-paddle\/"},"modified":"2025-06-08T11:26:35","modified_gmt":"2025-06-08T11:26:35","slug":"flat-paddle","status":"publish","type":"product","link":"https:\/\/espacetriathlon.com\/de\/product\/flat-paddle\/","title":{"rendered":"Flexi Paddle"},"content":{"rendered":"<p>MATERIALS 90% Polypropylene 10% Silicone<\/p>\n","protected":false},"excerpt":{"rendered":"<p>Diese im oberen Bereich d\u00fcnneren Paddles erleichtern dein Training, wenn deine Armzug-Technik noch nicht perfekt ist, du aber deine Kraft erh\u00f6hen willst. Dank ihrer ergonomischen Form passen sie sich den Handfl\u00e4chen perfekt an.<\/p>\n","protected":false},"featured_media":49507,"template":"","meta":[],"product_brand":[],"product_cat":[286],"product_tag":[],"class_list":{"0":"post-6105","1":"product","2":"type-product","3":"status-publish","4":"has-post-thumbnail","6":"product_cat-paddles-de","7":"pa_brand-orca-de","8":"pa_size_cap-s-m-de","9":"pa_size_cap-l-xl-de","11":"first","12":"instock","13":"shipping-taxable","14":"purchasable","15":"product-type-simple"},"_links":{"self":[{"href":"https:\/\/espacetriathlon.com\/de\/wp-json\/wp\/v2\/product\/6105","targetHints":{"allow":["GET"]}}],"collection":[{"href":"https:\/\/espacetriathlon.com\/de\/wp-json\/wp\/v2\/product"}],"about":[{"href":"https:\/\/espacetriathlon.com\/de\/wp-json\/wp\/v2\/types\/product"}],"version-history":[{"count":2,"href":"https:\/\/espacetriathlon.com\/de\/wp-json\/wp\/v2\/product\/6105\/revisions"}],"predecessor-version":[{"id":36378,"href":"https:\/\/espacetriathlon.com\/de\/wp-json\/wp\/v2\/product\/6105\/revisions\/36378"}],"wp:featuredmedia":[{"embeddable":true,"href":"https:\/\/espacetriathlon.com\/de\/wp-json\/wp\/v2\/media\/49507"}],"wp:attachment":[{"href":"https:\/\/espacetriathlon.com\/de\/wp-json\/wp\/v2\/media?parent=6105"}],"wp:term":[{"taxonomy":"product_brand","embeddable":true,"href":"https:\/\/espacetriathlon.com\/de\/wp-json\/wp\/v2\/product_brand?post=6105"},{"taxonomy":"product_cat","embeddable":true,"href":"https:\/\/espacetriathlon.com\/de\/wp-json\/wp\/v2\/product_cat?post=6105"},{"taxonomy":"product_tag","embeddable":true,"href":"https:\/\/espacetriathlon.com\/de\/wp-json\/wp\/v2\/product_tag?post=6105"}],"curies":[{"name":"wp","href":"https:\/\/api.w.org\/{rel}","templated":true}]}}