{"id":61283,"date":"2026-02-20T11:31:46","date_gmt":"2026-02-20T11:31:46","guid":{"rendered":"https:\/\/espacetriathlon.com\/product\/jammer-apex-viper-maenner\/"},"modified":"2026-02-20T11:31:46","modified_gmt":"2026-02-20T11:31:46","slug":"jammer-apex-viper-maenner","status":"publish","type":"product","link":"https:\/\/espacetriathlon.com\/de\/product\/jammer-apex-viper-maenner\/","title":{"rendered":"Jammer Apex Viper M\u00e4nner"},"content":{"rendered":"","protected":false},"excerpt":{"rendered":"<p>Wettkampf-Badeanzug der Einstiegsklasse<\/p>\n<p>Der von World Aquatics zugelassene Viper wurde speziell entwickelt, um Sie auf ein neues Leistungsniveau zu bringen. Er bietet eine feste Passform, die eine stromlinienf\u00f6rmige Bewegung durch das Wasser erm\u00f6glicht.<\/p>\n<ul>\n<li>Das Kettengewirk passt sich Ihrem K\u00f6rper an und hilft Ihnen durch die mittlere Kompression bei Muskelerm\u00fcdung.<\/li>\n<li>Gepaart mit einem wasserabweisenden Finish wird dieser Anzug Sie auf das n\u00e4chste Level und dar\u00fcber hinaus bringen.<\/li>\n<li>Merkmale sind: Flatlock-N\u00e4hte f\u00fcr mehr Komfort, integrierter Kordelzug, Kompressionsfutter f\u00fcr mehr Bewegungsfreiheit, Gummiband an der Taille und an den Bein\u00f6ffnungen f\u00fcr einen sicheren, bequemen Sitz.<\/li>\n<\/ul>\n<p>World Aquatics Genehmigt<\/p>\n<p>Funky Trunks<\/p>\n<p>Pr\u00fcfen Sie die Bilder, um Ihre Gr\u00f6\u00dfe zu bestimmen<\/p>\n","protected":false},"featured_media":61272,"template":"","meta":[],"product_brand":[],"product_cat":[838],"product_tag":[],"class_list":{"0":"post-61283","1":"product","2":"type-product","3":"status-publish","4":"has-post-thumbnail","6":"product_cat-wettkamphosen","7":"product_shipping_class-petitarticle-de","8":"pa_brand-funky-trunks-de","10":"first","11":"instock","12":"shipping-taxable","13":"purchasable","14":"product-type-variable"},"_links":{"self":[{"href":"https:\/\/espacetriathlon.com\/de\/wp-json\/wp\/v2\/product\/61283","targetHints":{"allow":["GET"]}}],"collection":[{"href":"https:\/\/espacetriathlon.com\/de\/wp-json\/wp\/v2\/product"}],"about":[{"href":"https:\/\/espacetriathlon.com\/de\/wp-json\/wp\/v2\/types\/product"}],"version-history":[{"count":0,"href":"https:\/\/espacetriathlon.com\/de\/wp-json\/wp\/v2\/product\/61283\/revisions"}],"wp:featuredmedia":[{"embeddable":true,"href":"https:\/\/espacetriathlon.com\/de\/wp-json\/wp\/v2\/media\/61272"}],"wp:attachment":[{"href":"https:\/\/espacetriathlon.com\/de\/wp-json\/wp\/v2\/media?parent=61283"}],"wp:term":[{"taxonomy":"product_brand","embeddable":true,"href":"https:\/\/espacetriathlon.com\/de\/wp-json\/wp\/v2\/product_brand?post=61283"},{"taxonomy":"product_cat","embeddable":true,"href":"https:\/\/espacetriathlon.com\/de\/wp-json\/wp\/v2\/product_cat?post=61283"},{"taxonomy":"product_tag","embeddable":true,"href":"https:\/\/espacetriathlon.com\/de\/wp-json\/wp\/v2\/product_tag?post=61283"}],"curies":[{"name":"wp","href":"https:\/\/api.w.org\/{rel}","templated":true}]}}