{"id":61564,"date":"2026-02-21T14:32:19","date_gmt":"2026-02-21T14:32:19","guid":{"rendered":"https:\/\/espacetriathlon.com\/product\/buoyancy-short\/"},"modified":"2026-02-21T14:32:19","modified_gmt":"2026-02-21T14:32:19","slug":"buoyancy-short","status":"publish","type":"product","link":"https:\/\/espacetriathlon.com\/de\/product\/buoyancy-short\/","title":{"rendered":"Buoyancy Short"},"content":{"rendered":"<h3>Erh\u00f6hter Auftrieb<\/h3>\n<p>Diese 4 mm dicken Shorts verf\u00fcgen \u00fcber Aerodome-Eins\u00e4tze, die dem Schwimmer 30% mehr Auftrieb geben.<\/p>\n<h3>Flexibility<\/h3>\n<p>The side panels provide needed flexibility to help you with rotation and provide freedom of movement.<\/p>\n<h3>Comfort<\/h3>\n<p>The adjustable waist allows you to adjust these shorts to a perfect fit.<\/p>\n","protected":false},"excerpt":{"rendered":"<p>The new Neoprene Shorts provide even more buoyancy than previous versions, thanks to the new Aerodome panels. The accessory you need to achieve proper positioning in the water and improve your swimming technique.<\/p>\n","protected":false},"featured_media":61553,"template":"","meta":[],"product_brand":[],"product_cat":[1712,271],"product_tag":[],"class_list":{"0":"post-61564","1":"product","2":"type-product","3":"status-publish","4":"has-post-thumbnail","6":"product_cat-accessories-tri-de-2","7":"product_cat-openwater-de","8":"pa_brand-orca-de","9":"pa_size-s-de","10":"pa_size-m-de","11":"pa_size-l-de","12":"pa_size-xl-de","13":"pa_size-xxl-de","15":"first","16":"instock","17":"shipping-taxable","18":"purchasable","19":"product-type-variable"},"_links":{"self":[{"href":"https:\/\/espacetriathlon.com\/de\/wp-json\/wp\/v2\/product\/61564","targetHints":{"allow":["GET"]}}],"collection":[{"href":"https:\/\/espacetriathlon.com\/de\/wp-json\/wp\/v2\/product"}],"about":[{"href":"https:\/\/espacetriathlon.com\/de\/wp-json\/wp\/v2\/types\/product"}],"version-history":[{"count":0,"href":"https:\/\/espacetriathlon.com\/de\/wp-json\/wp\/v2\/product\/61564\/revisions"}],"wp:featuredmedia":[{"embeddable":true,"href":"https:\/\/espacetriathlon.com\/de\/wp-json\/wp\/v2\/media\/61553"}],"wp:attachment":[{"href":"https:\/\/espacetriathlon.com\/de\/wp-json\/wp\/v2\/media?parent=61564"}],"wp:term":[{"taxonomy":"product_brand","embeddable":true,"href":"https:\/\/espacetriathlon.com\/de\/wp-json\/wp\/v2\/product_brand?post=61564"},{"taxonomy":"product_cat","embeddable":true,"href":"https:\/\/espacetriathlon.com\/de\/wp-json\/wp\/v2\/product_cat?post=61564"},{"taxonomy":"product_tag","embeddable":true,"href":"https:\/\/espacetriathlon.com\/de\/wp-json\/wp\/v2\/product_tag?post=61564"}],"curies":[{"name":"wp","href":"https:\/\/api.w.org\/{rel}","templated":true}]}}