{"id":61706,"date":"2026-02-23T09:52:56","date_gmt":"2026-02-23T09:52:56","guid":{"rendered":"https:\/\/espacetriathlon.com\/product\/athlex-tri-hose-v2\/"},"modified":"2026-02-23T09:52:56","modified_gmt":"2026-02-23T09:52:56","slug":"athlex-tri-hose-v2","status":"publish","type":"product","link":"https:\/\/espacetriathlon.com\/de\/product\/athlex-tri-hose-v2\/","title":{"rendered":"Athlex Tri Hose v2"},"content":{"rendered":"<h3>Dampf k\u00fchlen<\/h3>\n<p>Diese auf Nanokristallen basierende Technologie hilft, den K\u00f6rper des Sportlers zu k\u00fchlen, indem sie die Verdunstung von Schwei\u00df beschleunigt. Au\u00dferdem bietet sie eine gute Kompression, ohne die Flexibilit\u00e4t des Anzugs zu beeintr\u00e4chtigen, und sorgt so f\u00fcr einen festen Sitz. <\/p>\n<h3>Tri-Tech Fahrradunterlage<\/h3>\n<p>Die 4 mm dicke italienische Tri-Tech Fahrradunterlage mit einer Dichte von 120 kg\/m3 bietet Ihnen mehr Komfort auf dem Fahrrad und ist au\u00dferdem schnelltrocknend.<\/p>\n<h3>Lagerung<\/h3>\n<p>Die beiden R\u00fcckentaschen bieten gen\u00fcgend Platz, um den w\u00e4hrend eines Triathlons ben\u00f6tigten Nahrungsnachschub zu verstauen.<\/p>\n","protected":false},"excerpt":{"rendered":"<p>Die Athlex Tri Pant V2 wurde mit dem Ziel entwickelt, die sportliche Leistung von Triathleten zu verbessern. Einerseits hilft die in diesem Produkt eingesetzte Vapour Cool Technologie, W\u00e4rme und Feuchtigkeit effizienter abzuleiten und Ihre K\u00f6rpertemperatur w\u00e4hrend des Triathlons niedrig zu halten, damit Sie in der entscheidenden Phase des Rennens mehr Energie haben. Andererseits bietet Ihnen das 4 mm dicke italienische Tri-Tech-Radpolster mit einer Dichte von 120 kg\/m3 den Komfort, den Sie beim Radfahren brauchen, und dank seines ergonomischen Designs werden Sie es beim Laufen nicht bemerken. Dar\u00fcber hinaus verf\u00fcgt dieses Produkt \u00fcber R\u00fcckentaschen, in denen Sie alles verstauen k\u00f6nnen, was Sie w\u00e4hrend des Rennens ben\u00f6tigen.   <\/p>\n","protected":false},"featured_media":61662,"template":"","meta":[],"product_brand":[],"product_cat":[314],"product_tag":[],"class_list":{"0":"post-61706","1":"product","2":"type-product","3":"status-publish","4":"has-post-thumbnail","6":"product_cat-gear-de","7":"pa_brand-orca-de","8":"pa_size-s-de","9":"pa_size-m-de","10":"pa_size-l-de","11":"pa_size-xl-de","12":"pa_size-xxl-de","14":"first","15":"instock","16":"shipping-taxable","17":"purchasable","18":"product-type-variable"},"_links":{"self":[{"href":"https:\/\/espacetriathlon.com\/de\/wp-json\/wp\/v2\/product\/61706","targetHints":{"allow":["GET"]}}],"collection":[{"href":"https:\/\/espacetriathlon.com\/de\/wp-json\/wp\/v2\/product"}],"about":[{"href":"https:\/\/espacetriathlon.com\/de\/wp-json\/wp\/v2\/types\/product"}],"version-history":[{"count":0,"href":"https:\/\/espacetriathlon.com\/de\/wp-json\/wp\/v2\/product\/61706\/revisions"}],"wp:featuredmedia":[{"embeddable":true,"href":"https:\/\/espacetriathlon.com\/de\/wp-json\/wp\/v2\/media\/61662"}],"wp:attachment":[{"href":"https:\/\/espacetriathlon.com\/de\/wp-json\/wp\/v2\/media?parent=61706"}],"wp:term":[{"taxonomy":"product_brand","embeddable":true,"href":"https:\/\/espacetriathlon.com\/de\/wp-json\/wp\/v2\/product_brand?post=61706"},{"taxonomy":"product_cat","embeddable":true,"href":"https:\/\/espacetriathlon.com\/de\/wp-json\/wp\/v2\/product_cat?post=61706"},{"taxonomy":"product_tag","embeddable":true,"href":"https:\/\/espacetriathlon.com\/de\/wp-json\/wp\/v2\/product_tag?post=61706"}],"curies":[{"name":"wp","href":"https:\/\/api.w.org\/{rel}","templated":true}]}}