{"id":61743,"date":"2026-02-24T07:38:29","date_gmt":"2026-02-24T07:38:29","guid":{"rendered":"https:\/\/espacetriathlon.com\/product\/athlex-aero-race-anzug-v2-blue-print-damen\/"},"modified":"2026-02-24T07:38:29","modified_gmt":"2026-02-24T07:38:29","slug":"athlex-aero-race-anzug-v2-blue-print-damen","status":"publish","type":"product","link":"https:\/\/espacetriathlon.com\/de\/product\/athlex-aero-race-anzug-v2-blue-print-damen\/","title":{"rendered":"Athlex Aero Race Anzug V2 Blue Print Damen"},"content":{"rendered":"<h3>Aero<\/h3>\n<p>Der Stoff an den Schultern, \u00c4rmeln und am R\u00fccken hat eine spezielle Struktur, die die Aerodynamik verbessert. Au\u00dferdem passen sich die hochelastischen Stoffe des Trisuits perfekt an Ihren K\u00f6rper an, so dass Sie Ihren Schlag ohne Einschr\u00e4nkungen ausf\u00fchren k\u00f6nnen. <\/p>\n<h3>Dampf k\u00fchlen<\/h3>\n<p>Diese auf Nanokristallen basierende Technologie hilft, den K\u00f6rper des Sportlers zu k\u00fchlen, indem sie die Verdunstung von Schwei\u00df beschleunigt. Au\u00dferdem bietet sie eine gute Kompression, ohne die Flexibilit\u00e4t des Anzugs zu beeintr\u00e4chtigen, und sorgt so f\u00fcr einen guten Sitz. <\/p>\n<h3>Tri-Tech Fahrradunterlage<\/h3>\n<p>Die 4 mm dicke italienische Tri-Tech Fahrradunterlage mit einer Dichte von 120 kg\/m3 bietet Ihnen mehr Komfort auf dem Fahrrad und ist au\u00dferdem schnelltrocknend.<\/p>\n<h3>Lagerung<\/h3>\n<p>Die beiden R\u00fcckentaschen bieten gen\u00fcgend Platz, um den w\u00e4hrend eines Triathlons ben\u00f6tigten Nahrungsnachschub zu verstauen.<\/p>\n","protected":false},"excerpt":{"rendered":"<p>Der Athlex Aerosuit V2 wurde mit dem Ziel entwickelt, die Aerodynamik und die sportliche Leistung der Triathleten zu verbessern. Einerseits hat das aerodynamische Gewebe an Schultern, Armen und R\u00fccken in zahlreichen Tests bewiesen, dass es die Reibung mit der Luft deutlich reduziert, und die Verwendung von hochelastischen Geweben erm\u00f6glicht es Ihnen, Ihren Schwimmstil in v\u00f6lliger Freiheit und ohne Einschr\u00e4nkungen auszuf\u00fchren.<br \/>\nAndererseits hilft die in den Trisuit integrierte Vapour Cool Technologie, W\u00e4rme und Feuchtigkeit effizienter abzuleiten, wodurch Ihre K\u00f6rpertemperatur w\u00e4hrend des gesamten Triathlons niedrig gehalten wird, so dass Sie mehr Energie haben, wenn Sie die entscheidende Phase des Rennens erreichen. Dar\u00fcber hinaus verf\u00fcgt diese neue Version des Athlex Aerosuit \u00fcber Stoffe, die die K\u00f6rperw\u00e4rme auf beiden Seiten des Oberk\u00f6rpers noch effizienter ableiten.<br \/>\nPlus, das 4 mm dicke italienische Tri-Tech-Radpolster mit einer Dichte von 120 kg\/m3 bietet Ihnen den Komfort, den Sie auf der Radstrecke ben\u00f6tigen, und dank seines ergonomischen Designs werden Sie es beim Laufen nicht bemerken.  <\/p>\n","protected":false},"featured_media":61690,"template":"","meta":[],"product_brand":[],"product_cat":[314],"product_tag":[],"class_list":{"0":"post-61743","1":"product","2":"type-product","3":"status-publish","4":"has-post-thumbnail","6":"product_cat-gear-de","7":"pa_brand-orca-de","8":"pa_size-xs-de","9":"pa_size-s-de","10":"pa_size-m-de","11":"pa_size-l-de","12":"pa_size-xl-de","14":"first","15":"instock","16":"shipping-taxable","17":"purchasable","18":"product-type-variable"},"_links":{"self":[{"href":"https:\/\/espacetriathlon.com\/de\/wp-json\/wp\/v2\/product\/61743","targetHints":{"allow":["GET"]}}],"collection":[{"href":"https:\/\/espacetriathlon.com\/de\/wp-json\/wp\/v2\/product"}],"about":[{"href":"https:\/\/espacetriathlon.com\/de\/wp-json\/wp\/v2\/types\/product"}],"version-history":[{"count":0,"href":"https:\/\/espacetriathlon.com\/de\/wp-json\/wp\/v2\/product\/61743\/revisions"}],"wp:featuredmedia":[{"embeddable":true,"href":"https:\/\/espacetriathlon.com\/de\/wp-json\/wp\/v2\/media\/61690"}],"wp:attachment":[{"href":"https:\/\/espacetriathlon.com\/de\/wp-json\/wp\/v2\/media?parent=61743"}],"wp:term":[{"taxonomy":"product_brand","embeddable":true,"href":"https:\/\/espacetriathlon.com\/de\/wp-json\/wp\/v2\/product_brand?post=61743"},{"taxonomy":"product_cat","embeddable":true,"href":"https:\/\/espacetriathlon.com\/de\/wp-json\/wp\/v2\/product_cat?post=61743"},{"taxonomy":"product_tag","embeddable":true,"href":"https:\/\/espacetriathlon.com\/de\/wp-json\/wp\/v2\/product_tag?post=61743"}],"curies":[{"name":"wp","href":"https:\/\/api.w.org\/{rel}","templated":true}]}}