{"id":61761,"date":"2026-02-24T07:44:28","date_gmt":"2026-02-24T07:44:28","guid":{"rendered":"https:\/\/espacetriathlon.com\/product\/athlex-aero-race-suit-v2-white-women\/"},"modified":"2026-02-24T07:44:28","modified_gmt":"2026-02-24T07:44:28","slug":"athlex-aero-race-suit-v2-white-women","status":"publish","type":"product","link":"https:\/\/espacetriathlon.com\/de\/product\/athlex-aero-race-suit-v2-white-women\/","title":{"rendered":"Athlex Aero Race Suit V2 White Women"},"content":{"rendered":"<h3>Aero<\/h3>\n<p>Die Struktur des Gewebes an Schultern, \u00c4rmeln und R\u00fccken sorgt f\u00fcr eine optimale Aerodynamik. Dar\u00fcber hinaus erm\u00f6glichen hochelastische Gewebe, einen perfekten Sitz und einen v\u00f6llig freien Armzug beim Schwimmen. <\/p>\n<h3>Wasserdampf k\u00fchl<\/h3>\n<p>Diese auf Nanokristallen basierende Technologie beg\u00fcnstigt die K\u00fchlung des K\u00f6rpers des Tr\u00e4gers und erleichtert die schnelle Verdunstung des Schwei\u00dfes. Dar\u00fcber hinaus bietet sie eine gute Kompression, ohne die Flexibilit\u00e4t des Schuhs zu beeintr\u00e4chtigen, und gew\u00e4hrleistet eine sehr gute Passform. <\/p>\n<h3>Badana Tri-tech<\/h3>\n<p>Das italienische Tri-Tech-Badewasser mit einer Dichte von 4 mm und 120 kg\/m3 bietet den gr\u00f6\u00dften Komfort auf dem Fahrrad und gleichzeitig eine schnelle Abk\u00fchlung.<\/p>\n<h3>Energievorrat<\/h3>\n<p>Die beiden R\u00fcckentaschen bieten dir den n\u00f6tigen Platz f\u00fcr Energieriegel oder andere Verpflegung, die du w\u00e4hrend eines Triathlons ben\u00f6tigst.<\/p>\n","protected":false},"excerpt":{"rendered":"<p>Der Athlex Aerosuit V2 wurde entwickelt, um die Aerodynamik und die sportliche Leistung beim Triathlon zu verbessern. Das aerodynamisch strukturierte Gewebe an Schultern, \u00c4rmeln und R\u00fccken reduziert den Luftwiderstand erheblich, was in zahlreichen Tests best\u00e4tigt wurde. Zus\u00e4tzlich erm\u00f6glichen hochelastische Stoffe einen ungehinderten und v\u00f6llig freien Armzug beim Schwimmen.<br \/>\nDie Vapour-Cool-Technologie tr\u00e4gt zu einer effizienteren W\u00e4rme- und Feuchtigkeitsableitung bei, wodurch die K\u00f6rpertemperatur w\u00e4hrend des gesamten Triathlons auf einem niedrigeren Niveau gehalten werden kann und mehr Energiereserven f\u00fcr die entscheidende Phase des Rennens zur Verf\u00fcgung stehen. Bei dieser neuen Version des Athlex kommen an den Seiten des Oberk\u00f6rpers noch leistungsf\u00e4higere Materialien zur W\u00e4rmeregulierung zum Einsatz.<br \/>\nDas 4 mm dicke italienische Tri-Tech-Sitzpolster mit einer Dichte von 120 kg\/m\u00b3 sorgt f\u00fcr Komfort auf der Radstrecke und ist dank seines ergonomischen Designs beim Laufen kaum zu sp\u00fcren.   <\/p>\n","protected":false},"featured_media":61678,"template":"","meta":[],"product_brand":[],"product_cat":[314],"product_tag":[],"class_list":{"0":"post-61761","1":"product","2":"type-product","3":"status-publish","4":"has-post-thumbnail","6":"product_cat-gear-de","7":"pa_brand-orca-de","8":"pa_size-xs-de","9":"pa_size-s-de","10":"pa_size-m-de","11":"pa_size-l-de","12":"pa_size-xl-de","14":"first","15":"instock","16":"shipping-taxable","17":"purchasable","18":"product-type-variable"},"_links":{"self":[{"href":"https:\/\/espacetriathlon.com\/de\/wp-json\/wp\/v2\/product\/61761","targetHints":{"allow":["GET"]}}],"collection":[{"href":"https:\/\/espacetriathlon.com\/de\/wp-json\/wp\/v2\/product"}],"about":[{"href":"https:\/\/espacetriathlon.com\/de\/wp-json\/wp\/v2\/types\/product"}],"version-history":[{"count":0,"href":"https:\/\/espacetriathlon.com\/de\/wp-json\/wp\/v2\/product\/61761\/revisions"}],"wp:featuredmedia":[{"embeddable":true,"href":"https:\/\/espacetriathlon.com\/de\/wp-json\/wp\/v2\/media\/61678"}],"wp:attachment":[{"href":"https:\/\/espacetriathlon.com\/de\/wp-json\/wp\/v2\/media?parent=61761"}],"wp:term":[{"taxonomy":"product_brand","embeddable":true,"href":"https:\/\/espacetriathlon.com\/de\/wp-json\/wp\/v2\/product_brand?post=61761"},{"taxonomy":"product_cat","embeddable":true,"href":"https:\/\/espacetriathlon.com\/de\/wp-json\/wp\/v2\/product_cat?post=61761"},{"taxonomy":"product_tag","embeddable":true,"href":"https:\/\/espacetriathlon.com\/de\/wp-json\/wp\/v2\/product_tag?post=61761"}],"curies":[{"name":"wp","href":"https:\/\/api.w.org\/{rel}","templated":true}]}}