{"id":61823,"date":"2026-02-24T09:32:40","date_gmt":"2026-02-24T09:32:40","guid":{"rendered":"https:\/\/espacetriathlon.com\/product\/apex-dream-kona-v2-silber-herren\/"},"modified":"2026-02-24T09:32:40","modified_gmt":"2026-02-24T09:32:40","slug":"apex-dream-kona-v2-silber-herren","status":"publish","type":"product","link":"https:\/\/espacetriathlon.com\/de\/product\/apex-dream-kona-v2-silber-herren\/","title":{"rendered":"Apex Dream Kona V2 Silber Herren"},"content":{"rendered":"<h3>Aerodynamik<\/h3>\n<p>Ausgiebige Tests haben zur Entwicklung unseres aerodynamischsten Trisuits gef\u00fchrt.<\/p>\n<h3>Elastizit\u00e4t<\/h3>\n<p>Die hochelastischen Stoffe und die fortschrittliche Schnittf\u00fchrung tragen dazu bei, dass sich der Trisuit perfekt an den K\u00f6rper des Triathleten anpasst, so dass Sie sich in allen drei Triathlonphasen v\u00f6llig uneingeschr\u00e4nkt f\u00fchlen&#8230;<\/p>\n<h3>Breathability<\/h3>\n<p>Die Vapour Cool Technologie, die im Gewebe der Brust und der Seitenbahnen verwendet wird, hilft, K\u00f6rperw\u00e4rme und Feuchtigkeit zu reduzieren. So k\u00f6nnen Sie die letzte Etappe des Rennens mit mehr Energie erreichen.   <\/p>\n<h3>Comfort<\/h3>\n<p>Das italienische Fahrradpolster aus \u00d6ko-Graphen, das exklusiv von Orca entwickelt wurde, tr\u00e4gt dazu bei, Hitze und Feuchtigkeit zu reduzieren und bietet Ihnen mehr Komfort auf dem Rad. Dank seines optimierten Designs f\u00fcr den Triathlon f\u00fchlen Sie sich au\u00dferdem beim Laufen v\u00f6llig uneingeschr\u00e4nkt. <\/p>\n","protected":false},"excerpt":{"rendered":"<p>Der Dream Kona V2 Trisuit ist das Ergebnis umfangreicher Tests, die in Labors, Windkan\u00e4len und bei Rennen durchgef\u00fchrt wurden.<br \/>\nDas italienische Gewebe an R\u00fccken, Schultern und \u00c4rmeln wurde speziell entwickelt, um die Reibung mit der Luft zu verringern und die Aerodynamik des Triathleten zu verbessern. Au\u00dferdem haben Tests gezeigt, dass die horizontalen Rillen im R\u00fccken und die vertikalen Rillen in den \u00c4rmeln bei 40 km\/h durchschnittlich 8 Watt einsparen.<br \/>\nDie Stoffe des Dream Kona V2 Trisuits verwenden die Vapour Cool Technologie, die hilft, K\u00f6rperw\u00e4rme und Feuchtigkeit effizienter abzuleiten. Zahlreiche Studien haben ergeben, dass ein Triathlet, der den Dream Kona V2 tr\u00e4gt, nach einer Stunde hochintensiven Trainings in einem Raum mit 21\u00baC im Durchschnitt eine um 2\u00baC niedrigere K\u00f6rpertemperatur hat als ein Triathlet, der herk\u00f6mmliche Stoffe tr\u00e4gt. Dies ist das Ergebnis des Silberfadens, aus dem der Stoff im Brustbereich und an den Seiten besteht und der ihn zu einem hocheffizienten Stoff f\u00fcr die Reduzierung der K\u00f6rperw\u00e4rme macht. Das ist es, was in der letzten Phase des Rennens den Unterschied ausmacht.     <\/p>\n","protected":false},"featured_media":61800,"template":"","meta":[],"product_brand":[],"product_cat":[314],"product_tag":[],"class_list":{"0":"post-61823","1":"product","2":"type-product","3":"status-publish","4":"has-post-thumbnail","6":"product_cat-gear-de","7":"pa_brand-orca-de","8":"pa_size-s-de","9":"pa_size-m-de","10":"pa_size-l-de","11":"pa_size-xl-de","13":"first","14":"instock","15":"shipping-taxable","16":"purchasable","17":"product-type-variable"},"_links":{"self":[{"href":"https:\/\/espacetriathlon.com\/de\/wp-json\/wp\/v2\/product\/61823","targetHints":{"allow":["GET"]}}],"collection":[{"href":"https:\/\/espacetriathlon.com\/de\/wp-json\/wp\/v2\/product"}],"about":[{"href":"https:\/\/espacetriathlon.com\/de\/wp-json\/wp\/v2\/types\/product"}],"version-history":[{"count":0,"href":"https:\/\/espacetriathlon.com\/de\/wp-json\/wp\/v2\/product\/61823\/revisions"}],"wp:featuredmedia":[{"embeddable":true,"href":"https:\/\/espacetriathlon.com\/de\/wp-json\/wp\/v2\/media\/61800"}],"wp:attachment":[{"href":"https:\/\/espacetriathlon.com\/de\/wp-json\/wp\/v2\/media?parent=61823"}],"wp:term":[{"taxonomy":"product_brand","embeddable":true,"href":"https:\/\/espacetriathlon.com\/de\/wp-json\/wp\/v2\/product_brand?post=61823"},{"taxonomy":"product_cat","embeddable":true,"href":"https:\/\/espacetriathlon.com\/de\/wp-json\/wp\/v2\/product_cat?post=61823"},{"taxonomy":"product_tag","embeddable":true,"href":"https:\/\/espacetriathlon.com\/de\/wp-json\/wp\/v2\/product_tag?post=61823"}],"curies":[{"name":"wp","href":"https:\/\/api.w.org\/{rel}","templated":true}]}}