{"id":6223,"date":"2021-03-10T15:22:31","date_gmt":"2021-03-10T15:22:31","guid":{"rendered":"https:\/\/espacetriathlon.com\/product\/women-core-openwater-high-visibility\/"},"modified":"2024-07-12T11:48:12","modified_gmt":"2024-07-12T11:48:12","slug":"women-core-openwater-high-visibility","status":"publish","type":"product","link":"https:\/\/espacetriathlon.com\/de\/product\/women-core-openwater-high-visibility\/","title":{"rendered":"Women Core Openwater High Visibility"},"content":{"rendered":"<p>\u201eHohe Sichtbarkeit<br \/>\nUm die Sicherheit im Wasser zu erh\u00f6hen, hat der Neoprenanzug ein auff\u00e4lliges orangefarbenes Design, mit dem Sie f\u00fcr Boote und andere Schwimmer und Schwimmerinnen sichtbar sind und jederzeit lokalisiert werden k\u00f6nnen.<br \/>\nFlexibilit\u00e4t<br \/>\nF\u00fcr mehr Flexibilit\u00e4t in allen Phasen des Schwimmzugs wurden das Neopren Yamamoto 39 und die 2-mm-Version des erstklassigen Infinityskin-Futters verwendet. Dieses Material hat eine hohe Elastizit\u00e4t, wodurch es an verschiedenen Stellen von Mittelklasse-Neoprenanz\u00fcgen eingesetzt werden kann. Bei diesem Material ist der n\u00f6tige Kraftaufwand zwischen 45% und 35% geringer als bei herk\u00f6mmlichem Neopren.<br \/>\nPassform<br \/>\nAn Rumpf und Beinen wird das Material Yamamoto 38 in seiner 2,5-mm-Version verwendet. Diese Technologie bietet eine gute W\u00e4rmeisolierung und sorgt daf\u00fcr, dass der Neoprenanzug optimal am K\u00f6rper des Schwimmers oder der Schwimmerin anliegt. Dadurch wird verhindert, dass er sich von der Haut l\u00f6st und Wasser in den Anzug flie\u00dft.<\/p>\n","protected":false},"excerpt":{"rendered":"<p>Der neue Openwater Core wurde speziell f\u00fcr das Schwimmen und Training im offenen Wasser entwickelt, um Ihnen ein H\u00f6chstma\u00df an Sicherheit zu gew\u00e4hrleisten. Dank seiner orangefarbenen Elemente verleiht er Ihnen maximale Sichtbarkeit. Dar\u00fcber hinaus bietet er Ihnen die W\u00e4rmeisolierung, die Sie ben\u00f6tigen, damit Ihre ideale K\u00f6rpertemperatur stets aufrechterhalten wird. Die Verwendung von 2 bis 2,5 mm dickem Yamamoto-Neopren gibt Ihnen eine gro\u00dfe Bewegungsfreiheit, sodass Sie l\u00e4nger auf angenehme Weise schwimmen k\u00f6nnen.<\/p>\n<p><a href=\"https:\/\/espacetriathlon.com\/de\/wahl-eines-neoprenanzugs\/\" target=\"_blank\" rel=\"noopener\">Brauchen Sie Hilfe bei der Auswahl Ihres Neoprenanzugs?<\/a><\/p>\n","protected":false},"featured_media":49512,"template":"","meta":[],"product_brand":[],"product_cat":[271],"product_tag":[],"class_list":{"0":"post-6223","1":"product","2":"type-product","3":"status-publish","4":"has-post-thumbnail","6":"product_cat-openwater-de","7":"pa_brand-orca-de","8":"pa_taille-orca-f-xs-144-160cm-46-53kg-de","9":"pa_taille-orca-f-s-157-167cm-54-61kg-de","10":"pa_taille-orca-f-m-165-177cm-60-67kg-de","11":"pa_taille-orca-f-l-170-185cm-66-74kg-de","12":"pa_taille-orca-f-xl-177-189cm-73-79kg-de","14":"first","15":"instock","16":"sale","17":"shipping-taxable","18":"purchasable","19":"product-type-variable"},"_links":{"self":[{"href":"https:\/\/espacetriathlon.com\/de\/wp-json\/wp\/v2\/product\/6223","targetHints":{"allow":["GET"]}}],"collection":[{"href":"https:\/\/espacetriathlon.com\/de\/wp-json\/wp\/v2\/product"}],"about":[{"href":"https:\/\/espacetriathlon.com\/de\/wp-json\/wp\/v2\/types\/product"}],"version-history":[{"count":2,"href":"https:\/\/espacetriathlon.com\/de\/wp-json\/wp\/v2\/product\/6223\/revisions"}],"predecessor-version":[{"id":36361,"href":"https:\/\/espacetriathlon.com\/de\/wp-json\/wp\/v2\/product\/6223\/revisions\/36361"}],"wp:featuredmedia":[{"embeddable":true,"href":"https:\/\/espacetriathlon.com\/de\/wp-json\/wp\/v2\/media\/49512"}],"wp:attachment":[{"href":"https:\/\/espacetriathlon.com\/de\/wp-json\/wp\/v2\/media?parent=6223"}],"wp:term":[{"taxonomy":"product_brand","embeddable":true,"href":"https:\/\/espacetriathlon.com\/de\/wp-json\/wp\/v2\/product_brand?post=6223"},{"taxonomy":"product_cat","embeddable":true,"href":"https:\/\/espacetriathlon.com\/de\/wp-json\/wp\/v2\/product_cat?post=6223"},{"taxonomy":"product_tag","embeddable":true,"href":"https:\/\/espacetriathlon.com\/de\/wp-json\/wp\/v2\/product_tag?post=6223"}],"curies":[{"name":"wp","href":"https:\/\/api.w.org\/{rel}","templated":true}]}}