{"id":62815,"date":"2026-03-13T16:37:36","date_gmt":"2026-03-13T16:37:36","guid":{"rendered":"https:\/\/espacetriathlon.com\/product\/agile-wetsuit-maenner\/"},"modified":"2026-03-13T16:37:36","modified_gmt":"2026-03-13T16:37:36","slug":"agile-wetsuit-maenner","status":"publish","type":"product","link":"https:\/\/espacetriathlon.com\/de\/product\/agile-wetsuit-maenner\/","title":{"rendered":"Agile Wetsuit M\u00e4nner"},"content":{"rendered":"<p>Bew\u00e4hrte Leistung. Vertrauen vom ersten Schlag an.  <\/p>\n<p>In unabh\u00e4ngigen Tests an der Loughborough University wurde untersucht, wie verschiedene Neoprenanzugdesigns die Schwimmleistung beeinflussen. In einer Fallstudie mit drei Athleten &#8211; Anf\u00e4nger, Fortgeschrittene und Profis &#8211; zeigte der Agile einen messbaren Zuwachs an Geschwindigkeit und Effizienz bei gleicher wahrgenommener Anstrengung.   <\/p>\n<p>Wichtigste Ergebnisse (Durchschnitt \u00fcber 3 Athleten)  <\/p>\n<p>+2,5 % schneller \u00fcber 750 m  <\/p>\n<p>+2,0 % Verbesserung der Hubeffizienz  <\/p>\n<p>-9 % Reduzierung der physiologischen Belastung (Blutlaktat)  <\/p>\n<p>Interpretation:<\/p>\n<p>Als Einstiegsanzug der Zone3-Reihe verbessert der Agile die K\u00f6rperposition und reduziert den Luftwiderstand &#8211; und hilft den Schwimmern, sich effizienter durch das Wasser zu bewegen. Die Ergebnisse, die im Durchschnitt von drei Athleten erzielt wurden, zeigen deutliche Leistungsvorteile bei gleichbleibendem Leistungsniveau.<br \/>\nZuversicht. Komfort. Bew\u00e4hrte Leistung    <\/p>\n","protected":false},"excerpt":{"rendered":"<p>Wenn Sie neu im Freiwasserschwimmen oder Triathlon sind, ist der Agile Neoprenanzug der Begleiter, den Sie brauchen, um Ihren K\u00f6rper warm zu halten, sich wohl zu f\u00fchlen und ihn in den Anf\u00e4ngen Ihrer Freiwasserreise zu unterst\u00fctzen.<\/p>\n","protected":false},"featured_media":62803,"template":"","meta":[],"product_brand":[],"product_cat":[1720,271],"product_tag":[],"class_list":{"0":"post-62815","1":"product","2":"type-product","3":"status-publish","4":"has-post-thumbnail","6":"product_cat-wetsuit-neopren-de-2","7":"product_cat-openwater-de","8":"pa_brand-zone3","10":"first","11":"instock","12":"shipping-taxable","13":"purchasable","14":"product-type-variable"},"_links":{"self":[{"href":"https:\/\/espacetriathlon.com\/de\/wp-json\/wp\/v2\/product\/62815","targetHints":{"allow":["GET"]}}],"collection":[{"href":"https:\/\/espacetriathlon.com\/de\/wp-json\/wp\/v2\/product"}],"about":[{"href":"https:\/\/espacetriathlon.com\/de\/wp-json\/wp\/v2\/types\/product"}],"version-history":[{"count":0,"href":"https:\/\/espacetriathlon.com\/de\/wp-json\/wp\/v2\/product\/62815\/revisions"}],"wp:featuredmedia":[{"embeddable":true,"href":"https:\/\/espacetriathlon.com\/de\/wp-json\/wp\/v2\/media\/62803"}],"wp:attachment":[{"href":"https:\/\/espacetriathlon.com\/de\/wp-json\/wp\/v2\/media?parent=62815"}],"wp:term":[{"taxonomy":"product_brand","embeddable":true,"href":"https:\/\/espacetriathlon.com\/de\/wp-json\/wp\/v2\/product_brand?post=62815"},{"taxonomy":"product_cat","embeddable":true,"href":"https:\/\/espacetriathlon.com\/de\/wp-json\/wp\/v2\/product_cat?post=62815"},{"taxonomy":"product_tag","embeddable":true,"href":"https:\/\/espacetriathlon.com\/de\/wp-json\/wp\/v2\/product_tag?post=62815"}],"curies":[{"name":"wp","href":"https:\/\/api.w.org\/{rel}","templated":true}]}}